{"id":168863,"date":"2025-02-23T14:04:18","date_gmt":"2025-02-23T14:04:18","guid":{"rendered":"https:\/\/nexgendecors.com\/en\/product\/hotel-guesthouse-bedding-bed-end-towel-bed-flag-table-flag-hotel-pillowcase-bed-cover-high-end-european-chinese-style\/"},"modified":"2025-04-06T10:03:07","modified_gmt":"2025-04-06T10:03:07","slug":"hotel-guesthouse-bedding-bed-end-towel-bed-flag-table-flag-hotel-pillowcase-bed-cover-high-end-european-chinese-style","status":"publish","type":"product","link":"https:\/\/nexgendecors.com\/fr\/product\/hotel-guesthouse-bedding-bed-end-towel-bed-flag-table-flag-hotel-pillowcase-bed-cover-high-end-european-chinese-style\/","title":{"rendered":"Hotel guesthouse bedding bed end towel bed flag table flag hotel pillowcase bed cover high-end European Chinese style"},"content":{"rendered":"<p><b>Mat\u00e9riel<\/b>: Polyester<\/p>\n<p><b>style<\/b>: Moderne et simple<\/p>\n<p><b>Personnalisation du traitement<\/b>: Oui<\/p>\n<p><b>Impression du LOGO<\/b>: Peut<\/p>\n<p><b>marque<\/b>: Clouds<\/p>\n<p><b>mod\u00e8le<\/b>: landscape<\/p>\n<p><b>Product Grade<\/b>: First-class products<\/p>\n<p><b>couleur<\/b>: Green frame, blue frame, gray frame, Hermes orange frame, gray frame, wine red frame, Jiangshan green, Jiangshan wine red, Jiangshan blue, Jiangshan gray, Jiangshan gray, wine red line, gray line, gray line, blue line, orange line, green line, orange Jiangshan<\/p>\n<p><b>taille<\/b>: Pillowcase 50*50cm, pillowcase 50*50cm + inner core brushed cloth high elastic cotton, bed towel 50*180cm 1.2*2m bed, bed towel 50*210cm 1.5*2m bed, bed towel 50*240cm 1.8*2m bed, bed towel 50*260cm 2*2m bed, single pillow inner core 50*50cm*700g<\/p>\n<p><b>Principales plateformes aval<\/b>: ebay, Amazon, wish, AliExpress, independent station, LAZADA<\/p>\n<p><b>Principaux domaines de vente<\/b>: Africa,Europe,South America,Southeast Asia,North America,Northeast Asia,Middle East,Other<\/p>\n<p><b>Avoir une marque priv\u00e9e sous licence<\/b>: Oui<\/p>\n<p><b>Qu&#039;il s&#039;agisse d&#039;une source d\u00e9di\u00e9e de marchandises destin\u00e9es \u00e0 l&#039;exportation transfrontali\u00e8re<\/b>: Oui<\/p>\n<p><b>S&#039;agit-il d&#039;un contribuable g\u00e9n\u00e9ral ?<\/b>: Non<\/p>","protected":false},"excerpt":{"rendered":"<p>Mati\u00e8re : Polyester Style : Moderne et simple Personnalisation du traitement : oui Impression LOGO : marque Can : Nuages motif : paysage Qualit\u00e9 du produit : Produits de premi\u00e8re classe<\/p>","protected":false},"featured_media":168862,"comment_status":"open","ping_status":"closed","template":"","meta":[],"product_brand":[],"product_cat":[30926,30951,30955,30954,30953],"product_tag":[],"class_list":{"0":"post-168863","1":"product","2":"type-product","3":"status-publish","4":"has-post-thumbnail","6":"product_cat-bedding","7":"product_cat-hotel-bedding","8":"product_cat-hotel-coverlet","9":"product_cat-hotel-pillows-and-covers","10":"product_cat-hotel-sheet-linen","12":"first","13":"instock","14":"taxable","15":"shipping-taxable","16":"purchasable","17":"product-type-variable"},"_links":{"self":[{"href":"https:\/\/nexgendecors.com\/fr\/wp-json\/wp\/v2\/product\/168863","targetHints":{"allow":["GET"]}}],"collection":[{"href":"https:\/\/nexgendecors.com\/fr\/wp-json\/wp\/v2\/product"}],"about":[{"href":"https:\/\/nexgendecors.com\/fr\/wp-json\/wp\/v2\/types\/product"}],"replies":[{"embeddable":true,"href":"https:\/\/nexgendecors.com\/fr\/wp-json\/wp\/v2\/comments?post=168863"}],"version-history":[{"count":0,"href":"https:\/\/nexgendecors.com\/fr\/wp-json\/wp\/v2\/product\/168863\/revisions"}],"wp:featuredmedia":[{"embeddable":true,"href":"https:\/\/nexgendecors.com\/fr\/wp-json\/wp\/v2\/media\/168862"}],"wp:attachment":[{"href":"https:\/\/nexgendecors.com\/fr\/wp-json\/wp\/v2\/media?parent=168863"}],"wp:term":[{"taxonomy":"product_brand","embeddable":true,"href":"https:\/\/nexgendecors.com\/fr\/wp-json\/wp\/v2\/product_brand?post=168863"},{"taxonomy":"product_cat","embeddable":true,"href":"https:\/\/nexgendecors.com\/fr\/wp-json\/wp\/v2\/product_cat?post=168863"},{"taxonomy":"product_tag","embeddable":true,"href":"https:\/\/nexgendecors.com\/fr\/wp-json\/wp\/v2\/product_tag?post=168863"}],"curies":[{"name":"wp","href":"https:\/\/api.w.org\/{rel}","templated":true}]}}