{"id":169442,"date":"2025-02-24T06:00:18","date_gmt":"2025-02-24T06:00:18","guid":{"rendered":"https:\/\/nexgendecors.com\/en\/product\/customized-cotton-pillows-for-five-star-hotels-bed-and-breakfasts-hotels-pillows-fiber-pillows-high-rebound-feather-velvet-pillows\/"},"modified":"2025-04-06T10:03:32","modified_gmt":"2025-04-06T10:03:32","slug":"customized-cotton-pillows-for-five-star-hotels-bed-and-breakfasts-hotels-pillows-fiber-pillows-high-rebound-feather-velvet-pillows","status":"publish","type":"product","link":"https:\/\/nexgendecors.com\/fr\/product\/customized-cotton-pillows-for-five-star-hotels-bed-and-breakfasts-hotels-pillows-fiber-pillows-high-rebound-feather-velvet-pillows\/","title":{"rendered":"Oreillers en coton personnalis\u00e9s pour h\u00f4tels cinq \u00e9toiles, chambres d'h\u00f4tes, h\u00f4tels, oreillers, oreillers en fibre, oreillers en velours de plumes \u00e0 haut rebondissement"},"content":{"rendered":"","protected":false},"excerpt":{"rendered":"","protected":false},"featured_media":169441,"comment_status":"open","ping_status":"closed","template":"","meta":[],"product_brand":[],"product_cat":[30951,30954],"product_tag":[],"class_list":{"0":"post-169442","1":"product","2":"type-product","3":"status-publish","4":"has-post-thumbnail","6":"product_cat-hotel-bedding","7":"product_cat-hotel-pillows-and-covers","9":"first","10":"instock","11":"taxable","12":"shipping-taxable","13":"purchasable","14":"product-type-simple"},"_links":{"self":[{"href":"https:\/\/nexgendecors.com\/fr\/wp-json\/wp\/v2\/product\/169442","targetHints":{"allow":["GET"]}}],"collection":[{"href":"https:\/\/nexgendecors.com\/fr\/wp-json\/wp\/v2\/product"}],"about":[{"href":"https:\/\/nexgendecors.com\/fr\/wp-json\/wp\/v2\/types\/product"}],"replies":[{"embeddable":true,"href":"https:\/\/nexgendecors.com\/fr\/wp-json\/wp\/v2\/comments?post=169442"}],"version-history":[{"count":0,"href":"https:\/\/nexgendecors.com\/fr\/wp-json\/wp\/v2\/product\/169442\/revisions"}],"wp:featuredmedia":[{"embeddable":true,"href":"https:\/\/nexgendecors.com\/fr\/wp-json\/wp\/v2\/media\/169441"}],"wp:attachment":[{"href":"https:\/\/nexgendecors.com\/fr\/wp-json\/wp\/v2\/media?parent=169442"}],"wp:term":[{"taxonomy":"product_brand","embeddable":true,"href":"https:\/\/nexgendecors.com\/fr\/wp-json\/wp\/v2\/product_brand?post=169442"},{"taxonomy":"product_cat","embeddable":true,"href":"https:\/\/nexgendecors.com\/fr\/wp-json\/wp\/v2\/product_cat?post=169442"},{"taxonomy":"product_tag","embeddable":true,"href":"https:\/\/nexgendecors.com\/fr\/wp-json\/wp\/v2\/product_tag?post=169442"}],"curies":[{"name":"wp","href":"https:\/\/api.w.org\/{rel}","templated":true}]}}