{"id":169505,"date":"2025-02-24T06:09:17","date_gmt":"2025-02-24T06:09:17","guid":{"rendered":"https:\/\/nexgendecors.com\/en\/product\/household-independent-spring-mattress-latex-bag-20cm-soft-and-thick-lobby-hotel-homestay-student-simmons\/"},"modified":"2025-04-06T10:03:50","modified_gmt":"2025-04-06T10:03:50","slug":"household-independent-spring-mattress-latex-bag-20cm-soft-and-thick-lobby-hotel-homestay-student-simmons","status":"publish","type":"product","link":"https:\/\/nexgendecors.com\/fr\/product\/household-independent-spring-mattress-latex-bag-20cm-soft-and-thick-lobby-hotel-homestay-student-simmons\/","title":{"rendered":"Matelas \u00e0 ressorts ind\u00e9pendant en latex 20cm doux et \u00e9pais lobby h\u00f4tel homestay \u00e9tudiant Simmons"},"content":{"rendered":"","protected":false},"excerpt":{"rendered":"","protected":false},"featured_media":169504,"comment_status":"open","ping_status":"closed","template":"","meta":[],"product_brand":[],"product_cat":[30926,30951,30957],"product_tag":[],"class_list":{"0":"post-169505","1":"product","2":"type-product","3":"status-publish","4":"has-post-thumbnail","6":"product_cat-bedding","7":"product_cat-hotel-bedding","8":"product_cat-hotel-mattress-set","10":"first","11":"instock","12":"taxable","13":"shipping-taxable","14":"purchasable","15":"product-type-simple"},"_links":{"self":[{"href":"https:\/\/nexgendecors.com\/fr\/wp-json\/wp\/v2\/product\/169505","targetHints":{"allow":["GET"]}}],"collection":[{"href":"https:\/\/nexgendecors.com\/fr\/wp-json\/wp\/v2\/product"}],"about":[{"href":"https:\/\/nexgendecors.com\/fr\/wp-json\/wp\/v2\/types\/product"}],"replies":[{"embeddable":true,"href":"https:\/\/nexgendecors.com\/fr\/wp-json\/wp\/v2\/comments?post=169505"}],"version-history":[{"count":0,"href":"https:\/\/nexgendecors.com\/fr\/wp-json\/wp\/v2\/product\/169505\/revisions"}],"wp:featuredmedia":[{"embeddable":true,"href":"https:\/\/nexgendecors.com\/fr\/wp-json\/wp\/v2\/media\/169504"}],"wp:attachment":[{"href":"https:\/\/nexgendecors.com\/fr\/wp-json\/wp\/v2\/media?parent=169505"}],"wp:term":[{"taxonomy":"product_brand","embeddable":true,"href":"https:\/\/nexgendecors.com\/fr\/wp-json\/wp\/v2\/product_brand?post=169505"},{"taxonomy":"product_cat","embeddable":true,"href":"https:\/\/nexgendecors.com\/fr\/wp-json\/wp\/v2\/product_cat?post=169505"},{"taxonomy":"product_tag","embeddable":true,"href":"https:\/\/nexgendecors.com\/fr\/wp-json\/wp\/v2\/product_tag?post=169505"}],"curies":[{"name":"wp","href":"https:\/\/api.w.org\/{rel}","templated":true}]}}