{"id":169620,"date":"2025-02-24T06:29:04","date_gmt":"2025-02-24T06:29:04","guid":{"rendered":"https:\/\/nexgendecors.com\/en\/product\/hotel-hotel-cotton-velvet-terry-cloth-bathrobe-thick-pure-cotton-soft-absorbent-long-robe-wholesale-custom\/"},"modified":"2025-04-06T10:04:14","modified_gmt":"2025-04-06T10:04:14","slug":"hotel-hotel-cotton-velvet-terry-cloth-bathrobe-thick-pure-cotton-soft-absorbent-long-robe-wholesale-custom","status":"publish","type":"product","link":"https:\/\/nexgendecors.com\/fr\/product\/hotel-hotel-cotton-velvet-terry-cloth-bathrobe-thick-pure-cotton-soft-absorbent-long-robe-wholesale-custom\/","title":{"rendered":"Peignoir de bain en coton et velours \u00e9ponge pour h\u00f4tel, \u00e9pais, pur coton, doux et absorbant, long, vente en gros, personnalis\u00e9"},"content":{"rendered":"<p><b>marque<\/b>: Micro Rhythm<\/p>\n<p><b>Mat\u00e9riel<\/b>: cotton<\/p>\n<p><b>Poids<\/b>: 1000g,1200g<\/p>\n<p><b>Yarn Technology<\/b>: Combed yarn<\/p>\n<p><b>Production process<\/b>: Hemming<\/p>\n<p><b>Num\u00e9ro de pi\u00e8ce<\/b>: nxyp006<\/p>\n<p><b>Personnalisation du traitement<\/b>: Oui<\/p>\n<p><b>Impression du LOGO<\/b>: Peut<\/p>\n<p><b>Target Group<\/b>: G\u00e9n\u00e9ral<\/p>\n<p><b>taille<\/b>: L<\/p>\n<p><b>Specifications length*width cm<\/b>: Kimono collar 1000g, Kimono collar 1200g, Green fruit collar 1200g<\/p>\n<p><b>couleur<\/b>: Blanc<\/p>\n<p><b>Principales plateformes aval<\/b>: Amazon, AliExpress<\/p>\n<p><b>Principaux domaines de vente<\/b>: Europe, North America<\/p>\n<p><b>Avoir une marque priv\u00e9e sous licence<\/b>: Non<\/p>\n<p><b>Qu&#039;il s&#039;agisse d&#039;une source d\u00e9di\u00e9e de marchandises destin\u00e9es \u00e0 l&#039;exportation transfrontali\u00e8re<\/b>: Oui<\/p>\n<p><b>S&#039;agit-il d&#039;un contribuable g\u00e9n\u00e9ral ?<\/b>: Oui<\/p>","protected":false},"excerpt":{"rendered":"<p>Marque : Micro Rhythm Mati\u00e8re : coton Poids : 1000 g, 1200 g Technologie du fil : fil peign\u00e9 Processus de production : ourlet Num\u00e9ro de pi\u00e8ce : nxyp006 Personnalisation du traitement : oui<\/p>","protected":false},"featured_media":169619,"comment_status":"open","ping_status":"closed","template":"","meta":[],"product_brand":[],"product_cat":[30927,30941],"product_tag":[],"class_list":{"0":"post-169620","1":"product","2":"type-product","3":"status-publish","4":"has-post-thumbnail","6":"product_cat-bath","7":"product_cat-hotel-robes-slippers","9":"first","10":"instock","11":"taxable","12":"shipping-taxable","13":"purchasable","14":"product-type-variable"},"_links":{"self":[{"href":"https:\/\/nexgendecors.com\/fr\/wp-json\/wp\/v2\/product\/169620","targetHints":{"allow":["GET"]}}],"collection":[{"href":"https:\/\/nexgendecors.com\/fr\/wp-json\/wp\/v2\/product"}],"about":[{"href":"https:\/\/nexgendecors.com\/fr\/wp-json\/wp\/v2\/types\/product"}],"replies":[{"embeddable":true,"href":"https:\/\/nexgendecors.com\/fr\/wp-json\/wp\/v2\/comments?post=169620"}],"version-history":[{"count":0,"href":"https:\/\/nexgendecors.com\/fr\/wp-json\/wp\/v2\/product\/169620\/revisions"}],"wp:featuredmedia":[{"embeddable":true,"href":"https:\/\/nexgendecors.com\/fr\/wp-json\/wp\/v2\/media\/169619"}],"wp:attachment":[{"href":"https:\/\/nexgendecors.com\/fr\/wp-json\/wp\/v2\/media?parent=169620"}],"wp:term":[{"taxonomy":"product_brand","embeddable":true,"href":"https:\/\/nexgendecors.com\/fr\/wp-json\/wp\/v2\/product_brand?post=169620"},{"taxonomy":"product_cat","embeddable":true,"href":"https:\/\/nexgendecors.com\/fr\/wp-json\/wp\/v2\/product_cat?post=169620"},{"taxonomy":"product_tag","embeddable":true,"href":"https:\/\/nexgendecors.com\/fr\/wp-json\/wp\/v2\/product_tag?post=169620"}],"curies":[{"name":"wp","href":"https:\/\/api.w.org\/{rel}","templated":true}]}}