{"id":169716,"date":"2025-02-24T06:32:11","date_gmt":"2025-02-24T06:32:11","guid":{"rendered":"https:\/\/nexgendecors.com\/en\/product\/disposable-soap-for-guest-rooms-in-hotels-and-bbs-disposable-small-soap-six-piece-set-small-soap-wholesale\/"},"modified":"2025-04-06T10:04:23","modified_gmt":"2025-04-06T10:04:23","slug":"disposable-soap-for-guest-rooms-in-hotels-and-bbs-disposable-small-soap-six-piece-set-small-soap-wholesale","status":"publish","type":"product","link":"https:\/\/nexgendecors.com\/fr\/product\/disposable-soap-for-guest-rooms-in-hotels-and-bbs-disposable-small-soap-six-piece-set-small-soap-wholesale\/","title":{"rendered":"Savon jetable pour chambres d'h\u00f4tes dans les h\u00f4tels et B&amp;B Petit savon jetable, set de six pi\u00e8ces Petit savon en gros"},"content":{"rendered":"","protected":false},"excerpt":{"rendered":"","protected":false},"featured_media":169715,"comment_status":"open","ping_status":"closed","template":"","meta":[],"product_brand":[],"product_cat":[30927,30939],"product_tag":[],"class_list":{"0":"post-169716","1":"product","2":"type-product","3":"status-publish","4":"has-post-thumbnail","6":"product_cat-bath","7":"product_cat-hotel-soaps-amenities","9":"first","10":"instock","11":"taxable","12":"shipping-taxable","13":"purchasable","14":"product-type-simple"},"_links":{"self":[{"href":"https:\/\/nexgendecors.com\/fr\/wp-json\/wp\/v2\/product\/169716","targetHints":{"allow":["GET"]}}],"collection":[{"href":"https:\/\/nexgendecors.com\/fr\/wp-json\/wp\/v2\/product"}],"about":[{"href":"https:\/\/nexgendecors.com\/fr\/wp-json\/wp\/v2\/types\/product"}],"replies":[{"embeddable":true,"href":"https:\/\/nexgendecors.com\/fr\/wp-json\/wp\/v2\/comments?post=169716"}],"version-history":[{"count":0,"href":"https:\/\/nexgendecors.com\/fr\/wp-json\/wp\/v2\/product\/169716\/revisions"}],"wp:featuredmedia":[{"embeddable":true,"href":"https:\/\/nexgendecors.com\/fr\/wp-json\/wp\/v2\/media\/169715"}],"wp:attachment":[{"href":"https:\/\/nexgendecors.com\/fr\/wp-json\/wp\/v2\/media?parent=169716"}],"wp:term":[{"taxonomy":"product_brand","embeddable":true,"href":"https:\/\/nexgendecors.com\/fr\/wp-json\/wp\/v2\/product_brand?post=169716"},{"taxonomy":"product_cat","embeddable":true,"href":"https:\/\/nexgendecors.com\/fr\/wp-json\/wp\/v2\/product_cat?post=169716"},{"taxonomy":"product_tag","embeddable":true,"href":"https:\/\/nexgendecors.com\/fr\/wp-json\/wp\/v2\/product_tag?post=169716"}],"curies":[{"name":"wp","href":"https:\/\/api.w.org\/{rel}","templated":true}]}}