{"id":169962,"date":"2025-02-24T06:53:19","date_gmt":"2025-02-24T06:53:19","guid":{"rendered":"https:\/\/nexgendecors.com\/en\/product\/customized-kitchen-paper-towels-thickened-kitchen-paper-custom-made-decontamination-and-oil-absorption-kitchen-paper-towels-kitchen-paper-factory-wholesale\/"},"modified":"2025-04-06T10:04:54","modified_gmt":"2025-04-06T10:04:54","slug":"customized-kitchen-paper-towels-thickened-kitchen-paper-custom-made-decontamination-and-oil-absorption-kitchen-paper-towels-kitchen-paper-factory-wholesale","status":"publish","type":"product","link":"https:\/\/nexgendecors.com\/fr\/product\/customized-kitchen-paper-towels-thickened-kitchen-paper-custom-made-decontamination-and-oil-absorption-kitchen-paper-towels-kitchen-paper-factory-wholesale\/","title":{"rendered":"Essuie-tout personnalis\u00e9, essuie-tout \u00e9pais, essuie-tout de d\u00e9contamination et d'absorption d'huile sur mesure, usine de papier de cuisine en gros"},"content":{"rendered":"<p><b>marque<\/b>: Qixing<\/p>\n<p><b>Import\u00e9 ou non<\/b>: Non<\/p>\n<p><b>mod\u00e8le<\/b>: Qixing kitchen paper customization<\/p>\n<p><b>Mat\u00e9riel<\/b>: Virgin wood pulp<\/p>\n<p><b>Cat\u00e9gories de produits<\/b>: Oil absorbing paper<\/p>\n<p><b>Personnalisation du traitement<\/b>: Oui<\/p>\n<p><b>Dur\u00e9e de conservation<\/b>: 3 years<\/p>\n<p><b>Number of sheets<\/b>: Customizable<\/p>\n<p><b>Paper Grade<\/b>: Qualified products<\/p>\n<p><b>poids<\/b>: Customizable<\/p>\n<p><b>Packing Specifications<\/b>: Customizable<\/p>\n<p><b>Num\u00e9ro de pi\u00e8ce<\/b>: Kitchen paper<\/p>\n<p><b>Is it a bulk package?<\/b>: Oui<\/p>\n<p><b>Principales plateformes aval<\/b>: ebay, amazon, wish, aliexpress, independent station, lazada, others<\/p>\n<p><b>Principaux domaines de vente<\/b>: Africa,Europe,South America,Southeast Asia,North America,Northeast Asia,Middle East,Other<\/p>\n<p><b>Avoir une marque priv\u00e9e sous licence<\/b>: Oui<\/p>\n<p><b>Qu&#039;il s&#039;agisse d&#039;une source d\u00e9di\u00e9e de marchandises destin\u00e9es \u00e0 l&#039;exportation transfrontali\u00e8re<\/b>: Oui<\/p>\n<p><b>trier par couleur<\/b>: This is a custom link, not in stock, please consult customer service for details, 21*20cm*65 sections, 21*20cm*70 sections, 21*20cm*75 sections, 25*20cm*65 sections, 25*20cm*70 sections, 25*20cm*75 sections, other specifications consult customer service<\/p>\n<p><b>taille<\/b>: Customizable<\/p>\n<p><b>couleur<\/b>: Customizable<\/p>\n<p><b>Export<\/b>: Peut<\/p>","protected":false},"excerpt":{"rendered":"<p>marque : Qixing Import\u00e9 ou non : non Mod\u00e8le : Qixing kitchen paper customization Mat\u00e9riau : P\u00e2te de bois vierge Cat\u00e9gories de produits : Papier absorbant l'huile<\/p>","protected":false},"featured_media":169961,"comment_status":"open","ping_status":"closed","template":"","meta":[],"product_brand":[],"product_cat":[30927,30938],"product_tag":[],"class_list":{"0":"post-169962","1":"product","2":"type-product","3":"status-publish","4":"has-post-thumbnail","6":"product_cat-bath","7":"product_cat-paper-products","9":"first","10":"instock","11":"taxable","12":"shipping-taxable","13":"purchasable","14":"product-type-variable"},"_links":{"self":[{"href":"https:\/\/nexgendecors.com\/fr\/wp-json\/wp\/v2\/product\/169962","targetHints":{"allow":["GET"]}}],"collection":[{"href":"https:\/\/nexgendecors.com\/fr\/wp-json\/wp\/v2\/product"}],"about":[{"href":"https:\/\/nexgendecors.com\/fr\/wp-json\/wp\/v2\/types\/product"}],"replies":[{"embeddable":true,"href":"https:\/\/nexgendecors.com\/fr\/wp-json\/wp\/v2\/comments?post=169962"}],"version-history":[{"count":0,"href":"https:\/\/nexgendecors.com\/fr\/wp-json\/wp\/v2\/product\/169962\/revisions"}],"wp:featuredmedia":[{"embeddable":true,"href":"https:\/\/nexgendecors.com\/fr\/wp-json\/wp\/v2\/media\/169961"}],"wp:attachment":[{"href":"https:\/\/nexgendecors.com\/fr\/wp-json\/wp\/v2\/media?parent=169962"}],"wp:term":[{"taxonomy":"product_brand","embeddable":true,"href":"https:\/\/nexgendecors.com\/fr\/wp-json\/wp\/v2\/product_brand?post=169962"},{"taxonomy":"product_cat","embeddable":true,"href":"https:\/\/nexgendecors.com\/fr\/wp-json\/wp\/v2\/product_cat?post=169962"},{"taxonomy":"product_tag","embeddable":true,"href":"https:\/\/nexgendecors.com\/fr\/wp-json\/wp\/v2\/product_tag?post=169962"}],"curies":[{"name":"wp","href":"https:\/\/api.w.org\/{rel}","templated":true}]}}