{"id":169984,"date":"2025-02-24T06:58:38","date_gmt":"2025-02-24T06:58:38","guid":{"rendered":"https:\/\/nexgendecors.com\/en\/product\/customized-apartment-hotel-drip-soap-dispenser-wall-mounted-soap-dispenser-hand-soap-dispenser-push-type-shower-gel-storage-box\/"},"modified":"2025-04-06T10:04:59","modified_gmt":"2025-04-06T10:04:59","slug":"customized-apartment-hotel-drip-soap-dispenser-wall-mounted-soap-dispenser-hand-soap-dispenser-push-type-shower-gel-storage-box","status":"publish","type":"product","link":"https:\/\/nexgendecors.com\/fr\/product\/customized-apartment-hotel-drip-soap-dispenser-wall-mounted-soap-dispenser-hand-soap-dispenser-push-type-shower-gel-storage-box\/","title":{"rendered":"Distributeur de savon goutte \u00e0 goutte personnalis\u00e9 pour h\u00f4tel d&#039;appartement, distributeur de savon mural, distributeur de savon pour les mains, bo\u00eete de rangement de gel douche \u00e0 poussoir"},"content":{"rendered":"<p><b>Mat\u00e9riel<\/b>: ABS+GPPS+PP<\/p>\n<p><b>Certification<\/b>: aucun<\/p>\n<p><b>S&#039;agit-il d&#039;un contribuable g\u00e9n\u00e9ral ?<\/b>: Non<\/p>\n<p><b>Num\u00e9ro de pi\u00e8ce<\/b>: AH-68,AH-68-2<\/p>\n<p><b>marque<\/b>: autre<\/p>\n<p><b>Sp\u00e9cification<\/b>: Black, Black double-headed, Silver, Silver double-headed, White single-headed, White double-headed, Gold, Gold double-headed, Electroplated single-headed, Electroplated double-headed<\/p>\n<p><b>poids<\/b>: 180g<\/p>\n<p><b>Treatment process<\/b>: Electroplating spray paint<\/p>\n<p><b>Qu&#039;il s&#039;agisse d&#039;une source d\u00e9di\u00e9e de marchandises destin\u00e9es \u00e0 l&#039;exportation transfrontali\u00e8re<\/b>: Non<\/p>\n<p><b>style<\/b>: Moderne et simple<\/p>\n<p><b>Fonction<\/b>: Hand press<\/p>","protected":false},"excerpt":{"rendered":"<p>Mat\u00e9riau : ABS+GPPS+PP Certification : aucune S&#039;agit-il d&#039;un contribuable g\u00e9n\u00e9ral ? : non Num\u00e9ro de pi\u00e8ce : AH-68,AH-68-2 Marque : autre Sp\u00e9cification : Noir, Noir \u00e0 double t\u00eate, Argent,<\/p>","protected":false},"featured_media":169983,"comment_status":"open","ping_status":"closed","template":"","meta":[],"product_brand":[],"product_cat":[30927,30940],"product_tag":[],"class_list":{"0":"post-169984","1":"product","2":"type-product","3":"status-publish","4":"has-post-thumbnail","6":"product_cat-bath","7":"product_cat-hotel-shower-dispensers-liquid","9":"first","10":"instock","11":"taxable","12":"shipping-taxable","13":"purchasable","14":"product-type-variable"},"_links":{"self":[{"href":"https:\/\/nexgendecors.com\/fr\/wp-json\/wp\/v2\/product\/169984","targetHints":{"allow":["GET"]}}],"collection":[{"href":"https:\/\/nexgendecors.com\/fr\/wp-json\/wp\/v2\/product"}],"about":[{"href":"https:\/\/nexgendecors.com\/fr\/wp-json\/wp\/v2\/types\/product"}],"replies":[{"embeddable":true,"href":"https:\/\/nexgendecors.com\/fr\/wp-json\/wp\/v2\/comments?post=169984"}],"version-history":[{"count":0,"href":"https:\/\/nexgendecors.com\/fr\/wp-json\/wp\/v2\/product\/169984\/revisions"}],"wp:featuredmedia":[{"embeddable":true,"href":"https:\/\/nexgendecors.com\/fr\/wp-json\/wp\/v2\/media\/169983"}],"wp:attachment":[{"href":"https:\/\/nexgendecors.com\/fr\/wp-json\/wp\/v2\/media?parent=169984"}],"wp:term":[{"taxonomy":"product_brand","embeddable":true,"href":"https:\/\/nexgendecors.com\/fr\/wp-json\/wp\/v2\/product_brand?post=169984"},{"taxonomy":"product_cat","embeddable":true,"href":"https:\/\/nexgendecors.com\/fr\/wp-json\/wp\/v2\/product_cat?post=169984"},{"taxonomy":"product_tag","embeddable":true,"href":"https:\/\/nexgendecors.com\/fr\/wp-json\/wp\/v2\/product_tag?post=169984"}],"curies":[{"name":"wp","href":"https:\/\/api.w.org\/{rel}","templated":true}]}}