{"id":170005,"date":"2025-02-24T06:59:03","date_gmt":"2025-02-24T06:59:03","guid":{"rendered":"https:\/\/nexgendecors.com\/en\/product\/manual-soap-dispenser-lever-soap-dispenser-e-commerce-hotel-bathroom-wall-mounted-soap-dispenser-soap-dispenser\/"},"modified":"2025-04-06T10:05:01","modified_gmt":"2025-04-06T10:05:01","slug":"manual-soap-dispenser-lever-soap-dispenser-e-commerce-hotel-bathroom-wall-mounted-soap-dispenser-soap-dispenser","status":"publish","type":"product","link":"https:\/\/nexgendecors.com\/fr\/product\/manual-soap-dispenser-lever-soap-dispenser-e-commerce-hotel-bathroom-wall-mounted-soap-dispenser-soap-dispenser\/","title":{"rendered":"Distributeur de savon manuel \u00e0 levier, distributeur de savon mural pour salle de bain d&#039;h\u00f4tel, commerce \u00e9lectronique"},"content":{"rendered":"","protected":false},"excerpt":{"rendered":"","protected":false},"featured_media":170004,"comment_status":"open","ping_status":"closed","template":"","meta":[],"product_brand":[],"product_cat":[30927,30940],"product_tag":[],"class_list":{"0":"post-170005","1":"product","2":"type-product","3":"status-publish","4":"has-post-thumbnail","6":"product_cat-bath","7":"product_cat-hotel-shower-dispensers-liquid","9":"first","10":"instock","11":"taxable","12":"shipping-taxable","13":"purchasable","14":"product-type-simple"},"_links":{"self":[{"href":"https:\/\/nexgendecors.com\/fr\/wp-json\/wp\/v2\/product\/170005","targetHints":{"allow":["GET"]}}],"collection":[{"href":"https:\/\/nexgendecors.com\/fr\/wp-json\/wp\/v2\/product"}],"about":[{"href":"https:\/\/nexgendecors.com\/fr\/wp-json\/wp\/v2\/types\/product"}],"replies":[{"embeddable":true,"href":"https:\/\/nexgendecors.com\/fr\/wp-json\/wp\/v2\/comments?post=170005"}],"version-history":[{"count":0,"href":"https:\/\/nexgendecors.com\/fr\/wp-json\/wp\/v2\/product\/170005\/revisions"}],"wp:featuredmedia":[{"embeddable":true,"href":"https:\/\/nexgendecors.com\/fr\/wp-json\/wp\/v2\/media\/170004"}],"wp:attachment":[{"href":"https:\/\/nexgendecors.com\/fr\/wp-json\/wp\/v2\/media?parent=170005"}],"wp:term":[{"taxonomy":"product_brand","embeddable":true,"href":"https:\/\/nexgendecors.com\/fr\/wp-json\/wp\/v2\/product_brand?post=170005"},{"taxonomy":"product_cat","embeddable":true,"href":"https:\/\/nexgendecors.com\/fr\/wp-json\/wp\/v2\/product_cat?post=170005"},{"taxonomy":"product_tag","embeddable":true,"href":"https:\/\/nexgendecors.com\/fr\/wp-json\/wp\/v2\/product_tag?post=170005"}],"curies":[{"name":"wp","href":"https:\/\/api.w.org\/{rel}","templated":true}]}}