{"id":170047,"date":"2025-02-24T12:38:21","date_gmt":"2025-02-24T12:38:21","guid":{"rendered":"https:\/\/nexgendecors.com\/en\/product\/vertical-relief-mug-ceramic-coffee-cup-home-tea-cup-milk-cup-office-water-cup-breakfast-cup-slight-flaw\/"},"modified":"2025-04-06T10:05:08","modified_gmt":"2025-04-06T10:05:08","slug":"vertical-relief-mug-ceramic-coffee-cup-home-tea-cup-milk-cup-office-water-cup-breakfast-cup-slight-flaw","status":"publish","type":"product","link":"https:\/\/nexgendecors.com\/fr\/product\/vertical-relief-mug-ceramic-coffee-cup-home-tea-cup-milk-cup-office-water-cup-breakfast-cup-slight-flaw\/","title":{"rendered":"Tasse \u00e0 caf\u00e9 en c\u00e9ramique \u00e0 relief vertical, tasse \u00e0 th\u00e9 pour la maison, tasse \u00e0 lait, tasse \u00e0 eau pour le bureau, tasse \u00e0 petit-d\u00e9jeuner, l\u00e9ger d\u00e9faut"},"content":{"rendered":"","protected":false},"excerpt":{"rendered":"","protected":false},"featured_media":170046,"comment_status":"open","ping_status":"closed","template":"","meta":[],"product_brand":[],"product_cat":[30935,30928],"product_tag":[],"class_list":{"0":"post-170047","1":"product","2":"type-product","3":"status-publish","4":"has-post-thumbnail","6":"product_cat-coffee-supplies","7":"product_cat-guest-room","9":"first","10":"instock","11":"taxable","12":"shipping-taxable","13":"purchasable","14":"product-type-simple"},"_links":{"self":[{"href":"https:\/\/nexgendecors.com\/fr\/wp-json\/wp\/v2\/product\/170047","targetHints":{"allow":["GET"]}}],"collection":[{"href":"https:\/\/nexgendecors.com\/fr\/wp-json\/wp\/v2\/product"}],"about":[{"href":"https:\/\/nexgendecors.com\/fr\/wp-json\/wp\/v2\/types\/product"}],"replies":[{"embeddable":true,"href":"https:\/\/nexgendecors.com\/fr\/wp-json\/wp\/v2\/comments?post=170047"}],"version-history":[{"count":0,"href":"https:\/\/nexgendecors.com\/fr\/wp-json\/wp\/v2\/product\/170047\/revisions"}],"wp:featuredmedia":[{"embeddable":true,"href":"https:\/\/nexgendecors.com\/fr\/wp-json\/wp\/v2\/media\/170046"}],"wp:attachment":[{"href":"https:\/\/nexgendecors.com\/fr\/wp-json\/wp\/v2\/media?parent=170047"}],"wp:term":[{"taxonomy":"product_brand","embeddable":true,"href":"https:\/\/nexgendecors.com\/fr\/wp-json\/wp\/v2\/product_brand?post=170047"},{"taxonomy":"product_cat","embeddable":true,"href":"https:\/\/nexgendecors.com\/fr\/wp-json\/wp\/v2\/product_cat?post=170047"},{"taxonomy":"product_tag","embeddable":true,"href":"https:\/\/nexgendecors.com\/fr\/wp-json\/wp\/v2\/product_tag?post=170047"}],"curies":[{"name":"wp","href":"https:\/\/api.w.org\/{rel}","templated":true}]}}