{"id":170077,"date":"2025-02-24T12:39:47","date_gmt":"2025-02-24T12:39:47","guid":{"rendered":"https:\/\/nexgendecors.com\/en\/product\/100-pcs-disposable-paper-coffee-cup-customized-logo-double-layer-corrugated-paper-cup-with-lid-customized-wholesale\/"},"modified":"2025-04-06T10:05:15","modified_gmt":"2025-04-06T10:05:15","slug":"100-pcs-disposable-paper-coffee-cup-customized-logo-double-layer-corrugated-paper-cup-with-lid-customized-wholesale","status":"publish","type":"product","link":"https:\/\/nexgendecors.com\/fr\/product\/100-pcs-disposable-paper-coffee-cup-customized-logo-double-layer-corrugated-paper-cup-with-lid-customized-wholesale\/","title":{"rendered":"Lot de 100 gobelets \u00e0 caf\u00e9 jetables en papier ondul\u00e9 double couche avec logo personnalis\u00e9 et couvercle, vente en gros"},"content":{"rendered":"<p><b>Origine<\/b>: China<\/p>\n<p><b>Import\u00e9 ou non<\/b>: Non<\/p>\n<p><b>Personnalisation du traitement<\/b>: Oui<\/p>\n<p><b>utiliser<\/b>: Hot drink cup<\/p>\n<p><b>Is there a cover<\/b>: With cover<\/p>\n<p><b>marque<\/b>: Qianhe<\/p>\n<p><b>Sp\u00e9cification<\/b>: 4oz\/8oz\/9oz\/10oz\/11oz\/12oz\/16oz\/22oz<\/p>\n<p><b>Suitable for gift giving occasions<\/b>: Wedding, birthday, festival, housewarming, trade fair, advertising promotion, employee benefits, anniversary celebration, business gift, opening ceremony, award ceremony, public relations planning<\/p>\n<p><b>Impression du LOGO<\/b>: Peut<\/p>\n<p><b>Supply Type<\/b>: Customizable<\/p>\n<p><b>Num\u00e9ro de pi\u00e8ce<\/b>: WLCUP<\/p>\n<p><b>Is it in stock?<\/b>: Non<\/p>\n<p><b>couleur<\/b>: 4oz 120ml vertical corrugated cups 100pcs,7oz 200ml vertical corrugated cups 100pcs,9oz 260ml vertical corrugated cups 100pcs,12oz 400ml vertical corrugated cups 100pcs,16oz 500ml vertical corrugated cups 100pcs,22oz 650ml vertical corrugated cups 100pcs,9oz 260ml horizontal corrugated cups 100pcs,12oz 400ml horizontal corrugated cups 100pcs,16oz 500ml horizontal corrugated cups 100pcs,22oz 650ml horizontal corrugated cups 100pcs,9oz 260mlS-grained corrugated cups 100pcs,12oz 400mlS-grained corrugated cups 100pcs,16oz 500mlS-grained corrugated cups 100pcs,9oz 260ml vertical corrugated cup brown 100 pcs, 12oz 400ml vertical corrugated cup brown 100 pcs, 16oz 500ml vertical corrugated cup brown 100 pcs, 62 caliber cup lid 100 pcs, 78 caliber cup lid 100 pcs, 90 caliber cup lid 100 pcs<\/p>\n<p><b>Qu&#039;il s&#039;agisse d&#039;une source d\u00e9di\u00e9e de marchandises destin\u00e9es \u00e0 l&#039;exportation transfrontali\u00e8re<\/b>: Non<\/p>\n<p><b>National Industrial Production License Number<\/b>: Guangdong XK16-205-00088<\/p>","protected":false},"excerpt":{"rendered":"<p>Origine : Chine Import\u00e9 ou non : non Personnalisation du traitement : oui utilisation : Tasse pour boisson chaude Y a-t-il un couvercle : Avec couvercle marque :<\/p>","protected":false},"featured_media":170076,"comment_status":"open","ping_status":"closed","template":"","meta":[],"product_brand":[],"product_cat":[30935,30928],"product_tag":[],"class_list":{"0":"post-170077","1":"product","2":"type-product","3":"status-publish","4":"has-post-thumbnail","6":"product_cat-coffee-supplies","7":"product_cat-guest-room","9":"first","10":"instock","11":"taxable","12":"shipping-taxable","13":"purchasable","14":"product-type-variable"},"_links":{"self":[{"href":"https:\/\/nexgendecors.com\/fr\/wp-json\/wp\/v2\/product\/170077","targetHints":{"allow":["GET"]}}],"collection":[{"href":"https:\/\/nexgendecors.com\/fr\/wp-json\/wp\/v2\/product"}],"about":[{"href":"https:\/\/nexgendecors.com\/fr\/wp-json\/wp\/v2\/types\/product"}],"replies":[{"embeddable":true,"href":"https:\/\/nexgendecors.com\/fr\/wp-json\/wp\/v2\/comments?post=170077"}],"version-history":[{"count":0,"href":"https:\/\/nexgendecors.com\/fr\/wp-json\/wp\/v2\/product\/170077\/revisions"}],"wp:featuredmedia":[{"embeddable":true,"href":"https:\/\/nexgendecors.com\/fr\/wp-json\/wp\/v2\/media\/170076"}],"wp:attachment":[{"href":"https:\/\/nexgendecors.com\/fr\/wp-json\/wp\/v2\/media?parent=170077"}],"wp:term":[{"taxonomy":"product_brand","embeddable":true,"href":"https:\/\/nexgendecors.com\/fr\/wp-json\/wp\/v2\/product_brand?post=170077"},{"taxonomy":"product_cat","embeddable":true,"href":"https:\/\/nexgendecors.com\/fr\/wp-json\/wp\/v2\/product_cat?post=170077"},{"taxonomy":"product_tag","embeddable":true,"href":"https:\/\/nexgendecors.com\/fr\/wp-json\/wp\/v2\/product_tag?post=170077"}],"curies":[{"name":"wp","href":"https:\/\/api.w.org\/{rel}","templated":true}]}}