{"id":170109,"date":"2025-02-24T12:40:14","date_gmt":"2025-02-24T12:40:14","guid":{"rendered":"https:\/\/nexgendecors.com\/en\/product\/milk-tea-paper-cup-with-lid-disposable-coffee-cup-red-water-cup-three-layer-thickened-anti-scalding-corrugated-hot-drink-cup-customized\/"},"modified":"2025-04-06T10:05:18","modified_gmt":"2025-04-06T10:05:18","slug":"milk-tea-paper-cup-with-lid-disposable-coffee-cup-red-water-cup-three-layer-thickened-anti-scalding-corrugated-hot-drink-cup-customized","status":"publish","type":"product","link":"https:\/\/nexgendecors.com\/fr\/product\/milk-tea-paper-cup-with-lid-disposable-coffee-cup-red-water-cup-three-layer-thickened-anti-scalding-corrugated-hot-drink-cup-customized\/","title":{"rendered":"Gobelet en papier pour th\u00e9 au lait avec couvercle, gobelet \u00e0 caf\u00e9 jetable, gobelet \u00e0 eau rouge, gobelet ondul\u00e9 anti-br\u00fblure \u00e9pais \u00e0 trois couches, gobelet pour boisson chaude personnalis\u00e9"},"content":{"rendered":"<p><b>marque<\/b>: Golden Chief<\/p>\n<p><b>Principales plateformes aval<\/b>: wish,Amazon,Independent Station,AliExpress,LAZADA,ebay<\/p>\n<p><b>Principaux domaines de vente<\/b>: Southeast Asia, Northeast Asia, Latin America, Africa, Europe, Middle East, China, Others, South America, North America<\/p>\n<p><b>Qu&#039;il s&#039;agisse d&#039;une source d\u00e9di\u00e9e de marchandises destin\u00e9es \u00e0 l&#039;exportation transfrontali\u00e8re<\/b>: Non<\/p>\n<p><b>Num\u00e9ro de pi\u00e8ce<\/b>: 01<\/p>\n<p><b>Country\/Region of Origin<\/b>: China<\/p>\n<p><b>utiliser<\/b>: Hot drink cup<\/p>\n<p><b>Is there a cover<\/b>: Non<\/p>\n<p><b>Avoir une marque priv\u00e9e sous licence<\/b>: Non<\/p>\n<p><b>Can logo be printed?<\/b>: Oui<\/p>\n<p><b>Whether it is independently packaged<\/b>: Non<\/p>\n<p><b>Upper mouth*lower mouth*high<\/b>: 50*35*50<\/p>\n<p><b>taper<\/b>: Corrugated paper cups<\/p>\n<p><b>Origine<\/b>: Wenzhou<\/p>\n<p><b>Applicable scenarios<\/b>: Business reception\/daily life<\/p>\n<p><b>Sp\u00e9cification<\/b>: 16oz\/500ml,8oz\/280ml,12oz\/400ml,10oz\/320ml<\/p>\n<p><b>couleur<\/b>: Yellow, red, green, black<\/p>","protected":false},"excerpt":{"rendered":"<p>Marque : Golden Chief Principales plateformes en aval : Wish, Amazon, Independent Station, AliExpress, LAZADA, eBay Principales zones de vente : Asie du Sud-Est, Asie du Nord-Est, Am\u00e9rique latine, Afrique, Europe, Moyen-Orient<\/p>","protected":false},"featured_media":170108,"comment_status":"open","ping_status":"closed","template":"","meta":[],"product_brand":[],"product_cat":[30935,30928],"product_tag":[],"class_list":{"0":"post-170109","1":"product","2":"type-product","3":"status-publish","4":"has-post-thumbnail","6":"product_cat-coffee-supplies","7":"product_cat-guest-room","9":"first","10":"instock","11":"taxable","12":"shipping-taxable","13":"purchasable","14":"product-type-variable"},"_links":{"self":[{"href":"https:\/\/nexgendecors.com\/fr\/wp-json\/wp\/v2\/product\/170109","targetHints":{"allow":["GET"]}}],"collection":[{"href":"https:\/\/nexgendecors.com\/fr\/wp-json\/wp\/v2\/product"}],"about":[{"href":"https:\/\/nexgendecors.com\/fr\/wp-json\/wp\/v2\/types\/product"}],"replies":[{"embeddable":true,"href":"https:\/\/nexgendecors.com\/fr\/wp-json\/wp\/v2\/comments?post=170109"}],"version-history":[{"count":0,"href":"https:\/\/nexgendecors.com\/fr\/wp-json\/wp\/v2\/product\/170109\/revisions"}],"wp:featuredmedia":[{"embeddable":true,"href":"https:\/\/nexgendecors.com\/fr\/wp-json\/wp\/v2\/media\/170108"}],"wp:attachment":[{"href":"https:\/\/nexgendecors.com\/fr\/wp-json\/wp\/v2\/media?parent=170109"}],"wp:term":[{"taxonomy":"product_brand","embeddable":true,"href":"https:\/\/nexgendecors.com\/fr\/wp-json\/wp\/v2\/product_brand?post=170109"},{"taxonomy":"product_cat","embeddable":true,"href":"https:\/\/nexgendecors.com\/fr\/wp-json\/wp\/v2\/product_cat?post=170109"},{"taxonomy":"product_tag","embeddable":true,"href":"https:\/\/nexgendecors.com\/fr\/wp-json\/wp\/v2\/product_tag?post=170109"}],"curies":[{"name":"wp","href":"https:\/\/api.w.org\/{rel}","templated":true}]}}