{"id":170270,"date":"2025-02-24T13:00:22","date_gmt":"2025-02-24T13:00:22","guid":{"rendered":"https:\/\/nexgendecors.com\/en\/product\/solid-wood-black-wooden-hanger-clothes-hanger-solid-wood-non-slip-clothes-hanger-clothing-store-home-non-slip-clothes-hanger-clothes-hanger\/"},"modified":"2025-04-06T10:05:32","modified_gmt":"2025-04-06T10:05:32","slug":"solid-wood-black-wooden-hanger-clothes-hanger-solid-wood-non-slip-clothes-hanger-clothing-store-home-non-slip-clothes-hanger-clothes-hanger","status":"publish","type":"product","link":"https:\/\/nexgendecors.com\/fr\/product\/solid-wood-black-wooden-hanger-clothes-hanger-solid-wood-non-slip-clothes-hanger-clothing-store-home-non-slip-clothes-hanger-clothes-hanger\/","title":{"rendered":"Cintre en bois massif noir, cintre en bois massif antid\u00e9rapant, magasin de v\u00eatements, cintre antid\u00e9rapant pour la maison"},"content":{"rendered":"<p><b>Cat\u00e9gories de produits<\/b>: Cintre<\/p>\n<p><b>Import\u00e9 ou non<\/b>: Non<\/p>\n<p><b>marque<\/b>: aucun<\/p>\n<p><b>Mat\u00e9riel<\/b>: Packing Log<\/p>\n<p><b>Origine<\/b>: Guangxi<\/p>\n<p><b>Personnalisation du traitement<\/b>: Oui<\/p>\n<p><b>Quantit\u00e9 d&#039;emballage<\/b>: 50\/100\/120<\/p>\n<p><b>Quantit\u00e9 par bo\u00eete<\/b>: 50\/100\/120<\/p>\n<p><b>Sp\u00e9cification<\/b>: 1<\/p>\n<p><b>Principaux domaines de vente<\/b>: Europe<\/p>\n<p><b>Qu&#039;il s&#039;agisse d&#039;une source d\u00e9di\u00e9e de marchandises destin\u00e9es \u00e0 l&#039;exportation transfrontali\u00e8re<\/b>: Oui<\/p>\n<p><b>style<\/b>: Moderne et simple<\/p>\n<p><b>Existe-t-il un brevet ?<\/b>: Non<\/p>\n<p><b>droits d&#039;auteur<\/b>: aucun<\/p>","protected":false},"excerpt":{"rendered":"<p>Cat\u00e9gories de produits : Cintre Import\u00e9 ou non : non Marque : aucune Mat\u00e9riau : Emballage Log Origine : Guangxi Personnalisation du traitement : oui Quantit\u00e9 d&#039;emballage :<\/p>","protected":false},"featured_media":170269,"comment_status":"open","ping_status":"closed","template":"","meta":[],"product_brand":[],"product_cat":[30928,30934],"product_tag":[],"class_list":{"0":"post-170270","1":"product","2":"type-product","3":"status-publish","4":"has-post-thumbnail","6":"product_cat-guest-room","7":"product_cat-room-hangers","9":"first","10":"instock","11":"taxable","12":"shipping-taxable","13":"purchasable","14":"product-type-variable"},"_links":{"self":[{"href":"https:\/\/nexgendecors.com\/fr\/wp-json\/wp\/v2\/product\/170270","targetHints":{"allow":["GET"]}}],"collection":[{"href":"https:\/\/nexgendecors.com\/fr\/wp-json\/wp\/v2\/product"}],"about":[{"href":"https:\/\/nexgendecors.com\/fr\/wp-json\/wp\/v2\/types\/product"}],"replies":[{"embeddable":true,"href":"https:\/\/nexgendecors.com\/fr\/wp-json\/wp\/v2\/comments?post=170270"}],"version-history":[{"count":0,"href":"https:\/\/nexgendecors.com\/fr\/wp-json\/wp\/v2\/product\/170270\/revisions"}],"wp:featuredmedia":[{"embeddable":true,"href":"https:\/\/nexgendecors.com\/fr\/wp-json\/wp\/v2\/media\/170269"}],"wp:attachment":[{"href":"https:\/\/nexgendecors.com\/fr\/wp-json\/wp\/v2\/media?parent=170270"}],"wp:term":[{"taxonomy":"product_brand","embeddable":true,"href":"https:\/\/nexgendecors.com\/fr\/wp-json\/wp\/v2\/product_brand?post=170270"},{"taxonomy":"product_cat","embeddable":true,"href":"https:\/\/nexgendecors.com\/fr\/wp-json\/wp\/v2\/product_cat?post=170270"},{"taxonomy":"product_tag","embeddable":true,"href":"https:\/\/nexgendecors.com\/fr\/wp-json\/wp\/v2\/product_tag?post=170270"}],"curies":[{"name":"wp","href":"https:\/\/api.w.org\/{rel}","templated":true}]}}