{"id":170352,"date":"2025-02-24T13:09:32","date_gmt":"2025-02-24T13:09:32","guid":{"rendered":"https:\/\/nexgendecors.com\/en\/product\/cross-border-small-electric-iron-household-dry-iron-old-fashioned-water-free-dry-iron-hot-diamond-heat-painting-iron-clothes-ironing-machine\/"},"modified":"2025-04-10T12:31:35","modified_gmt":"2025-04-10T12:31:35","slug":"petit-fer-a-repasser-electrique-transfrontalier-fer-a-repasser-domestique-a-sec-fer-a-repasser-a-sec-sans-eau-a-lancienne-fer-a-repasser-a-peinture-a-chaud-au-diamant-machine-a-repasser-les-v","status":"publish","type":"product","link":"https:\/\/nexgendecors.com\/fr\/product\/petit-fer-a-repasser-electrique-transfrontalier-fer-a-repasser-domestique-a-sec-fer-a-repasser-a-sec-sans-eau-a-lancienne-fer-a-repasser-a-peinture-a-chaud-au-diamant-machine-a-repasser-les-v\/","title":{"rendered":"Petit fer \u00e0 repasser \u00e9lectrique transfrontalier fer \u00e0 repasser m\u00e9nager fer \u00e0 repasser \u00e0 l'ancienne sans eau fer \u00e0 repasser \u00e0 chaud diamant fer \u00e0 peinture machine \u00e0 repasser les v\u00eatements"},"content":{"rendered":"","protected":false},"excerpt":{"rendered":"","protected":false},"featured_media":170351,"comment_status":"open","ping_status":"closed","template":"","meta":[],"product_brand":[],"product_cat":[30928,30984,30932],"product_tag":[],"class_list":{"0":"post-170352","1":"product","2":"type-product","3":"status-publish","4":"has-post-thumbnail","6":"product_cat-guest-room","7":"product_cat-hotel-appliances","8":"product_cat-ironing-supplies","10":"first","11":"instock","12":"taxable","13":"shipping-taxable","14":"purchasable","15":"product-type-simple"},"_links":{"self":[{"href":"https:\/\/nexgendecors.com\/fr\/wp-json\/wp\/v2\/product\/170352","targetHints":{"allow":["GET"]}}],"collection":[{"href":"https:\/\/nexgendecors.com\/fr\/wp-json\/wp\/v2\/product"}],"about":[{"href":"https:\/\/nexgendecors.com\/fr\/wp-json\/wp\/v2\/types\/product"}],"replies":[{"embeddable":true,"href":"https:\/\/nexgendecors.com\/fr\/wp-json\/wp\/v2\/comments?post=170352"}],"version-history":[{"count":0,"href":"https:\/\/nexgendecors.com\/fr\/wp-json\/wp\/v2\/product\/170352\/revisions"}],"wp:featuredmedia":[{"embeddable":true,"href":"https:\/\/nexgendecors.com\/fr\/wp-json\/wp\/v2\/media\/170351"}],"wp:attachment":[{"href":"https:\/\/nexgendecors.com\/fr\/wp-json\/wp\/v2\/media?parent=170352"}],"wp:term":[{"taxonomy":"product_brand","embeddable":true,"href":"https:\/\/nexgendecors.com\/fr\/wp-json\/wp\/v2\/product_brand?post=170352"},{"taxonomy":"product_cat","embeddable":true,"href":"https:\/\/nexgendecors.com\/fr\/wp-json\/wp\/v2\/product_cat?post=170352"},{"taxonomy":"product_tag","embeddable":true,"href":"https:\/\/nexgendecors.com\/fr\/wp-json\/wp\/v2\/product_tag?post=170352"}],"curies":[{"name":"wp","href":"https:\/\/api.w.org\/{rel}","templated":true}]}}