{"id":170405,"date":"2025-02-24T13:16:42","date_gmt":"2025-02-24T13:16:42","guid":{"rendered":"https:\/\/nexgendecors.com\/en\/product\/feichuang-business-simple-and-stylish-oblique-vertical-hotel-telephone-guest-room-hotel-one-touch-dialing-can-print-logo\/"},"modified":"2025-04-10T12:33:41","modified_gmt":"2025-04-10T12:33:41","slug":"feichuang-business-simple-and-stylish-oblique-vertical-hotel-telephone-guest-room-hotel-one-touch-dialing-can-print-logo","status":"publish","type":"product","link":"https:\/\/nexgendecors.com\/fr\/product\/feichuang-business-simple-and-stylish-oblique-vertical-hotel-telephone-guest-room-hotel-one-touch-dialing-can-print-logo\/","title":{"rendered":"Feichuang business simple et \u00e9l\u00e9gant t\u00e9l\u00e9phone d'h\u00f4tel vertical oblique chambre d'invit\u00e9 h\u00f4tel composition \u00e0 une touche peut imprimer logo"},"content":{"rendered":"<p><b>couleur<\/b>: 628 Black, 628 White, 807 Black, 807 White, 802B Black, 928A Mocha with White Panel, 928A Mocha with Black Panel, 928A Black Frosted, 928B Champagne with White Panel, 928B Champagne with Black Panel, 928B Black Frosted, 808 White, 808 Black<\/p>\n<p><b>marque<\/b>: Feichuang<\/p>\n<p><b>mod\u00e8le<\/b>: 628<\/p>\n<p><b>Caller ID<\/b>: aucun<\/p>\n<p><b>Visual function<\/b>: aucun<\/p>\n<p><b>Number storage function<\/b>: aucun<\/p>","protected":false},"excerpt":{"rendered":"<p>couleur : 628 noir, 628 blanc, 807 noir, 807 blanc, 802B noir, 928A moka avec panneau blanc, 928A moka avec noir<\/p>","protected":false},"featured_media":170404,"comment_status":"open","ping_status":"closed","template":"","meta":[],"product_brand":[],"product_cat":[30928,30984,30958],"product_tag":[],"class_list":{"0":"post-170405","1":"product","2":"type-product","3":"status-publish","4":"has-post-thumbnail","6":"product_cat-guest-room","7":"product_cat-hotel-appliances","8":"product_cat-telephone","10":"first","11":"instock","12":"taxable","13":"shipping-taxable","14":"purchasable","15":"product-type-variable"},"_links":{"self":[{"href":"https:\/\/nexgendecors.com\/fr\/wp-json\/wp\/v2\/product\/170405","targetHints":{"allow":["GET"]}}],"collection":[{"href":"https:\/\/nexgendecors.com\/fr\/wp-json\/wp\/v2\/product"}],"about":[{"href":"https:\/\/nexgendecors.com\/fr\/wp-json\/wp\/v2\/types\/product"}],"replies":[{"embeddable":true,"href":"https:\/\/nexgendecors.com\/fr\/wp-json\/wp\/v2\/comments?post=170405"}],"version-history":[{"count":0,"href":"https:\/\/nexgendecors.com\/fr\/wp-json\/wp\/v2\/product\/170405\/revisions"}],"wp:featuredmedia":[{"embeddable":true,"href":"https:\/\/nexgendecors.com\/fr\/wp-json\/wp\/v2\/media\/170404"}],"wp:attachment":[{"href":"https:\/\/nexgendecors.com\/fr\/wp-json\/wp\/v2\/media?parent=170405"}],"wp:term":[{"taxonomy":"product_brand","embeddable":true,"href":"https:\/\/nexgendecors.com\/fr\/wp-json\/wp\/v2\/product_brand?post=170405"},{"taxonomy":"product_cat","embeddable":true,"href":"https:\/\/nexgendecors.com\/fr\/wp-json\/wp\/v2\/product_cat?post=170405"},{"taxonomy":"product_tag","embeddable":true,"href":"https:\/\/nexgendecors.com\/fr\/wp-json\/wp\/v2\/product_tag?post=170405"}],"curies":[{"name":"wp","href":"https:\/\/api.w.org\/{rel}","templated":true}]}}