{"id":170438,"date":"2025-02-24T13:17:16","date_gmt":"2025-02-24T13:17:16","guid":{"rendered":"https:\/\/nexgendecors.com\/en\/product\/feichuang-hotel-room-dedicated-telephone-one-key-front-desk-landline-hotel-homestay-apartment-room-telephone\/"},"modified":"2025-04-10T12:33:41","modified_gmt":"2025-04-10T12:33:41","slug":"feichuang-hotel-room-dedicated-telephone-one-key-front-desk-landline-hotel-homestay-apartment-room-telephone","status":"publish","type":"product","link":"https:\/\/nexgendecors.com\/fr\/product\/feichuang-hotel-room-dedicated-telephone-one-key-front-desk-landline-hotel-homestay-apartment-room-telephone\/","title":{"rendered":"Feichuang hotel room dedicated telephone one-key front desk landline hotel homestay apartment room telephone"},"content":{"rendered":"<p><b>couleur<\/b>: 009 black [customized] 30 units or more free customized sticker panel, 009 black [universal] fill in the hotel related information by yourself, 009 black, 500 white [customized] 30 units or more free customized sticker panel, 500 black [customized] 30 units or more free customized sticker panel, 500 white [universal] fill in the hotel related information by yourself, 500 black [universal] fill in the hotel related information by yourself, 500 white, 500 black, 500 white-English button, 500 black-English button, 3026 white [customized] 30 units or more free Free customized self-adhesive panel, 3026 black [customized] 30 units free customized self-adhesive panel, 2017 white [customized] 30 units free customized self-adhesive panel, 2017 black [customized] 30 units free customized self-adhesive panel, 006 white [customized] 30 units free customized printed panel, 006 black [customized] 30 units free customized printed panel, 006 white, 006 black, 007 white [customized] 30 units free customized printed panel, 007 black [customized] 30 units free customized printed panel, 007 white, 007 black<\/p>\n<p><b>marque<\/b>: Feichuang<\/p>\n<p><b>Num\u00e9ro de pi\u00e8ce<\/b>: 009<\/p>\n<p><b>mod\u00e8le<\/b>: 009<\/p>\n<p><b>Caller ID<\/b>: aucun<\/p>\n<p><b>Visual function<\/b>: aucun<\/p>\n<p><b>Number storage function<\/b>: have<\/p>","protected":false},"excerpt":{"rendered":"<p>couleur : 009 noir [personnalis\u00e9] 30 unit\u00e9s ou plus panneau autocollant personnalis\u00e9 gratuit, 009 noir [universel] remplir l'h\u00f4tel li\u00e9<\/p>","protected":false},"featured_media":170436,"comment_status":"open","ping_status":"closed","template":"","meta":[],"product_brand":[],"product_cat":[30928,30984,30958],"product_tag":[],"class_list":{"0":"post-170438","1":"product","2":"type-product","3":"status-publish","4":"has-post-thumbnail","6":"product_cat-guest-room","7":"product_cat-hotel-appliances","8":"product_cat-telephone","10":"first","11":"instock","12":"taxable","13":"shipping-taxable","14":"purchasable","15":"product-type-variable"},"_links":{"self":[{"href":"https:\/\/nexgendecors.com\/fr\/wp-json\/wp\/v2\/product\/170438","targetHints":{"allow":["GET"]}}],"collection":[{"href":"https:\/\/nexgendecors.com\/fr\/wp-json\/wp\/v2\/product"}],"about":[{"href":"https:\/\/nexgendecors.com\/fr\/wp-json\/wp\/v2\/types\/product"}],"replies":[{"embeddable":true,"href":"https:\/\/nexgendecors.com\/fr\/wp-json\/wp\/v2\/comments?post=170438"}],"version-history":[{"count":0,"href":"https:\/\/nexgendecors.com\/fr\/wp-json\/wp\/v2\/product\/170438\/revisions"}],"wp:featuredmedia":[{"embeddable":true,"href":"https:\/\/nexgendecors.com\/fr\/wp-json\/wp\/v2\/media\/170436"}],"wp:attachment":[{"href":"https:\/\/nexgendecors.com\/fr\/wp-json\/wp\/v2\/media?parent=170438"}],"wp:term":[{"taxonomy":"product_brand","embeddable":true,"href":"https:\/\/nexgendecors.com\/fr\/wp-json\/wp\/v2\/product_brand?post=170438"},{"taxonomy":"product_cat","embeddable":true,"href":"https:\/\/nexgendecors.com\/fr\/wp-json\/wp\/v2\/product_cat?post=170438"},{"taxonomy":"product_tag","embeddable":true,"href":"https:\/\/nexgendecors.com\/fr\/wp-json\/wp\/v2\/product_tag?post=170438"}],"curies":[{"name":"wp","href":"https:\/\/api.w.org\/{rel}","templated":true}]}}