{"id":170615,"date":"2025-02-24T14:31:22","date_gmt":"2025-02-24T14:31:22","guid":{"rendered":"https:\/\/nexgendecors.com\/en\/product\/ride-on-battery-powered-automatic-commercial-floor-scrubber-machine\/"},"modified":"2025-04-06T10:06:03","modified_gmt":"2025-04-06T10:06:03","slug":"ride-on-battery-powered-automatic-commercial-floor-scrubber-machine","status":"publish","type":"product","link":"https:\/\/nexgendecors.com\/fr\/product\/ride-on-battery-powered-automatic-commercial-floor-scrubber-machine\/","title":{"rendered":"Machine \u00e0 laver les sols commerciale autoport\u00e9e aliment\u00e9e par batterie"},"content":{"rendered":"<ul>\n<li><strong>condition : <\/strong> Nouveau<\/li>\n<li><strong>lieu d&#039;origine : <\/strong> Anhui, China<\/li>\n<li><strong>nom de marque : <\/strong> YANGZI<\/li>\n<li><strong>fuel : <\/strong> \u00c9lectrique<\/li>\n<li><strong>utiliser : <\/strong> Floor Cleaning<\/li>\n<li><strong>cleaning process : <\/strong> Cold Water Cleaning<\/li>\n<li><strong>cleaning type : <\/strong> Clean-In-Place CIP<\/li>\n<li><strong>powerw : <\/strong> 500W<\/li>\n<li><strong>dimensionl*w*h : <\/strong> 1445*995*1100mm<\/li>\n<li><strong>garantie : <\/strong> 1 an<\/li>\n<li><strong>weight kg : <\/strong> 211 kg<\/li>\n<li><strong>taper : <\/strong> Ride-on<\/li>\n<li><strong>Nom du produit : <\/strong> Ride On Battery Powered Automatic Commercial Floor Scrubber Machine<\/li>\n<li><strong>Cleaning Width : <\/strong> 560mm<\/li>\n<li><strong>Squeegee Width : <\/strong> 950mm<\/li>\n<li><strong>Working Time : <\/strong> 3-4h<\/li>\n<li><strong>Vacuum Motor : <\/strong> 450W<\/li>\n<li><strong>Brush Motor : <\/strong> 450W<\/li>\n<li><strong>Brush RPM : <\/strong> 225rpm<\/li>\n<li><strong>Clean Water Tank : <\/strong> 80L<\/li>\n<li><strong>Sewage Tank : <\/strong> 85L<\/li>\n<li><strong>Battery Capacity : <\/strong> 12V\/100Ah*2<\/li>\n<li><strong>Machine Type : <\/strong> Floor Sweeper<\/li>\n<li><strong>Video outgoing-inspection : <\/strong> Provided<\/li>\n<li><strong>Machinery Test Report : <\/strong> Provided<\/li>\n<li><strong>Warranty of core components : <\/strong> 1 an<\/li>\n<li><strong>Mat\u00e9riel : <\/strong> Plastique<\/li>\n<li><strong>Applicable Industries : <\/strong> hotels, Restaurant, Office, Supermarket, Garage, Factory, Workshop, Warehouse<\/li>\n<li><strong>Core Components : <\/strong> motor, Brush, Battery<\/li>\n<\/ul>","protected":false},"excerpt":{"rendered":"<p>\u00e9tat : Neuf lieu d'origine : Anhui, Chine marque : YANGZI carburant : Electrique utilisation : Nettoyage des sols<\/p>","protected":false},"featured_media":170614,"comment_status":"open","ping_status":"closed","template":"","meta":[],"product_brand":[],"product_cat":[30959,30947],"product_tag":[],"class_list":{"0":"post-170615","1":"product","2":"type-product","3":"status-publish","4":"has-post-thumbnail","6":"product_cat-cleaning-machine","7":"product_cat-janitorial-supplies","9":"first","10":"instock","11":"taxable","12":"shipping-taxable","13":"purchasable","14":"product-type-variable"},"_links":{"self":[{"href":"https:\/\/nexgendecors.com\/fr\/wp-json\/wp\/v2\/product\/170615","targetHints":{"allow":["GET"]}}],"collection":[{"href":"https:\/\/nexgendecors.com\/fr\/wp-json\/wp\/v2\/product"}],"about":[{"href":"https:\/\/nexgendecors.com\/fr\/wp-json\/wp\/v2\/types\/product"}],"replies":[{"embeddable":true,"href":"https:\/\/nexgendecors.com\/fr\/wp-json\/wp\/v2\/comments?post=170615"}],"version-history":[{"count":0,"href":"https:\/\/nexgendecors.com\/fr\/wp-json\/wp\/v2\/product\/170615\/revisions"}],"wp:featuredmedia":[{"embeddable":true,"href":"https:\/\/nexgendecors.com\/fr\/wp-json\/wp\/v2\/media\/170614"}],"wp:attachment":[{"href":"https:\/\/nexgendecors.com\/fr\/wp-json\/wp\/v2\/media?parent=170615"}],"wp:term":[{"taxonomy":"product_brand","embeddable":true,"href":"https:\/\/nexgendecors.com\/fr\/wp-json\/wp\/v2\/product_brand?post=170615"},{"taxonomy":"product_cat","embeddable":true,"href":"https:\/\/nexgendecors.com\/fr\/wp-json\/wp\/v2\/product_cat?post=170615"},{"taxonomy":"product_tag","embeddable":true,"href":"https:\/\/nexgendecors.com\/fr\/wp-json\/wp\/v2\/product_tag?post=170615"}],"curies":[{"name":"wp","href":"https:\/\/api.w.org\/{rel}","templated":true}]}}