{"id":170672,"date":"2025-02-24T15:29:20","date_gmt":"2025-02-24T15:29:20","guid":{"rendered":"https:\/\/nexgendecors.com\/en\/product\/wholesale-solid-color-velvet-bedspread-three-piece-set-foreign-trade-feather-silk-cotton-filled-quilted-blanket-anti-dirty-bedspread\/"},"modified":"2025-03-31T17:08:57","modified_gmt":"2025-03-31T17:08:57","slug":"wholesale-solid-color-velvet-bedspread-three-piece-set-foreign-trade-feather-silk-cotton-filled-quilted-blanket-anti-dirty-bedspread","status":"publish","type":"product","link":"https:\/\/nexgendecors.com\/fr\/product\/wholesale-solid-color-velvet-bedspread-three-piece-set-foreign-trade-feather-silk-cotton-filled-quilted-blanket-anti-dirty-bedspread\/","title":{"rendered":"Ensemble de couvre-lit en velours de couleur unie en gros, ensemble de trois pi\u00e8ces, couverture matelass\u00e9e en coton et soie \u00e0 plumes, couvre-lit anti-salissure"},"content":{"rendered":"","protected":false},"excerpt":{"rendered":"","protected":false},"featured_media":173904,"comment_status":"open","ping_status":"closed","template":"","meta":[],"product_brand":[],"product_cat":[30926,30951,30952,30953],"product_tag":[],"class_list":{"0":"post-170672","1":"product","2":"type-product","3":"status-publish","4":"has-post-thumbnail","6":"product_cat-bedding","7":"product_cat-hotel-bedding","8":"product_cat-hotel-blanket-cover","9":"product_cat-hotel-sheet-linen","11":"first","12":"instock","13":"taxable","14":"shipping-taxable","15":"purchasable","16":"product-type-variable"},"_links":{"self":[{"href":"https:\/\/nexgendecors.com\/fr\/wp-json\/wp\/v2\/product\/170672","targetHints":{"allow":["GET"]}}],"collection":[{"href":"https:\/\/nexgendecors.com\/fr\/wp-json\/wp\/v2\/product"}],"about":[{"href":"https:\/\/nexgendecors.com\/fr\/wp-json\/wp\/v2\/types\/product"}],"replies":[{"embeddable":true,"href":"https:\/\/nexgendecors.com\/fr\/wp-json\/wp\/v2\/comments?post=170672"}],"version-history":[{"count":0,"href":"https:\/\/nexgendecors.com\/fr\/wp-json\/wp\/v2\/product\/170672\/revisions"}],"wp:featuredmedia":[{"embeddable":true,"href":"https:\/\/nexgendecors.com\/fr\/wp-json\/wp\/v2\/media\/173904"}],"wp:attachment":[{"href":"https:\/\/nexgendecors.com\/fr\/wp-json\/wp\/v2\/media?parent=170672"}],"wp:term":[{"taxonomy":"product_brand","embeddable":true,"href":"https:\/\/nexgendecors.com\/fr\/wp-json\/wp\/v2\/product_brand?post=170672"},{"taxonomy":"product_cat","embeddable":true,"href":"https:\/\/nexgendecors.com\/fr\/wp-json\/wp\/v2\/product_cat?post=170672"},{"taxonomy":"product_tag","embeddable":true,"href":"https:\/\/nexgendecors.com\/fr\/wp-json\/wp\/v2\/product_tag?post=170672"}],"curies":[{"name":"wp","href":"https:\/\/api.w.org\/{rel}","templated":true}]}}