{"id":170703,"date":"2025-02-24T15:31:23","date_gmt":"2025-02-24T15:31:23","guid":{"rendered":"https:\/\/nexgendecors.com\/en\/product\/summer-ins-small-fresh-cream-fengshui-wash-summer-quilt-solid-color-pleated-air-conditioning-quilt-thin-quilt-one-piece-delivery\/"},"modified":"2025-04-06T10:06:15","modified_gmt":"2025-04-06T10:06:15","slug":"summer-ins-small-fresh-cream-fengshui-wash-summer-quilt-solid-color-pleated-air-conditioning-quilt-thin-quilt-one-piece-delivery","status":"publish","type":"product","link":"https:\/\/nexgendecors.com\/fr\/product\/summer-ins-small-fresh-cream-fengshui-wash-summer-quilt-solid-color-pleated-air-conditioning-quilt-thin-quilt-one-piece-delivery\/","title":{"rendered":"\u00c9t\u00e9 ins petite cr\u00e8me fra\u00eeche Fengshui lavage \u00e9t\u00e9 courtepointe couleur unie pliss\u00e9e climatisation courtepointe mince courtepointe une pi\u00e8ce livraison"},"content":{"rendered":"","protected":false},"excerpt":{"rendered":"","protected":false},"featured_media":170702,"comment_status":"open","ping_status":"closed","template":"","meta":[],"product_brand":[],"product_cat":[30926,30951,30953],"product_tag":[],"class_list":{"0":"post-170703","1":"product","2":"type-product","3":"status-publish","4":"has-post-thumbnail","6":"product_cat-bedding","7":"product_cat-hotel-bedding","8":"product_cat-hotel-sheet-linen","10":"first","11":"instock","12":"taxable","13":"shipping-taxable","14":"purchasable","15":"product-type-simple"},"_links":{"self":[{"href":"https:\/\/nexgendecors.com\/fr\/wp-json\/wp\/v2\/product\/170703","targetHints":{"allow":["GET"]}}],"collection":[{"href":"https:\/\/nexgendecors.com\/fr\/wp-json\/wp\/v2\/product"}],"about":[{"href":"https:\/\/nexgendecors.com\/fr\/wp-json\/wp\/v2\/types\/product"}],"replies":[{"embeddable":true,"href":"https:\/\/nexgendecors.com\/fr\/wp-json\/wp\/v2\/comments?post=170703"}],"version-history":[{"count":0,"href":"https:\/\/nexgendecors.com\/fr\/wp-json\/wp\/v2\/product\/170703\/revisions"}],"wp:featuredmedia":[{"embeddable":true,"href":"https:\/\/nexgendecors.com\/fr\/wp-json\/wp\/v2\/media\/170702"}],"wp:attachment":[{"href":"https:\/\/nexgendecors.com\/fr\/wp-json\/wp\/v2\/media?parent=170703"}],"wp:term":[{"taxonomy":"product_brand","embeddable":true,"href":"https:\/\/nexgendecors.com\/fr\/wp-json\/wp\/v2\/product_brand?post=170703"},{"taxonomy":"product_cat","embeddable":true,"href":"https:\/\/nexgendecors.com\/fr\/wp-json\/wp\/v2\/product_cat?post=170703"},{"taxonomy":"product_tag","embeddable":true,"href":"https:\/\/nexgendecors.com\/fr\/wp-json\/wp\/v2\/product_tag?post=170703"}],"curies":[{"name":"wp","href":"https:\/\/api.w.org\/{rel}","templated":true}]}}