{"id":170724,"date":"2025-02-24T15:35:14","date_gmt":"2025-02-24T15:35:14","guid":{"rendered":"https:\/\/nexgendecors.com\/en\/product\/italian-capsule-coffee-machine-portable-office-commercial-small-home-american-coffee-pot-19-pa\/"},"modified":"2025-04-10T12:29:44","modified_gmt":"2025-04-10T12:29:44","slug":"italian-capsule-coffee-machine-portable-office-commercial-small-home-american-coffee-pot-19-pa","status":"publish","type":"product","link":"https:\/\/nexgendecors.com\/fr\/product\/italian-capsule-coffee-machine-portable-office-commercial-small-home-american-coffee-pot-19-pa\/","title":{"rendered":"Machine \u00e0 caf\u00e9 italienne \u00e0 capsules portable bureau commercial petite maison cafeti\u00e8re am\u00e9ricaine 19 Pa"},"content":{"rendered":"","protected":false},"excerpt":{"rendered":"","protected":false},"featured_media":170723,"comment_status":"open","ping_status":"closed","template":"","meta":[],"product_brand":[],"product_cat":[30930,30928,30984],"product_tag":[],"class_list":{"0":"post-170724","1":"product","2":"type-product","3":"status-publish","4":"has-post-thumbnail","6":"product_cat-coffee-makers","7":"product_cat-guest-room","8":"product_cat-hotel-appliances","10":"first","11":"instock","12":"taxable","13":"shipping-taxable","14":"purchasable","15":"product-type-simple"},"_links":{"self":[{"href":"https:\/\/nexgendecors.com\/fr\/wp-json\/wp\/v2\/product\/170724","targetHints":{"allow":["GET"]}}],"collection":[{"href":"https:\/\/nexgendecors.com\/fr\/wp-json\/wp\/v2\/product"}],"about":[{"href":"https:\/\/nexgendecors.com\/fr\/wp-json\/wp\/v2\/types\/product"}],"replies":[{"embeddable":true,"href":"https:\/\/nexgendecors.com\/fr\/wp-json\/wp\/v2\/comments?post=170724"}],"version-history":[{"count":0,"href":"https:\/\/nexgendecors.com\/fr\/wp-json\/wp\/v2\/product\/170724\/revisions"}],"wp:featuredmedia":[{"embeddable":true,"href":"https:\/\/nexgendecors.com\/fr\/wp-json\/wp\/v2\/media\/170723"}],"wp:attachment":[{"href":"https:\/\/nexgendecors.com\/fr\/wp-json\/wp\/v2\/media?parent=170724"}],"wp:term":[{"taxonomy":"product_brand","embeddable":true,"href":"https:\/\/nexgendecors.com\/fr\/wp-json\/wp\/v2\/product_brand?post=170724"},{"taxonomy":"product_cat","embeddable":true,"href":"https:\/\/nexgendecors.com\/fr\/wp-json\/wp\/v2\/product_cat?post=170724"},{"taxonomy":"product_tag","embeddable":true,"href":"https:\/\/nexgendecors.com\/fr\/wp-json\/wp\/v2\/product_tag?post=170724"}],"curies":[{"name":"wp","href":"https:\/\/api.w.org\/{rel}","templated":true}]}}