{"id":170781,"date":"2025-02-24T15:40:02","date_gmt":"2025-02-24T15:40:02","guid":{"rendered":"https:\/\/nexgendecors.com\/en\/product\/factory-supplies-supermarket-disposable-paper-cups-3-ounces-4-ounces-yogurt-tasting-small-paper-cups-customized-paper-cups\/"},"modified":"2025-04-06T10:06:34","modified_gmt":"2025-04-06T10:06:34","slug":"factory-supplies-supermarket-disposable-paper-cups-3-ounces-4-ounces-yogurt-tasting-small-paper-cups-customized-paper-cups","status":"publish","type":"product","link":"https:\/\/nexgendecors.com\/fr\/product\/factory-supplies-supermarket-disposable-paper-cups-3-ounces-4-ounces-yogurt-tasting-small-paper-cups-customized-paper-cups\/","title":{"rendered":"L&#039;usine fournit des gobelets en papier jetables pour supermarch\u00e9s de 3 onces et 4 onces de gobelets en papier de d\u00e9gustation de yaourt, des gobelets en papier personnalis\u00e9s"},"content":{"rendered":"<p><b>Origine<\/b>: China<\/p>\n<p><b>Import\u00e9 ou non<\/b>: Non<\/p>\n<p><b>Personnalisation du traitement<\/b>: Oui<\/p>\n<p><b>utiliser<\/b>: Hot drink cup<\/p>\n<p><b>Is there a cover<\/b>: With cover<\/p>\n<p><b>Sp\u00e9cification<\/b>: 3 oz 4 oz<\/p>\n<p><b>Suitable for gift giving occasions<\/b>: Advertising promotion<\/p>\n<p><b>Impression du LOGO<\/b>: Peut<\/p>\n<p><b>Supply Type<\/b>: Customizable<\/p>\n<p><b>Is it in stock?<\/b>: Oui<\/p>\n<p><b>Principales plateformes aval<\/b>: Amazon<\/p>\n<p><b>Principaux domaines de vente<\/b>: autre<\/p>\n<p><b>Qu&#039;il s&#039;agisse d&#039;une source d\u00e9di\u00e9e de marchandises destin\u00e9es \u00e0 l&#039;exportation transfrontali\u00e8re<\/b>: Oui<\/p>","protected":false},"excerpt":{"rendered":"<p>Origine : Chine Import\u00e9 ou non : non Personnalisation du traitement : oui utilisation : Tasse pour boisson chaude Y a-t-il un couvercle : Avec couvercle Sp\u00e9cification :<\/p>","protected":false},"featured_media":170780,"comment_status":"open","ping_status":"closed","template":"","meta":[],"product_brand":[],"product_cat":[30935,30928],"product_tag":[],"class_list":{"0":"post-170781","1":"product","2":"type-product","3":"status-publish","4":"has-post-thumbnail","6":"product_cat-coffee-supplies","7":"product_cat-guest-room","9":"first","10":"instock","11":"taxable","12":"shipping-taxable","13":"purchasable","14":"product-type-variable"},"_links":{"self":[{"href":"https:\/\/nexgendecors.com\/fr\/wp-json\/wp\/v2\/product\/170781","targetHints":{"allow":["GET"]}}],"collection":[{"href":"https:\/\/nexgendecors.com\/fr\/wp-json\/wp\/v2\/product"}],"about":[{"href":"https:\/\/nexgendecors.com\/fr\/wp-json\/wp\/v2\/types\/product"}],"replies":[{"embeddable":true,"href":"https:\/\/nexgendecors.com\/fr\/wp-json\/wp\/v2\/comments?post=170781"}],"version-history":[{"count":0,"href":"https:\/\/nexgendecors.com\/fr\/wp-json\/wp\/v2\/product\/170781\/revisions"}],"wp:featuredmedia":[{"embeddable":true,"href":"https:\/\/nexgendecors.com\/fr\/wp-json\/wp\/v2\/media\/170780"}],"wp:attachment":[{"href":"https:\/\/nexgendecors.com\/fr\/wp-json\/wp\/v2\/media?parent=170781"}],"wp:term":[{"taxonomy":"product_brand","embeddable":true,"href":"https:\/\/nexgendecors.com\/fr\/wp-json\/wp\/v2\/product_brand?post=170781"},{"taxonomy":"product_cat","embeddable":true,"href":"https:\/\/nexgendecors.com\/fr\/wp-json\/wp\/v2\/product_cat?post=170781"},{"taxonomy":"product_tag","embeddable":true,"href":"https:\/\/nexgendecors.com\/fr\/wp-json\/wp\/v2\/product_tag?post=170781"}],"curies":[{"name":"wp","href":"https:\/\/api.w.org\/{rel}","templated":true}]}}