{"id":170788,"date":"2025-02-24T15:40:18","date_gmt":"2025-02-24T15:40:18","guid":{"rendered":"https:\/\/nexgendecors.com\/en\/product\/source-factory-9-5-ounces-280ml-direct-sales-environmentally-friendly-disposable-paper-cup-manufacturers-can-customize-logo-coffee-paper-cup\/"},"modified":"2025-02-24T15:40:24","modified_gmt":"2025-02-24T15:40:24","slug":"source-factory-9-5-ounces-280ml-direct-sales-environmentally-friendly-disposable-paper-cup-manufacturers-can-customize-logo-coffee-paper-cup","status":"publish","type":"product","link":"https:\/\/nexgendecors.com\/fr\/product\/source-factory-9-5-ounces-280ml-direct-sales-environmentally-friendly-disposable-paper-cup-manufacturers-can-customize-logo-coffee-paper-cup\/","title":{"rendered":"Usine source 9,5 onces 280 ml vente directe fabricants de gobelets en papier jetables respectueux de l&#039;environnement peuvent personnaliser le logo du gobelet en papier \u00e0 caf\u00e9"},"content":{"rendered":"<p><b>Origine<\/b>: Wenzhou<\/p>\n<p><b>Import\u00e9 ou non<\/b>: Non<\/p>\n<p><b>Personnalisation du traitement<\/b>: Oui<\/p>\n<p><b>utiliser<\/b>: General packaging<\/p>\n<p><b>Is there a cover<\/b>: Without cover<\/p>\n<p><b>marque<\/b>: ==<\/p>\n<p><b>Sp\u00e9cification<\/b>: 9.5 oz<\/p>\n<p><b>Impression du LOGO<\/b>: Peut<\/p>\n<p><b>Supply Type<\/b>: Customizable<\/p>\n<p><b>Num\u00e9ro de pi\u00e8ce<\/b>: 12<\/p>\n<p><b>Is it in stock?<\/b>: Oui<\/p>\n<p><b>Qu&#039;il s&#039;agisse d&#039;une source d\u00e9di\u00e9e de marchandises destin\u00e9es \u00e0 l&#039;exportation transfrontali\u00e8re<\/b>: Non<\/p>","protected":false},"excerpt":{"rendered":"<p>Origine : Wenzhou Import\u00e9 ou non : non Personnalisation du traitement : oui utilisation : Emballage g\u00e9n\u00e9ral Y a-t-il un couvercle : Sans couvercle marque : ==<\/p>","protected":false},"featured_media":170787,"comment_status":"open","ping_status":"closed","template":"","meta":[],"product_brand":[],"product_cat":[30935,30928],"product_tag":[],"class_list":{"0":"post-170788","1":"product","2":"type-product","3":"status-publish","4":"has-post-thumbnail","6":"product_cat-coffee-supplies","7":"product_cat-guest-room","9":"first","10":"instock","11":"taxable","12":"shipping-taxable","13":"purchasable","14":"product-type-simple"},"_links":{"self":[{"href":"https:\/\/nexgendecors.com\/fr\/wp-json\/wp\/v2\/product\/170788","targetHints":{"allow":["GET"]}}],"collection":[{"href":"https:\/\/nexgendecors.com\/fr\/wp-json\/wp\/v2\/product"}],"about":[{"href":"https:\/\/nexgendecors.com\/fr\/wp-json\/wp\/v2\/types\/product"}],"replies":[{"embeddable":true,"href":"https:\/\/nexgendecors.com\/fr\/wp-json\/wp\/v2\/comments?post=170788"}],"version-history":[{"count":0,"href":"https:\/\/nexgendecors.com\/fr\/wp-json\/wp\/v2\/product\/170788\/revisions"}],"wp:featuredmedia":[{"embeddable":true,"href":"https:\/\/nexgendecors.com\/fr\/wp-json\/wp\/v2\/media\/170787"}],"wp:attachment":[{"href":"https:\/\/nexgendecors.com\/fr\/wp-json\/wp\/v2\/media?parent=170788"}],"wp:term":[{"taxonomy":"product_brand","embeddable":true,"href":"https:\/\/nexgendecors.com\/fr\/wp-json\/wp\/v2\/product_brand?post=170788"},{"taxonomy":"product_cat","embeddable":true,"href":"https:\/\/nexgendecors.com\/fr\/wp-json\/wp\/v2\/product_cat?post=170788"},{"taxonomy":"product_tag","embeddable":true,"href":"https:\/\/nexgendecors.com\/fr\/wp-json\/wp\/v2\/product_tag?post=170788"}],"curies":[{"name":"wp","href":"https:\/\/api.w.org\/{rel}","templated":true}]}}