{"id":171107,"date":"2025-02-24T15:51:17","date_gmt":"2025-02-24T15:51:17","guid":{"rendered":"https:\/\/nexgendecors.com\/en\/product\/bamboo-fiber-natural-color-paper-cup-disposable-1000-pcs-cup-water-cup-household-tea-coffee-cup-commercial-large-size\/"},"modified":"2025-04-06T10:06:55","modified_gmt":"2025-04-06T10:06:55","slug":"bamboo-fiber-natural-color-paper-cup-disposable-1000-pcs-cup-water-cup-household-tea-coffee-cup-commercial-large-size","status":"publish","type":"product","link":"https:\/\/nexgendecors.com\/fr\/product\/bamboo-fiber-natural-color-paper-cup-disposable-1000-pcs-cup-water-cup-household-tea-coffee-cup-commercial-large-size\/","title":{"rendered":"Gobelet en papier de couleur naturelle en fibre de bambou jetable 1000 pi\u00e8ces tasse tasse \u00e0 eau tasse \u00e0 th\u00e9 domestique tasse \u00e0 caf\u00e9 commerciale grande taille"},"content":{"rendered":"<p><b>marque<\/b>: Lan Yuexing<\/p>\n<p><b>Num\u00e9ro de pi\u00e8ce<\/b>: TM-654156475534<\/p>\n<p><b>utiliser<\/b>: General packaging<\/p>\n<p><b>Sp\u00e9cification<\/b>: 50, 100, 200, 1000, 500<\/p>\n<p><b>couleur<\/b>: 9 ounces [super thick hardcover] Mountain Flowers in Full Bloom, 7 ounces [thick hardcover] Pure Color Cup, 9 ounces [super thick hardcover] Fresh Green, 7 ounces [thick hardcover] Ginkgo Leaves, 9 ounces [super thick hardcover] Orchid Room<\/p>\n<p><b>Nombre<\/b>: 200<\/p>","protected":false},"excerpt":{"rendered":"<p>Marque : Lan Yuexing Num\u00e9ro de pi\u00e8ce : TM-654156475534 Utilisation : Emballage g\u00e9n\u00e9ral Sp\u00e9cifications : 50, 100, 200, 1000, 500 Couleur : 9 onces [super \u00e9pais<\/p>","protected":false},"featured_media":171106,"comment_status":"open","ping_status":"closed","template":"","meta":[],"product_brand":[],"product_cat":[30935,30928],"product_tag":[],"class_list":{"0":"post-171107","1":"product","2":"type-product","3":"status-publish","4":"has-post-thumbnail","6":"product_cat-coffee-supplies","7":"product_cat-guest-room","9":"first","10":"instock","11":"taxable","12":"shipping-taxable","13":"purchasable","14":"product-type-variable"},"_links":{"self":[{"href":"https:\/\/nexgendecors.com\/fr\/wp-json\/wp\/v2\/product\/171107","targetHints":{"allow":["GET"]}}],"collection":[{"href":"https:\/\/nexgendecors.com\/fr\/wp-json\/wp\/v2\/product"}],"about":[{"href":"https:\/\/nexgendecors.com\/fr\/wp-json\/wp\/v2\/types\/product"}],"replies":[{"embeddable":true,"href":"https:\/\/nexgendecors.com\/fr\/wp-json\/wp\/v2\/comments?post=171107"}],"version-history":[{"count":0,"href":"https:\/\/nexgendecors.com\/fr\/wp-json\/wp\/v2\/product\/171107\/revisions"}],"wp:featuredmedia":[{"embeddable":true,"href":"https:\/\/nexgendecors.com\/fr\/wp-json\/wp\/v2\/media\/171106"}],"wp:attachment":[{"href":"https:\/\/nexgendecors.com\/fr\/wp-json\/wp\/v2\/media?parent=171107"}],"wp:term":[{"taxonomy":"product_brand","embeddable":true,"href":"https:\/\/nexgendecors.com\/fr\/wp-json\/wp\/v2\/product_brand?post=171107"},{"taxonomy":"product_cat","embeddable":true,"href":"https:\/\/nexgendecors.com\/fr\/wp-json\/wp\/v2\/product_cat?post=171107"},{"taxonomy":"product_tag","embeddable":true,"href":"https:\/\/nexgendecors.com\/fr\/wp-json\/wp\/v2\/product_tag?post=171107"}],"curies":[{"name":"wp","href":"https:\/\/api.w.org\/{rel}","templated":true}]}}