{"id":171376,"date":"2025-02-25T03:53:02","date_gmt":"2025-02-25T03:53:02","guid":{"rendered":"https:\/\/nexgendecors.com\/en\/product\/wholesale-bathroom-touchless-airblade-jet-air-blade-automatic-hand-dryer-commercial-1800w-sensor-for-toilet\/"},"modified":"2025-04-06T10:07:04","modified_gmt":"2025-04-06T10:07:04","slug":"wholesale-bathroom-touchless-airblade-jet-air-blade-automatic-hand-dryer-commercial-1800w-sensor-for-toilet","status":"publish","type":"product","link":"https:\/\/nexgendecors.com\/fr\/product\/wholesale-bathroom-touchless-airblade-jet-air-blade-automatic-hand-dryer-commercial-1800w-sensor-for-toilet\/","title":{"rendered":"S\u00e8che-mains automatique sans contact Airblade Jet Air Blade, vente en gros, capteur commercial 1800 W pour toilettes"},"content":{"rendered":"<ul>\n<li><strong>service apr\u00e8s-vente assur\u00e9 : <\/strong> Pi\u00e8ces de rechange gratuites<\/li>\n<li><strong>garantie : <\/strong> 1 an<\/li>\n<li><strong>application : <\/strong> outdoor, Hotel, Commercial, Household<\/li>\n<li><strong>source d&#039;\u00e9nergie : <\/strong> \u00c9lectrique<\/li>\n<li><strong>contr\u00f4l\u00e9 par l&#039;application : <\/strong> NON<\/li>\n<li><strong>moule priv\u00e9 : <\/strong> Oui<\/li>\n<li><strong>logo\/motif : <\/strong> Impression 3D<\/li>\n<li><strong>sensor : <\/strong> Oui<\/li>\n<li><strong>puissance w : <\/strong> 1800<\/li>\n<li><strong>tension v : <\/strong> 220<\/li>\n<li><strong>nom de marque : <\/strong> Interhasa<\/li>\n<li><strong>num\u00e9ro de mod\u00e8le : <\/strong> HSD-A1688<\/li>\n<li><strong>lieu d&#039;origine : <\/strong> Zhejiang, Chine<\/li>\n<li><strong>Application : <\/strong> Commercial<\/li>\n<li><strong>Mat\u00e9riel : <\/strong> ABS Plastic<\/li>\n<li><strong>Pouvoir : <\/strong> 1800<\/li>\n<li><strong>Couleur : <\/strong> Personnalis\u00e9<\/li>\n<li><strong>Nom du produit : <\/strong> High Speed Jet Air Hand Dryer<\/li>\n<\/ul>","protected":false},"excerpt":{"rendered":"<p>Service apr\u00e8s-vente fourni : Garantie pi\u00e8ces d\u00e9tach\u00e9es gratuites : 1 an application : ext\u00e9rieur, h\u00f4tel, commercial, domestique source d&#039;alimentation :<\/p>","protected":false},"featured_media":171375,"comment_status":"open","ping_status":"closed","template":"","meta":[],"product_brand":[],"product_cat":[30927,30940],"product_tag":[],"class_list":{"0":"post-171376","1":"product","2":"type-product","3":"status-publish","4":"has-post-thumbnail","6":"product_cat-bath","7":"product_cat-hotel-shower-dispensers-liquid","9":"first","10":"instock","11":"taxable","12":"shipping-taxable","13":"purchasable","14":"product-type-variable"},"_links":{"self":[{"href":"https:\/\/nexgendecors.com\/fr\/wp-json\/wp\/v2\/product\/171376","targetHints":{"allow":["GET"]}}],"collection":[{"href":"https:\/\/nexgendecors.com\/fr\/wp-json\/wp\/v2\/product"}],"about":[{"href":"https:\/\/nexgendecors.com\/fr\/wp-json\/wp\/v2\/types\/product"}],"replies":[{"embeddable":true,"href":"https:\/\/nexgendecors.com\/fr\/wp-json\/wp\/v2\/comments?post=171376"}],"version-history":[{"count":0,"href":"https:\/\/nexgendecors.com\/fr\/wp-json\/wp\/v2\/product\/171376\/revisions"}],"wp:featuredmedia":[{"embeddable":true,"href":"https:\/\/nexgendecors.com\/fr\/wp-json\/wp\/v2\/media\/171375"}],"wp:attachment":[{"href":"https:\/\/nexgendecors.com\/fr\/wp-json\/wp\/v2\/media?parent=171376"}],"wp:term":[{"taxonomy":"product_brand","embeddable":true,"href":"https:\/\/nexgendecors.com\/fr\/wp-json\/wp\/v2\/product_brand?post=171376"},{"taxonomy":"product_cat","embeddable":true,"href":"https:\/\/nexgendecors.com\/fr\/wp-json\/wp\/v2\/product_cat?post=171376"},{"taxonomy":"product_tag","embeddable":true,"href":"https:\/\/nexgendecors.com\/fr\/wp-json\/wp\/v2\/product_tag?post=171376"}],"curies":[{"name":"wp","href":"https:\/\/api.w.org\/{rel}","templated":true}]}}