{"id":171453,"date":"2025-02-25T03:56:17","date_gmt":"2025-02-25T03:56:17","guid":{"rendered":"https:\/\/nexgendecors.com\/en\/product\/commerical-automatic-hand-dryer-with-tray-wall-mounted-hot-cold-adjust-induction-sensor-1250w-high-power-dry-machine-toilet\/"},"modified":"2025-04-06T10:07:17","modified_gmt":"2025-04-06T10:07:17","slug":"commerical-automatic-hand-dryer-with-tray-wall-mounted-hot-cold-adjust-induction-sensor-1250w-high-power-dry-machine-toilet","status":"publish","type":"product","link":"https:\/\/nexgendecors.com\/fr\/product\/commerical-automatic-hand-dryer-with-tray-wall-mounted-hot-cold-adjust-induction-sensor-1250w-high-power-dry-machine-toilet\/","title":{"rendered":"S\u00e8che-mains automatique commercial avec plateau, montage mural, r\u00e9glage chaud-froid, capteur \u00e0 induction, 1\u00a0250 W, haute puissance, s\u00e8che-mains pour toilettes"},"content":{"rendered":"<ul>\n<li><strong>service apr\u00e8s-vente assur\u00e9 : <\/strong> Centres d&#039;appels \u00e0 l&#039;\u00e9tranger<\/li>\n<li><strong>garantie : <\/strong> 1 an<\/li>\n<li><strong>langue de fonctionnement : <\/strong> Anglais<\/li>\n<li><strong>application : <\/strong> H\u00f4tel, M\u00e9nage<\/li>\n<li><strong>source d&#039;\u00e9nergie : <\/strong> \u00c9lectrique<\/li>\n<li><strong>contr\u00f4l\u00e9 par l&#039;application : <\/strong> NON<\/li>\n<li><strong>moule priv\u00e9 : <\/strong> Oui<\/li>\n<li><strong>logo\/motif : <\/strong> Impression 3D<\/li>\n<li><strong>sensor : <\/strong> Oui<\/li>\n<li><strong>puissance w : <\/strong> 1250<\/li>\n<li><strong>tension v : <\/strong> 220<\/li>\n<li><strong>nom de marque : <\/strong> interhasa<\/li>\n<li><strong>num\u00e9ro de mod\u00e8le : <\/strong> a3800<\/li>\n<li><strong>lieu d&#039;origine : <\/strong> Zhejiang, Chine<\/li>\n<li><strong>Nom du produit : <\/strong> automatic hand dryer with hepa<\/li>\n<li><strong>Rated Power : <\/strong> 1250w<\/li>\n<li><strong>Wind temperature : <\/strong> 45\u2103<\/li>\n<li><strong>Rated frequency : <\/strong> 50HZ<\/li>\n<li><strong>Wind speed : <\/strong> 100m\/s  High Speed Hand Dryer<\/li>\n<li><strong>Sensing distance : <\/strong> 8-10cm<\/li>\n<li><strong>specification : <\/strong> Hot and cold<\/li>\n<li><strong>Certification : <\/strong> ce<\/li>\n<li><strong>Couleur : <\/strong> Silver black and white<\/li>\n<\/ul>","protected":false},"excerpt":{"rendered":"<p>after-sales service provided : Overseas Call Centers warranty : 1 Year operating language : English application : Hotel, Household power<\/p>","protected":false},"featured_media":171452,"comment_status":"open","ping_status":"closed","template":"","meta":[],"product_brand":[],"product_cat":[30927,30940],"product_tag":[],"class_list":{"0":"post-171453","1":"product","2":"type-product","3":"status-publish","4":"has-post-thumbnail","6":"product_cat-bath","7":"product_cat-hotel-shower-dispensers-liquid","9":"first","10":"instock","11":"taxable","12":"shipping-taxable","13":"purchasable","14":"product-type-variable"},"_links":{"self":[{"href":"https:\/\/nexgendecors.com\/fr\/wp-json\/wp\/v2\/product\/171453","targetHints":{"allow":["GET"]}}],"collection":[{"href":"https:\/\/nexgendecors.com\/fr\/wp-json\/wp\/v2\/product"}],"about":[{"href":"https:\/\/nexgendecors.com\/fr\/wp-json\/wp\/v2\/types\/product"}],"replies":[{"embeddable":true,"href":"https:\/\/nexgendecors.com\/fr\/wp-json\/wp\/v2\/comments?post=171453"}],"version-history":[{"count":0,"href":"https:\/\/nexgendecors.com\/fr\/wp-json\/wp\/v2\/product\/171453\/revisions"}],"wp:featuredmedia":[{"embeddable":true,"href":"https:\/\/nexgendecors.com\/fr\/wp-json\/wp\/v2\/media\/171452"}],"wp:attachment":[{"href":"https:\/\/nexgendecors.com\/fr\/wp-json\/wp\/v2\/media?parent=171453"}],"wp:term":[{"taxonomy":"product_brand","embeddable":true,"href":"https:\/\/nexgendecors.com\/fr\/wp-json\/wp\/v2\/product_brand?post=171453"},{"taxonomy":"product_cat","embeddable":true,"href":"https:\/\/nexgendecors.com\/fr\/wp-json\/wp\/v2\/product_cat?post=171453"},{"taxonomy":"product_tag","embeddable":true,"href":"https:\/\/nexgendecors.com\/fr\/wp-json\/wp\/v2\/product_tag?post=171453"}],"curies":[{"name":"wp","href":"https:\/\/api.w.org\/{rel}","templated":true}]}}