{"id":171480,"date":"2025-02-25T03:57:11","date_gmt":"2025-02-25T03:57:11","guid":{"rendered":"https:\/\/nexgendecors.com\/en\/product\/automatic-sensor-wall-mounted-air-hand-dryers-plastic-public-bathroom-commercial-for-dry-toilet\/"},"modified":"2025-02-25T03:57:27","modified_gmt":"2025-02-25T03:57:27","slug":"automatic-sensor-wall-mounted-air-hand-dryers-plastic-public-bathroom-commercial-for-dry-toilet","status":"publish","type":"product","link":"https:\/\/nexgendecors.com\/fr\/product\/automatic-sensor-wall-mounted-air-hand-dryers-plastic-public-bathroom-commercial-for-dry-toilet\/","title":{"rendered":"Automatic Sensor Wall Mounted Air Hand Dryers Plastic Public Bathroom Commercial for Dry Toilet"},"content":{"rendered":"<ul>\n<li><strong>service apr\u00e8s-vente assur\u00e9 : <\/strong> Centres d&#039;appels \u00e0 l&#039;\u00e9tranger<\/li>\n<li><strong>garantie : <\/strong> 1 an<\/li>\n<li><strong>application : <\/strong> H\u00f4tel, Commercial, M\u00e9nage<\/li>\n<li><strong>source d&#039;\u00e9nergie : <\/strong> \u00c9lectrique<\/li>\n<li><strong>contr\u00f4l\u00e9 par l&#039;application : <\/strong> NON<\/li>\n<li><strong>moule priv\u00e9 : <\/strong> Oui<\/li>\n<li><strong>logo\/motif : <\/strong> 3D Printing, Laser Printing<\/li>\n<li><strong>sensor : <\/strong> Oui<\/li>\n<li><strong>puissance w : <\/strong> 1200<\/li>\n<li><strong>tension v : <\/strong> 220<\/li>\n<li><strong>nom de marque : <\/strong> interhasa<\/li>\n<li><strong>num\u00e9ro de mod\u00e8le : <\/strong> HSD-905<\/li>\n<li><strong>lieu d&#039;origine : <\/strong> Zhejiang, Chine<\/li>\n<li><strong>Nom du produit : <\/strong> automatic hand dryer<\/li>\n<li><strong>Tension : <\/strong> AC220V 50HZ<\/li>\n<li><strong>Rated Power : <\/strong> 1200W<\/li>\n<li><strong>Current : <\/strong> 7.2A<\/li>\n<li><strong>Water splash proof : <\/strong> 1PX4<\/li>\n<li><strong>Blowing rate : <\/strong> 30m\/s<\/li>\n<li><strong>Mat\u00e9riel : <\/strong> ABS<\/li>\n<li><strong>Couleur : <\/strong> white silver golden black red orange yellow blue green<\/li>\n<li><strong>Taper : <\/strong> Hotel Automatic Hand Dryer<\/li>\n<li><strong>Fonctionnalit\u00e9 : <\/strong> Hot Air Switch<\/li>\n<\/ul>","protected":false},"excerpt":{"rendered":"<p>service apr\u00e8s-vente fourni : Centres d'appel \u00e0 l'\u00e9tranger Garantie : 1 an Application : H\u00f4tel, commerce, maison Source d'alimentation : \u00c9lectrique<\/p>","protected":false},"featured_media":171479,"comment_status":"open","ping_status":"closed","template":"","meta":[],"product_brand":[],"product_cat":[30927,30940],"product_tag":[],"class_list":{"0":"post-171480","1":"product","2":"type-product","3":"status-publish","4":"has-post-thumbnail","6":"product_cat-bath","7":"product_cat-hotel-shower-dispensers-liquid","9":"first","10":"instock","11":"taxable","12":"shipping-taxable","13":"purchasable","14":"product-type-variable"},"_links":{"self":[{"href":"https:\/\/nexgendecors.com\/fr\/wp-json\/wp\/v2\/product\/171480","targetHints":{"allow":["GET"]}}],"collection":[{"href":"https:\/\/nexgendecors.com\/fr\/wp-json\/wp\/v2\/product"}],"about":[{"href":"https:\/\/nexgendecors.com\/fr\/wp-json\/wp\/v2\/types\/product"}],"replies":[{"embeddable":true,"href":"https:\/\/nexgendecors.com\/fr\/wp-json\/wp\/v2\/comments?post=171480"}],"version-history":[{"count":0,"href":"https:\/\/nexgendecors.com\/fr\/wp-json\/wp\/v2\/product\/171480\/revisions"}],"wp:featuredmedia":[{"embeddable":true,"href":"https:\/\/nexgendecors.com\/fr\/wp-json\/wp\/v2\/media\/171479"}],"wp:attachment":[{"href":"https:\/\/nexgendecors.com\/fr\/wp-json\/wp\/v2\/media?parent=171480"}],"wp:term":[{"taxonomy":"product_brand","embeddable":true,"href":"https:\/\/nexgendecors.com\/fr\/wp-json\/wp\/v2\/product_brand?post=171480"},{"taxonomy":"product_cat","embeddable":true,"href":"https:\/\/nexgendecors.com\/fr\/wp-json\/wp\/v2\/product_cat?post=171480"},{"taxonomy":"product_tag","embeddable":true,"href":"https:\/\/nexgendecors.com\/fr\/wp-json\/wp\/v2\/product_tag?post=171480"}],"curies":[{"name":"wp","href":"https:\/\/api.w.org\/{rel}","templated":true}]}}