{"id":171599,"date":"2025-02-25T04:03:19","date_gmt":"2025-02-25T04:03:19","guid":{"rendered":"https:\/\/nexgendecors.com\/en\/product\/touchless-usb-charging-smart-infrared-automatic-electric-sensor-liquid-foam-soap-dispenser-hand-sanitizer\/"},"modified":"2025-04-06T10:08:11","modified_gmt":"2025-04-06T10:08:11","slug":"touchless-usb-charging-smart-infrared-automatic-electric-sensor-liquid-foam-soap-dispenser-hand-sanitizer","status":"publish","type":"product","link":"https:\/\/nexgendecors.com\/fr\/product\/touchless-usb-charging-smart-infrared-automatic-electric-sensor-liquid-foam-soap-dispenser-hand-sanitizer\/","title":{"rendered":"Distributeur de savon liquide automatique \u00e0 capteur infrarouge intelligent, chargement USB sans contact, d\u00e9sinfectant pour les mains"},"content":{"rendered":"<ul>\n<li><strong>Garantie : <\/strong> 1 an<\/li>\n<li><strong>Service apr\u00e8s-vente : <\/strong> Assistance technique en ligne, Pi\u00e8ces d\u00e9tach\u00e9es gratuites, Retour et remplacement, Autre<\/li>\n<li><strong>Capacit\u00e9 de solution de projet : <\/strong> conception graphique, conception de mod\u00e8les 3D, solution globale pour projets, consolidation intercat\u00e9gories, autres<\/li>\n<li><strong>Application : <\/strong> H\u00f4tel, Maison.H\u00f4tel.Salle de bain.Salle de douche<\/li>\n<li><strong>Style de conception : <\/strong> Moderne<\/li>\n<li><strong>Lieu d&#039;origine : <\/strong> Zhejiang, Chine<\/li>\n<li><strong>Nom de marque : <\/strong> Salut ! Salut !<\/li>\n<li><strong>Num\u00e9ro de mod\u00e8le : <\/strong> P1290019<\/li>\n<li><strong>Fonctionnalit\u00e9 : <\/strong> Distributeur de savon mousse<\/li>\n<li><strong>mat\u00e9riau principal : <\/strong> Plastique<\/li>\n<li><strong>Type de distributeur de savon liquide : <\/strong> Distributeur automatique de savon<\/li>\n<li><strong>Nom du produit : <\/strong> Distributeur automatique de savon liquide sans contact<\/li>\n<li><strong>Mat\u00e9riau principal : <\/strong> Plastique ABS<\/li>\n<li><strong>Capacit\u00e9 : <\/strong> 300 ml<\/li>\n<li><strong>Couleur : <\/strong> personnaliser<\/li>\n<li><strong>Mat\u00e9riel : <\/strong> Plastique ABS + PC<\/li>\n<li><strong>Utilisation : <\/strong> Salle de bain de l&#039;h\u00f4tel<\/li>\n<li><strong>Taper : <\/strong> Distributeur de savon liquide pour les mains pour h\u00f4tel<\/li>\n<li><strong>Installation : <\/strong> Installation murale<\/li>\n<li><strong>Fonction : <\/strong> Distributeur de mousse pour les mains<\/li>\n<\/ul>","protected":false},"excerpt":{"rendered":"<p>Garantie : 1 an Service apr\u00e8s-vente : Support technique en ligne, Pi\u00e8ces de rechange gratuites, Retour et remplacement, Autres capacit\u00e9s de solution de projet<\/p>","protected":false},"featured_media":171598,"comment_status":"open","ping_status":"closed","template":"","meta":[],"product_brand":[],"product_cat":[30927,30940],"product_tag":[],"class_list":{"0":"post-171599","1":"product","2":"type-product","3":"status-publish","4":"has-post-thumbnail","6":"product_cat-bath","7":"product_cat-hotel-shower-dispensers-liquid","9":"first","10":"instock","11":"taxable","12":"shipping-taxable","13":"purchasable","14":"product-type-variable"},"_links":{"self":[{"href":"https:\/\/nexgendecors.com\/fr\/wp-json\/wp\/v2\/product\/171599","targetHints":{"allow":["GET"]}}],"collection":[{"href":"https:\/\/nexgendecors.com\/fr\/wp-json\/wp\/v2\/product"}],"about":[{"href":"https:\/\/nexgendecors.com\/fr\/wp-json\/wp\/v2\/types\/product"}],"replies":[{"embeddable":true,"href":"https:\/\/nexgendecors.com\/fr\/wp-json\/wp\/v2\/comments?post=171599"}],"version-history":[{"count":0,"href":"https:\/\/nexgendecors.com\/fr\/wp-json\/wp\/v2\/product\/171599\/revisions"}],"wp:featuredmedia":[{"embeddable":true,"href":"https:\/\/nexgendecors.com\/fr\/wp-json\/wp\/v2\/media\/171598"}],"wp:attachment":[{"href":"https:\/\/nexgendecors.com\/fr\/wp-json\/wp\/v2\/media?parent=171599"}],"wp:term":[{"taxonomy":"product_brand","embeddable":true,"href":"https:\/\/nexgendecors.com\/fr\/wp-json\/wp\/v2\/product_brand?post=171599"},{"taxonomy":"product_cat","embeddable":true,"href":"https:\/\/nexgendecors.com\/fr\/wp-json\/wp\/v2\/product_cat?post=171599"},{"taxonomy":"product_tag","embeddable":true,"href":"https:\/\/nexgendecors.com\/fr\/wp-json\/wp\/v2\/product_tag?post=171599"}],"curies":[{"name":"wp","href":"https:\/\/api.w.org\/{rel}","templated":true}]}}