{"id":171688,"date":"2025-02-25T04:10:49","date_gmt":"2025-02-25T04:10:49","guid":{"rendered":"https:\/\/nexgendecors.com\/en\/product\/bathroom-tissue-dispenser-wall-mounted-punch-free-paper-towel-dispenser-for-kitchen-toilet-paper-holder-e6012\/"},"modified":"2025-04-06T10:08:31","modified_gmt":"2025-04-06T10:08:31","slug":"bathroom-tissue-dispenser-wall-mounted-punch-free-paper-towel-dispenser-for-kitchen-toilet-paper-holder-e6012","status":"publish","type":"product","link":"https:\/\/nexgendecors.com\/fr\/product\/bathroom-tissue-dispenser-wall-mounted-punch-free-paper-towel-dispenser-for-kitchen-toilet-paper-holder-e6012\/","title":{"rendered":"Distributeur de mouchoirs en papier pour la salle de bain Distributeur mural de serviettes en papier sans perforation pour la cuisine Porte-papier hygi\u00e9nique E6012"},"content":{"rendered":"<ul>\n<li><strong>Garantie : <\/strong> 1 an<\/li>\n<li><strong>Fonctionnalit\u00e9 : <\/strong> Plastic, Wall-mounted, Sustainable, Durable<\/li>\n<li><strong>Forme : <\/strong> Rectangular, Customized<\/li>\n<li><strong>Service apr\u00e8s-vente : <\/strong> Online technical support<\/li>\n<li><strong>Capacit\u00e9 de solution de projet : <\/strong> Others<\/li>\n<li><strong>Application : <\/strong> Salle de bain<\/li>\n<li><strong>Style de conception : <\/strong> Moderne<\/li>\n<li><strong>Lieu d&#039;origine : <\/strong> Zhejiang, Chine<\/li>\n<li><strong>Nom de marque : <\/strong> interhasa!<\/li>\n<li><strong>Num\u00e9ro de mod\u00e8le : <\/strong> HSD-E6012<\/li>\n<li><strong>Mat\u00e9riel : <\/strong> Plastic, ABS Plastic<\/li>\n<li><strong>Nom du produit : <\/strong> Kitchen toilet tissue paper dispenser<\/li>\n<li><strong>Utilisation : <\/strong> Accueil H\u00f4tel Restaurant<\/li>\n<li><strong>Couleur : <\/strong> Couleur personnalis\u00e9e<\/li>\n<li><strong>Logo : <\/strong> Accept Customized<\/li>\n<li><strong>Taper : <\/strong> hand Towel dispenser<\/li>\n<li><strong>Installation : <\/strong> Wall Mountd<\/li>\n<li><strong>Taille : <\/strong> 298*110*230mm<\/li>\n<li><strong>Emballage : <\/strong> Color Box<\/li>\n<\/ul>","protected":false},"excerpt":{"rendered":"<p>Garantie : 1 an Caract\u00e9ristique : Plastique, montage mural, durable Forme : Rectangulaire, personnalis\u00e9e Service apr\u00e8s-vente : Assistance technique en ligne<\/p>","protected":false},"featured_media":171687,"comment_status":"open","ping_status":"closed","template":"","meta":[],"product_brand":[],"product_cat":[30927,30940],"product_tag":[],"class_list":{"0":"post-171688","1":"product","2":"type-product","3":"status-publish","4":"has-post-thumbnail","6":"product_cat-bath","7":"product_cat-hotel-shower-dispensers-liquid","9":"first","10":"instock","11":"taxable","12":"shipping-taxable","13":"purchasable","14":"product-type-variable"},"_links":{"self":[{"href":"https:\/\/nexgendecors.com\/fr\/wp-json\/wp\/v2\/product\/171688","targetHints":{"allow":["GET"]}}],"collection":[{"href":"https:\/\/nexgendecors.com\/fr\/wp-json\/wp\/v2\/product"}],"about":[{"href":"https:\/\/nexgendecors.com\/fr\/wp-json\/wp\/v2\/types\/product"}],"replies":[{"embeddable":true,"href":"https:\/\/nexgendecors.com\/fr\/wp-json\/wp\/v2\/comments?post=171688"}],"version-history":[{"count":0,"href":"https:\/\/nexgendecors.com\/fr\/wp-json\/wp\/v2\/product\/171688\/revisions"}],"wp:featuredmedia":[{"embeddable":true,"href":"https:\/\/nexgendecors.com\/fr\/wp-json\/wp\/v2\/media\/171687"}],"wp:attachment":[{"href":"https:\/\/nexgendecors.com\/fr\/wp-json\/wp\/v2\/media?parent=171688"}],"wp:term":[{"taxonomy":"product_brand","embeddable":true,"href":"https:\/\/nexgendecors.com\/fr\/wp-json\/wp\/v2\/product_brand?post=171688"},{"taxonomy":"product_cat","embeddable":true,"href":"https:\/\/nexgendecors.com\/fr\/wp-json\/wp\/v2\/product_cat?post=171688"},{"taxonomy":"product_tag","embeddable":true,"href":"https:\/\/nexgendecors.com\/fr\/wp-json\/wp\/v2\/product_tag?post=171688"}],"curies":[{"name":"wp","href":"https:\/\/api.w.org\/{rel}","templated":true}]}}