{"id":17185,"date":"2025-01-13T14:22:52","date_gmt":"2025-01-13T14:22:52","guid":{"rendered":"https:\/\/nexgendecors.com\/product\/yanaso-transparent-bathtub-resin-bathtub-colored-crystal-tank-independent-hotel-net-red-goose-egg-integrated-bathtub\/"},"modified":"2025-04-06T07:40:13","modified_gmt":"2025-04-06T07:40:13","slug":"baignoire-transparente-yanaso-baignoire-en-resine-reservoir-en-cristal-colore-baignoire-integree-independante-pour-hotel-filet-rouge-oeuf-doie","status":"publish","type":"product","link":"https:\/\/nexgendecors.com\/fr\/product\/baignoire-transparente-yanaso-baignoire-en-resine-reservoir-en-cristal-colore-baignoire-integree-independante-pour-hotel-filet-rouge-oeuf-doie\/","title":{"rendered":"Baignoire en r\u00e9sine cristalline Yanaso \u2013 Design chic et moderne"},"content":{"rendered":"<ul>\n<li>\n<strong>marque<\/strong>:YANASO\/Yanaso (mat\u00e9riau principal de la d\u00e9coration de la maison)<\/li>\n<li>\n<strong>mod\u00e8le<\/strong>:YNS-8608T<\/li>\n<li>\n<strong>forme<\/strong>:D\u00e9tach\u00e9<\/li>\n<li>\n<strong>Origine<\/strong>:Chine continentale<\/li>\n<li>\n<strong>province<\/strong>:Province du Guangdong<\/li>\n<li>\n<strong>ville<\/strong>:Jiangmen<\/li>\n<li>\n<strong>Est-ce qu&#039;il contient un robinet ?<\/strong>:Non inclus<\/li>\n<li>\n<strong>longueur<\/strong>:1,3m 1,4m 1,5m 1,6m 1,7m 1,8m<\/li>\n<li>\n<strong>Mat\u00e9riel<\/strong>:R\u00e9sine transparente<\/li>\n<li>\n<strong>Y a-t-il des mains courantes ?<\/strong>:Non<\/li>\n<li>\n<strong>Service en ville<\/strong>:Livraison porte-\u00e0-porte logistique intra-urbaine<\/li>\n<li>\n<strong>trier par couleur<\/strong>:[Bord \u00e9pais] Rouge vin [Bord \u00e9pais] Bleu ciel \u00e9toil\u00e9 [Bord \u00e9pais] Gris noir [Bord \u00e9pais] Vert for\u00eat [Bord \u00e9pais] Rouge cristal [Bord \u00e9pais] Vert th\u00e9 [Bord \u00e9pais] Brun rouge [Bord \u00e9pais] Violet [Bord \u00e9pais] Rouge orang\u00e9 [Bord \u00e9pais] Couleur transparente [Bord \u00e9pais] Jaune citron [Bord \u00e9pais] Ambre [Bord fin] Rouge vin [Bord fin] Bleu ciel \u00e9toil\u00e9 [Bord fin] Gris noir [Bord fin] Vert for\u00eat [Bord fin] Rouge cristal [Bord fin] Vert th\u00e9 [Bord fin] Brun rouge [Bord fin] Violet [Bord fin] Rouge orang\u00e9 [Bord fin] Couleur transparente [Bord fin] Jaune citron [Bord fin] Ambre Personnalisation des couleurs \u2013 couleur<\/li>\n<\/ul>\n<p><img><\/p>","protected":false},"excerpt":{"rendered":"<p>Marque : YANASO\/Yanaso (mat\u00e9riau principal de d\u00e9coration int\u00e9rieure) Mod\u00e8le : YNS-8608T Forme : D\u00e9tach\u00e9e Origine : Chine continentale Province : Province du Guangdong Ville : Jiangmen Contient-il un robinet ? : Non inclus Longueur : 1,3 m 1,4 m<\/p>","protected":false},"featured_media":18887,"comment_status":"open","ping_status":"closed","template":"","meta":[],"product_brand":[],"product_cat":[30971,869],"product_tag":[30973],"class_list":{"0":"post-17185","1":"product","2":"type-product","3":"status-publish","4":"has-post-thumbnail","6":"product_cat-hp","7":"product_cat-wholesale-bathtub","8":"product_tag-tub","10":"first","11":"instock","12":"taxable","13":"shipping-taxable","14":"purchasable","15":"product-type-variable"},"_links":{"self":[{"href":"https:\/\/nexgendecors.com\/fr\/wp-json\/wp\/v2\/product\/17185","targetHints":{"allow":["GET"]}}],"collection":[{"href":"https:\/\/nexgendecors.com\/fr\/wp-json\/wp\/v2\/product"}],"about":[{"href":"https:\/\/nexgendecors.com\/fr\/wp-json\/wp\/v2\/types\/product"}],"replies":[{"embeddable":true,"href":"https:\/\/nexgendecors.com\/fr\/wp-json\/wp\/v2\/comments?post=17185"}],"version-history":[{"count":0,"href":"https:\/\/nexgendecors.com\/fr\/wp-json\/wp\/v2\/product\/17185\/revisions"}],"wp:featuredmedia":[{"embeddable":true,"href":"https:\/\/nexgendecors.com\/fr\/wp-json\/wp\/v2\/media\/18887"}],"wp:attachment":[{"href":"https:\/\/nexgendecors.com\/fr\/wp-json\/wp\/v2\/media?parent=17185"}],"wp:term":[{"taxonomy":"product_brand","embeddable":true,"href":"https:\/\/nexgendecors.com\/fr\/wp-json\/wp\/v2\/product_brand?post=17185"},{"taxonomy":"product_cat","embeddable":true,"href":"https:\/\/nexgendecors.com\/fr\/wp-json\/wp\/v2\/product_cat?post=17185"},{"taxonomy":"product_tag","embeddable":true,"href":"https:\/\/nexgendecors.com\/fr\/wp-json\/wp\/v2\/product_tag?post=17185"}],"curies":[{"name":"wp","href":"https:\/\/api.w.org\/{rel}","templated":true}]}}