{"id":172163,"date":"2025-02-25T04:28:10","date_gmt":"2025-02-25T04:28:10","guid":{"rendered":"https:\/\/nexgendecors.com\/en\/product\/air-tap-hand-dryer-2-in-1-automatic-brass-high-speed-jet-hand-dryers-commercial-for-toilet-with-hepa-filter-a3871\/"},"modified":"2025-02-25T04:28:31","modified_gmt":"2025-02-25T04:28:31","slug":"air-tap-hand-dryer-2-in-1-automatic-brass-high-speed-jet-hand-dryers-commercial-for-toilet-with-hepa-filter-a3871","status":"publish","type":"product","link":"https:\/\/nexgendecors.com\/fr\/product\/air-tap-hand-dryer-2-in-1-automatic-brass-high-speed-jet-hand-dryers-commercial-for-toilet-with-hepa-filter-a3871\/","title":{"rendered":"Air Tap Hand Dryer 2 in 1 Automatic High Speed Brass High Speed Jet Hand Dryers Commercial for Toilet with HEPA Filter A3871"},"content":{"rendered":"<ul>\n<li><strong>service apr\u00e8s-vente assur\u00e9 : <\/strong> Centres d&#039;appels \u00e0 l&#039;\u00e9tranger<\/li>\n<li><strong>garantie : <\/strong> 1 an<\/li>\n<li><strong>langue de fonctionnement : <\/strong> Anglais<\/li>\n<li><strong>application : <\/strong> H\u00f4tel, Commercial, M\u00e9nage<\/li>\n<li><strong>source d&#039;\u00e9nergie : <\/strong> \u00c9lectrique<\/li>\n<li><strong>contr\u00f4l\u00e9 par l&#039;application : <\/strong> NON<\/li>\n<li><strong>moule priv\u00e9 : <\/strong> Oui<\/li>\n<li><strong>logo\/motif : <\/strong> Impression 3D<\/li>\n<li><strong>sensor : <\/strong> Oui<\/li>\n<li><strong>puissance w : <\/strong> 1150<\/li>\n<li><strong>nom de marque : <\/strong> interhasa<\/li>\n<li><strong>num\u00e9ro de mod\u00e8le : <\/strong> A3871<\/li>\n<li><strong>lieu d&#039;origine : <\/strong> Zhejiang, Chine<\/li>\n<li><strong>Mat\u00e9riel : <\/strong> m\u00e9tal<\/li>\n<li><strong>fonctionnalit\u00e9 : <\/strong> Automatic, Sustainable<\/li>\n<li><strong>Nom du produit : <\/strong> tap hand dryer with hepa<\/li>\n<li><strong>Rated Power : <\/strong> 1150w<\/li>\n<li><strong>Utilisation : <\/strong> Hotel Bathroom Professional<\/li>\n<li><strong>Tension : <\/strong> 220<\/li>\n<li><strong>Wind speed : <\/strong> 90m\/s  High Speed Hand Dryer<\/li>\n<li><strong>Sensing distance : <\/strong> 8-12cm<\/li>\n<li><strong>Taper : <\/strong> Toilet Automatic Hand Dryer<\/li>\n<li><strong>Material: : <\/strong> brass<\/li>\n<li><strong>Certification : <\/strong> CE ROHS CCC ISO9001<\/li>\n<li><strong>Sensing Type : <\/strong> Touch-free Infrared<\/li>\n<\/ul>","protected":false},"excerpt":{"rendered":"<p>service apr\u00e8s-vente assur\u00e9 : Centres d'appel \u00e0 l'\u00e9tranger garantie : 1 an langue d'utilisation : anglais application : H\u00f4tel, Commerce, Maison<\/p>","protected":false},"featured_media":172162,"comment_status":"open","ping_status":"closed","template":"","meta":[],"product_brand":[],"product_cat":[30927,30940],"product_tag":[],"class_list":{"0":"post-172163","1":"product","2":"type-product","3":"status-publish","4":"has-post-thumbnail","6":"product_cat-bath","7":"product_cat-hotel-shower-dispensers-liquid","9":"first","10":"instock","11":"taxable","12":"shipping-taxable","13":"purchasable","14":"product-type-variable"},"_links":{"self":[{"href":"https:\/\/nexgendecors.com\/fr\/wp-json\/wp\/v2\/product\/172163","targetHints":{"allow":["GET"]}}],"collection":[{"href":"https:\/\/nexgendecors.com\/fr\/wp-json\/wp\/v2\/product"}],"about":[{"href":"https:\/\/nexgendecors.com\/fr\/wp-json\/wp\/v2\/types\/product"}],"replies":[{"embeddable":true,"href":"https:\/\/nexgendecors.com\/fr\/wp-json\/wp\/v2\/comments?post=172163"}],"version-history":[{"count":0,"href":"https:\/\/nexgendecors.com\/fr\/wp-json\/wp\/v2\/product\/172163\/revisions"}],"wp:featuredmedia":[{"embeddable":true,"href":"https:\/\/nexgendecors.com\/fr\/wp-json\/wp\/v2\/media\/172162"}],"wp:attachment":[{"href":"https:\/\/nexgendecors.com\/fr\/wp-json\/wp\/v2\/media?parent=172163"}],"wp:term":[{"taxonomy":"product_brand","embeddable":true,"href":"https:\/\/nexgendecors.com\/fr\/wp-json\/wp\/v2\/product_brand?post=172163"},{"taxonomy":"product_cat","embeddable":true,"href":"https:\/\/nexgendecors.com\/fr\/wp-json\/wp\/v2\/product_cat?post=172163"},{"taxonomy":"product_tag","embeddable":true,"href":"https:\/\/nexgendecors.com\/fr\/wp-json\/wp\/v2\/product_tag?post=172163"}],"curies":[{"name":"wp","href":"https:\/\/api.w.org\/{rel}","templated":true}]}}