{"id":172197,"date":"2025-02-25T04:28:57","date_gmt":"2025-02-25T04:28:57","guid":{"rendered":"https:\/\/nexgendecors.com\/en\/product\/touchless-induction-vanity-bathroom-faucet-automatic-touch-brass-basin-tap-sensor-infrared-sensor-faucet\/"},"modified":"2025-04-06T10:13:19","modified_gmt":"2025-04-06T10:13:19","slug":"touchless-induction-vanity-bathroom-faucet-automatic-touch-brass-basin-tap-sensor-infrared-sensor-faucet","status":"publish","type":"product","link":"https:\/\/nexgendecors.com\/fr\/product\/touchless-induction-vanity-bathroom-faucet-automatic-touch-brass-basin-tap-sensor-infrared-sensor-faucet\/","title":{"rendered":"Robinet de salle de bain \u00e0 induction sans contact, robinet de lavabo automatique en laiton tactile, robinet \u00e0 capteur infrarouge"},"content":{"rendered":"<ul>\n<li><strong>Num\u00e9ro de mod\u00e8le : <\/strong> HSD-C201<\/li>\n<li><strong>Garantie : <\/strong> 1 an<\/li>\n<li><strong>Mat\u00e9riel : <\/strong> Brass, Brass Main Body<\/li>\n<li><strong>Service apr\u00e8s-vente : <\/strong> Online technical support<\/li>\n<li><strong>Style : <\/strong> CLASSIQUE<\/li>\n<li><strong>Capacit\u00e9 de solution de projet : <\/strong> Others<\/li>\n<li><strong>Application : <\/strong> Hotel, Villa, Apartment, Office Building, Hospital, School, Mall, Sports Venues, Leisure Facilities, supermarket, Warehouse, Workshop, Park, Farmhouse, Courtyard, Other, Bathroom, Home Office, Living Room, Bedroom, Dining, Babies and kids, outdoor, Storage &amp; Closet, Exterior, Wine Cellar, Entry, Hall, Home Bar, Staircase, Basement, Garage &amp; Shed, Gym, Laundry, Hotel<\/li>\n<li><strong>Style de conception : <\/strong> Moderne<\/li>\n<li><strong>Lieu d&#039;origine : <\/strong> Zhejiang, Chine<\/li>\n<li><strong>Nom de marque : <\/strong> Interhasa<\/li>\n<li><strong>Fonctionnalit\u00e9 : <\/strong> Sense Faucets<\/li>\n<li><strong>Surface Treatment : <\/strong> Autre<\/li>\n<li><strong>Faucet Mount : <\/strong> Single Hole<\/li>\n<li><strong>Installation Type : <\/strong> Deck Mounted<\/li>\n<li><strong>Number of Handles : <\/strong> Single Handle<\/li>\n<li><strong>Valve Core Material : <\/strong> Brass<\/li>\n<li><strong>Fonction : <\/strong> Hot Cold Water<\/li>\n<li><strong>Utilisation : <\/strong> Bath Room<\/li>\n<li><strong>Couleur : <\/strong> Chrome Polished Plating<\/li>\n<li><strong>Nom du produit : <\/strong> Automatic Sensor Faucet<\/li>\n<li><strong>Body Material : <\/strong> Brass Material<\/li>\n<li><strong>Surface Finishing : <\/strong> Chrome Plated Finished<\/li>\n<li><strong>Taper : <\/strong> Modern Bathroom Designs<\/li>\n<li><strong>Mot-cl\u00e9 : <\/strong> Wash Basin Bathroom Faucet<\/li>\n<\/ul>","protected":false},"excerpt":{"rendered":"<p>Num\u00e9ro de mod\u00e8le : HSD-C201 Garantie : 1 an Mat\u00e9riau : Laiton, corps principal en laiton Service apr\u00e8s-vente : Assistance technique en ligne<\/p>","protected":false},"featured_media":172196,"comment_status":"open","ping_status":"closed","template":"","meta":[],"product_brand":[],"product_cat":[30927,30940],"product_tag":[],"class_list":{"0":"post-172197","1":"product","2":"type-product","3":"status-publish","4":"has-post-thumbnail","6":"product_cat-bath","7":"product_cat-hotel-shower-dispensers-liquid","9":"first","10":"instock","11":"taxable","12":"shipping-taxable","13":"purchasable","14":"product-type-variable"},"_links":{"self":[{"href":"https:\/\/nexgendecors.com\/fr\/wp-json\/wp\/v2\/product\/172197","targetHints":{"allow":["GET"]}}],"collection":[{"href":"https:\/\/nexgendecors.com\/fr\/wp-json\/wp\/v2\/product"}],"about":[{"href":"https:\/\/nexgendecors.com\/fr\/wp-json\/wp\/v2\/types\/product"}],"replies":[{"embeddable":true,"href":"https:\/\/nexgendecors.com\/fr\/wp-json\/wp\/v2\/comments?post=172197"}],"version-history":[{"count":0,"href":"https:\/\/nexgendecors.com\/fr\/wp-json\/wp\/v2\/product\/172197\/revisions"}],"wp:featuredmedia":[{"embeddable":true,"href":"https:\/\/nexgendecors.com\/fr\/wp-json\/wp\/v2\/media\/172196"}],"wp:attachment":[{"href":"https:\/\/nexgendecors.com\/fr\/wp-json\/wp\/v2\/media?parent=172197"}],"wp:term":[{"taxonomy":"product_brand","embeddable":true,"href":"https:\/\/nexgendecors.com\/fr\/wp-json\/wp\/v2\/product_brand?post=172197"},{"taxonomy":"product_cat","embeddable":true,"href":"https:\/\/nexgendecors.com\/fr\/wp-json\/wp\/v2\/product_cat?post=172197"},{"taxonomy":"product_tag","embeddable":true,"href":"https:\/\/nexgendecors.com\/fr\/wp-json\/wp\/v2\/product_tag?post=172197"}],"curies":[{"name":"wp","href":"https:\/\/api.w.org\/{rel}","templated":true}]}}