{"id":172213,"date":"2025-02-25T04:29:11","date_gmt":"2025-02-25T04:29:11","guid":{"rendered":"https:\/\/nexgendecors.com\/en\/product\/2021-latest-design-smart-sensor-automatic-sink-mixer-bathroom-basin-faucet-water-tap-for-deck-plate\/"},"modified":"2025-04-06T10:13:30","modified_gmt":"2025-04-06T10:13:30","slug":"2021-latest-design-smart-sensor-automatic-sink-mixer-bathroom-basin-faucet-water-tap-for-deck-plate","status":"publish","type":"product","link":"https:\/\/nexgendecors.com\/fr\/product\/2021-latest-design-smart-sensor-automatic-sink-mixer-bathroom-basin-faucet-water-tap-for-deck-plate\/","title":{"rendered":"Robinet de lavabo automatique \u00e0 capteur intelligent, robinet de salle de bain, robinet d&#039;eau pour plaque de pont, derni\u00e8re conception 2021"},"content":{"rendered":"<ul>\n<li><strong>Garantie : <\/strong> 5 years<\/li>\n<li><strong>Service apr\u00e8s-vente : <\/strong> Online technical support, Free spare parts, Return and Replacement<\/li>\n<li><strong>Style : <\/strong> Contemporary<\/li>\n<li><strong>Capacit\u00e9 de solution de projet : <\/strong> graphic design, 3D model design, total solution for projects, Cross Categories Consolidation<\/li>\n<li><strong>Application : <\/strong> hotel<\/li>\n<li><strong>Style de conception : <\/strong> Moderne<\/li>\n<li><strong>Lieu d&#039;origine : <\/strong> Chine<\/li>\n<li><strong>Nom de marque : <\/strong> Interhasa, interhasa<\/li>\n<li><strong>Fonctionnalit\u00e9 : <\/strong> Sense Faucets<\/li>\n<li><strong>Surface Treatment : <\/strong> Brushed<\/li>\n<li><strong>Faucet Mount : <\/strong> Single Hole<\/li>\n<li><strong>Installation Type : <\/strong> Deck Mounted<\/li>\n<li><strong>Number of Handles : <\/strong> Single Handle<\/li>\n<li><strong>Valve Core Material : <\/strong> c\u00e9ramique<\/li>\n<li><strong>Nom du produit : <\/strong> Smart Sensor Automatic sink mixer bathroom basin faucet water tap<\/li>\n<li><strong>Salt Spray Test : <\/strong> 24 hours passed<\/li>\n<li><strong>Body Material : <\/strong> Brass<\/li>\n<li><strong>Fonction : <\/strong> Cold\/Hot water<\/li>\n<li><strong>OEM and ODM : <\/strong> Acceptable<\/li>\n<li><strong>The thickness of ch : <\/strong> Nickel&gt;8um Chrome&gt;0.2um<\/li>\n<li><strong>Taper : <\/strong> Basin Faucets<\/li>\n<\/ul>","protected":false},"excerpt":{"rendered":"<p>Garantie : 5 ans Service apr\u00e8s-vente : Support technique en ligne, Pi\u00e8ces d\u00e9tach\u00e9es gratuites, Retour et remplacement Style : Projet contemporain<\/p>","protected":false},"featured_media":172212,"comment_status":"open","ping_status":"closed","template":"","meta":[],"product_brand":[],"product_cat":[30927,30940],"product_tag":[],"class_list":{"0":"post-172213","1":"product","2":"type-product","3":"status-publish","4":"has-post-thumbnail","6":"product_cat-bath","7":"product_cat-hotel-shower-dispensers-liquid","9":"first","10":"instock","11":"taxable","12":"shipping-taxable","13":"purchasable","14":"product-type-variable"},"_links":{"self":[{"href":"https:\/\/nexgendecors.com\/fr\/wp-json\/wp\/v2\/product\/172213","targetHints":{"allow":["GET"]}}],"collection":[{"href":"https:\/\/nexgendecors.com\/fr\/wp-json\/wp\/v2\/product"}],"about":[{"href":"https:\/\/nexgendecors.com\/fr\/wp-json\/wp\/v2\/types\/product"}],"replies":[{"embeddable":true,"href":"https:\/\/nexgendecors.com\/fr\/wp-json\/wp\/v2\/comments?post=172213"}],"version-history":[{"count":0,"href":"https:\/\/nexgendecors.com\/fr\/wp-json\/wp\/v2\/product\/172213\/revisions"}],"wp:featuredmedia":[{"embeddable":true,"href":"https:\/\/nexgendecors.com\/fr\/wp-json\/wp\/v2\/media\/172212"}],"wp:attachment":[{"href":"https:\/\/nexgendecors.com\/fr\/wp-json\/wp\/v2\/media?parent=172213"}],"wp:term":[{"taxonomy":"product_brand","embeddable":true,"href":"https:\/\/nexgendecors.com\/fr\/wp-json\/wp\/v2\/product_brand?post=172213"},{"taxonomy":"product_cat","embeddable":true,"href":"https:\/\/nexgendecors.com\/fr\/wp-json\/wp\/v2\/product_cat?post=172213"},{"taxonomy":"product_tag","embeddable":true,"href":"https:\/\/nexgendecors.com\/fr\/wp-json\/wp\/v2\/product_tag?post=172213"}],"curies":[{"name":"wp","href":"https:\/\/api.w.org\/{rel}","templated":true}]}}