{"id":172269,"date":"2025-02-25T04:31:24","date_gmt":"2025-02-25T04:31:24","guid":{"rendered":"https:\/\/nexgendecors.com\/en\/product\/interhasa-wholesale-hotel-bathroom-wall-mounted-hair-driers-skin-dryer-hanging-hair-dryer-manufacturer\/"},"modified":"2025-04-10T12:30:32","modified_gmt":"2025-04-10T12:30:32","slug":"interhasa-wholesale-hotel-bathroom-wall-mounted-hair-driers-skin-dryer-hanging-hair-dryer-manufacturer","status":"publish","type":"product","link":"https:\/\/nexgendecors.com\/fr\/product\/interhasa-wholesale-hotel-bathroom-wall-mounted-hair-driers-skin-dryer-hanging-hair-dryer-manufacturer\/","title":{"rendered":"Interhasa Wholesale Hotel Bathroom Wall Mounted Hair Driers Skin Dryer Hanging Hair Dryer Manufacturer"},"content":{"rendered":"<ul>\n<li><strong>service apr\u00e8s-vente assur\u00e9 : <\/strong> Centres d&#039;appels \u00e0 l&#039;\u00e9tranger<\/li>\n<li><strong>garantie : <\/strong> 1 an<\/li>\n<li><strong>application : <\/strong> H\u00f4tel, Commercial, M\u00e9nage<\/li>\n<li><strong>source d&#039;\u00e9nergie : <\/strong> \u00c9lectrique<\/li>\n<li><strong>contr\u00f4l\u00e9 par l&#039;application : <\/strong> Oui<\/li>\n<li><strong>moule priv\u00e9 : <\/strong> Oui<\/li>\n<li><strong>logo\/motif : <\/strong> Impression 3D<\/li>\n<li><strong>mat\u00e9riel : <\/strong> Plastique<\/li>\n<li><strong>r\u00e9glages de vitesse : <\/strong> 1<\/li>\n<li><strong>type de buse : <\/strong> Concentrateur<\/li>\n<li><strong>fonctionnalit\u00e9 : <\/strong> Pliable<\/li>\n<li><strong>pouvoir : <\/strong> 1200W<\/li>\n<li><strong>lieu d&#039;origine : <\/strong> Chine<\/li>\n<li><strong>nom de marque : <\/strong> INTERHASA<\/li>\n<li><strong>num\u00e9ro de mod\u00e8le : <\/strong> HSD-D90290<\/li>\n<li><strong>vitesse du moteur : <\/strong> 110 000 tr\/min<\/li>\n<li><strong>Mat\u00e9riel : <\/strong> Plastique<\/li>\n<li><strong>Param\u00e8tres de vitesse : <\/strong> 2<\/li>\n<li><strong>Type de buse : <\/strong> Concentrateur<\/li>\n<li><strong>Pouvoir : <\/strong> 1200W<\/li>\n<li><strong>Fonctionnalit\u00e9 : <\/strong> Ionique<\/li>\n<li><strong>Tension : <\/strong> 220V50HZ-60HZ<\/li>\n<li><strong>Temp\u00e9rature de l&#039;air : <\/strong> 65+_15\u2103<\/li>\n<li><strong>Vitesse de l&#039;air : <\/strong> &gt;11 m\/s<\/li>\n<li><strong>R\u00e9sistant aux \u00e9claboussures d&#039;eau : <\/strong> IP*1<\/li>\n<li><strong>Utiliser : <\/strong> H\u00f4tel, M\u00e9nage, Voyage<\/li>\n<\/ul>","protected":false},"excerpt":{"rendered":"<p>service apr\u00e8s-vente fourni : Centres d'appel \u00e0 l'\u00e9tranger Garantie : 1 an Application : H\u00f4tel, commerce, maison Source d'alimentation : \u00c9lectrique<\/p>","protected":false},"featured_media":172268,"comment_status":"open","ping_status":"closed","template":"","meta":[],"product_brand":[],"product_cat":[30928,30942,30984],"product_tag":[],"class_list":{"0":"post-172269","1":"product","2":"type-product","3":"status-publish","4":"has-post-thumbnail","6":"product_cat-guest-room","7":"product_cat-hair-dryers","8":"product_cat-hotel-appliances","10":"first","11":"instock","12":"taxable","13":"shipping-taxable","14":"purchasable","15":"product-type-variable"},"_links":{"self":[{"href":"https:\/\/nexgendecors.com\/fr\/wp-json\/wp\/v2\/product\/172269","targetHints":{"allow":["GET"]}}],"collection":[{"href":"https:\/\/nexgendecors.com\/fr\/wp-json\/wp\/v2\/product"}],"about":[{"href":"https:\/\/nexgendecors.com\/fr\/wp-json\/wp\/v2\/types\/product"}],"replies":[{"embeddable":true,"href":"https:\/\/nexgendecors.com\/fr\/wp-json\/wp\/v2\/comments?post=172269"}],"version-history":[{"count":0,"href":"https:\/\/nexgendecors.com\/fr\/wp-json\/wp\/v2\/product\/172269\/revisions"}],"wp:featuredmedia":[{"embeddable":true,"href":"https:\/\/nexgendecors.com\/fr\/wp-json\/wp\/v2\/media\/172268"}],"wp:attachment":[{"href":"https:\/\/nexgendecors.com\/fr\/wp-json\/wp\/v2\/media?parent=172269"}],"wp:term":[{"taxonomy":"product_brand","embeddable":true,"href":"https:\/\/nexgendecors.com\/fr\/wp-json\/wp\/v2\/product_brand?post=172269"},{"taxonomy":"product_cat","embeddable":true,"href":"https:\/\/nexgendecors.com\/fr\/wp-json\/wp\/v2\/product_cat?post=172269"},{"taxonomy":"product_tag","embeddable":true,"href":"https:\/\/nexgendecors.com\/fr\/wp-json\/wp\/v2\/product_tag?post=172269"}],"curies":[{"name":"wp","href":"https:\/\/api.w.org\/{rel}","templated":true}]}}