{"id":172390,"date":"2025-02-25T05:35:39","date_gmt":"2025-02-25T05:35:39","guid":{"rendered":"https:\/\/nexgendecors.com\/en\/product\/2025-hot-sale-usb-rechargeable-app-wifi-control-mist-scent-essential-oil-ultrasonic-electric-aroma-diffuser-for-home-office\/"},"modified":"2025-04-06T10:15:00","modified_gmt":"2025-04-06T10:15:00","slug":"2025-hot-sale-usb-rechargeable-app-wifi-control-mist-scent-essential-oil-ultrasonic-electric-aroma-diffuser-for-home-office","status":"publish","type":"product","link":"https:\/\/nexgendecors.com\/fr\/product\/2025-hot-sale-usb-rechargeable-app-wifi-control-mist-scent-essential-oil-ultrasonic-electric-aroma-diffuser-for-home-office\/","title":{"rendered":"Diffuseur d&#039;ar\u00f4mes \u00e9lectrique ultrasonique, rechargeable par USB, contr\u00f4le par application Wi-Fi, pour la maison et le bureau, offre sp\u00e9ciale 2025"},"content":{"rendered":"<ul>\n<li><strong>lieu d&#039;origine : <\/strong> Guangdong, Chine<\/li>\n<li><strong>nom de marque : <\/strong> SVAVO<\/li>\n<li><strong>num\u00e9ro de mod\u00e8le : <\/strong> PL-151090BL<\/li>\n<li><strong>puissance w : <\/strong> 0.45<\/li>\n<li><strong>tension v : <\/strong> 1.5<\/li>\n<li><strong>garantie : <\/strong> 1 an<\/li>\n<li><strong>langue de fonctionnement : <\/strong> Anglais<\/li>\n<li><strong>application : <\/strong> H\u00f4tel<\/li>\n<li><strong>moule priv\u00e9 : <\/strong> Oui<\/li>\n<li><strong>logo\/motif : <\/strong> Silk screen printing, Laser Printing<\/li>\n<li><strong>contr\u00f4l\u00e9 par l&#039;application : <\/strong> Oui<\/li>\n<li><strong>capacity : <\/strong> 51-100ml<\/li>\n<li><strong>timing function : <\/strong> Oui<\/li>\n<li><strong>Taper : <\/strong> Air purifying aromatherapy, Cool-Mist Impeller Humidifier<\/li>\n<li><strong>Installation : <\/strong> Wall-mounted, Tabletop \/ Portable<\/li>\n<li><strong>Noise : <\/strong> 30db<\/li>\n<li><strong>Source d&#039;alimentation : <\/strong> Battery, Type-C, Battery \/ Type-c<\/li>\n<li><strong>Mat\u00e9riel : <\/strong> Plastique<\/li>\n<li><strong>Unit Size : <\/strong> 168*168*65mm<\/li>\n<li><strong>Bottle Capacity : <\/strong> 100ML PET Bottle<\/li>\n<li><strong>Package Size : <\/strong> 175*175*77mm<\/li>\n<li><strong>Tension : <\/strong> DC 1.5V<\/li>\n<li><strong>Suitable Coverage : <\/strong> 200Sqft<\/li>\n<li><strong>Oil Consumption: : <\/strong> 0.01-0.02ml\/spray<\/li>\n<li><strong>Certification : <\/strong> ce<\/li>\n<\/ul>","protected":false},"excerpt":{"rendered":"<p>lieu d&#039;origine : Guangdong, Chine nom de marque : SVAVO num\u00e9ro de mod\u00e8le : PL-151090BL puissance w : 0,45 tension v<\/p>","protected":false},"featured_media":172389,"comment_status":"open","ping_status":"closed","template":"","meta":[],"product_brand":[],"product_cat":[30927,30940],"product_tag":[],"class_list":{"0":"post-172390","1":"product","2":"type-product","3":"status-publish","4":"has-post-thumbnail","6":"product_cat-bath","7":"product_cat-hotel-shower-dispensers-liquid","9":"first","10":"instock","11":"taxable","12":"shipping-taxable","13":"purchasable","14":"product-type-variable"},"_links":{"self":[{"href":"https:\/\/nexgendecors.com\/fr\/wp-json\/wp\/v2\/product\/172390","targetHints":{"allow":["GET"]}}],"collection":[{"href":"https:\/\/nexgendecors.com\/fr\/wp-json\/wp\/v2\/product"}],"about":[{"href":"https:\/\/nexgendecors.com\/fr\/wp-json\/wp\/v2\/types\/product"}],"replies":[{"embeddable":true,"href":"https:\/\/nexgendecors.com\/fr\/wp-json\/wp\/v2\/comments?post=172390"}],"version-history":[{"count":0,"href":"https:\/\/nexgendecors.com\/fr\/wp-json\/wp\/v2\/product\/172390\/revisions"}],"wp:featuredmedia":[{"embeddable":true,"href":"https:\/\/nexgendecors.com\/fr\/wp-json\/wp\/v2\/media\/172389"}],"wp:attachment":[{"href":"https:\/\/nexgendecors.com\/fr\/wp-json\/wp\/v2\/media?parent=172390"}],"wp:term":[{"taxonomy":"product_brand","embeddable":true,"href":"https:\/\/nexgendecors.com\/fr\/wp-json\/wp\/v2\/product_brand?post=172390"},{"taxonomy":"product_cat","embeddable":true,"href":"https:\/\/nexgendecors.com\/fr\/wp-json\/wp\/v2\/product_cat?post=172390"},{"taxonomy":"product_tag","embeddable":true,"href":"https:\/\/nexgendecors.com\/fr\/wp-json\/wp\/v2\/product_tag?post=172390"}],"curies":[{"name":"wp","href":"https:\/\/api.w.org\/{rel}","templated":true}]}}