{"id":172455,"date":"2025-02-25T05:40:02","date_gmt":"2025-02-25T05:40:02","guid":{"rendered":"https:\/\/nexgendecors.com\/en\/product\/new-double-bottle-manual-liquid-soap-dispenser-for-shampoo-and-body-wash-500ml2-dispenser-for-bathroom\/"},"modified":"2025-04-06T10:15:53","modified_gmt":"2025-04-06T10:15:53","slug":"new-double-bottle-manual-liquid-soap-dispenser-for-shampoo-and-body-wash-500ml2-dispenser-for-bathroom","status":"publish","type":"product","link":"https:\/\/nexgendecors.com\/fr\/product\/new-double-bottle-manual-liquid-soap-dispenser-for-shampoo-and-body-wash-500ml2-dispenser-for-bathroom\/","title":{"rendered":"New Double Bottle Manual Liquid Soap Dispenser for Shampoo and Body Wash 500ML*2 Dispenser for Bathroom"},"content":{"rendered":"<ul>\n<li><strong>Garantie : <\/strong> 1 an<\/li>\n<li><strong>Service apr\u00e8s-vente : <\/strong> Online technical support<\/li>\n<li><strong>Capacit\u00e9 de solution de projet : <\/strong> graphic design, 3D model design, total solution for projects<\/li>\n<li><strong>Application : <\/strong> H\u00f4tel<\/li>\n<li><strong>Style de conception : <\/strong> Moderne<\/li>\n<li><strong>Lieu d&#039;origine : <\/strong> Guangdong, Chine<\/li>\n<li><strong>Nom de marque : <\/strong> SVAVO<\/li>\n<li><strong>Num\u00e9ro de mod\u00e8le : <\/strong> PL-151052<\/li>\n<li><strong>Fonctionnalit\u00e9 : <\/strong> Double Soap Dispenser<\/li>\n<li><strong>mat\u00e9riau principal : <\/strong> Plastique<\/li>\n<li><strong>Type de distributeur de savon liquide : <\/strong> Hand Soap Dispenser<\/li>\n<li><strong>Nom du produit : <\/strong> Bathroom Wall Mounted Soap Dispenser<\/li>\n<li><strong>Unit Size : <\/strong> L145*W95.5*H250mm<\/li>\n<li><strong>Volume : <\/strong> 550ml*2<\/li>\n<li><strong>Couleur : <\/strong> White\/White&amp;Grey\/Blcak<\/li>\n<li><strong>Emballage : <\/strong> 24pcs\/ctn<\/li>\n<li><strong>Installation : <\/strong> Wall Mounted<\/li>\n<li><strong>Inner Box : <\/strong> White Box&amp;Gift Box<\/li>\n<li><strong>Net Weight : <\/strong> 580g<\/li>\n<li><strong>OEM\/ODM : <\/strong> Soutien<\/li>\n<li><strong>\u00c9chantillon : <\/strong> Disponible<\/li>\n<\/ul>","protected":false},"excerpt":{"rendered":"<p>Garantie : 1 an Service apr\u00e8s-vente : Support technique en ligne Capacit\u00e9 de solution de projet : conception graphique, conception de mod\u00e8le 3D, total<\/p>","protected":false},"featured_media":172454,"comment_status":"open","ping_status":"closed","template":"","meta":[],"product_brand":[],"product_cat":[30927,30940],"product_tag":[],"class_list":{"0":"post-172455","1":"product","2":"type-product","3":"status-publish","4":"has-post-thumbnail","6":"product_cat-bath","7":"product_cat-hotel-shower-dispensers-liquid","9":"first","10":"instock","11":"taxable","12":"shipping-taxable","13":"purchasable","14":"product-type-variable"},"_links":{"self":[{"href":"https:\/\/nexgendecors.com\/fr\/wp-json\/wp\/v2\/product\/172455","targetHints":{"allow":["GET"]}}],"collection":[{"href":"https:\/\/nexgendecors.com\/fr\/wp-json\/wp\/v2\/product"}],"about":[{"href":"https:\/\/nexgendecors.com\/fr\/wp-json\/wp\/v2\/types\/product"}],"replies":[{"embeddable":true,"href":"https:\/\/nexgendecors.com\/fr\/wp-json\/wp\/v2\/comments?post=172455"}],"version-history":[{"count":0,"href":"https:\/\/nexgendecors.com\/fr\/wp-json\/wp\/v2\/product\/172455\/revisions"}],"wp:featuredmedia":[{"embeddable":true,"href":"https:\/\/nexgendecors.com\/fr\/wp-json\/wp\/v2\/media\/172454"}],"wp:attachment":[{"href":"https:\/\/nexgendecors.com\/fr\/wp-json\/wp\/v2\/media?parent=172455"}],"wp:term":[{"taxonomy":"product_brand","embeddable":true,"href":"https:\/\/nexgendecors.com\/fr\/wp-json\/wp\/v2\/product_brand?post=172455"},{"taxonomy":"product_cat","embeddable":true,"href":"https:\/\/nexgendecors.com\/fr\/wp-json\/wp\/v2\/product_cat?post=172455"},{"taxonomy":"product_tag","embeddable":true,"href":"https:\/\/nexgendecors.com\/fr\/wp-json\/wp\/v2\/product_tag?post=172455"}],"curies":[{"name":"wp","href":"https:\/\/api.w.org\/{rel}","templated":true}]}}