{"id":172799,"date":"2025-02-25T06:05:28","date_gmt":"2025-02-25T06:05:28","guid":{"rendered":"https:\/\/nexgendecors.com\/en\/product\/svavo-wall-mounted-tissue-dispenser-transparent-twin-jumbo-toilet-paper-roll-dispenser-for-commercial-public-restrooms\/"},"modified":"2025-04-06T10:19:42","modified_gmt":"2025-04-06T10:19:42","slug":"svavo-wall-mounted-tissue-dispenser-transparent-twin-jumbo-toilet-paper-roll-dispenser-for-commercial-public-restrooms","status":"publish","type":"product","link":"https:\/\/nexgendecors.com\/fr\/product\/svavo-wall-mounted-tissue-dispenser-transparent-twin-jumbo-toilet-paper-roll-dispenser-for-commercial-public-restrooms\/","title":{"rendered":"SVAVO Wall Mounted Tissue Dispenser Transparent Twin Jumbo Toilet Paper Roll Dispenser for Commercial Public Restrooms"},"content":{"rendered":"<ul>\n<li><strong>Garantie : <\/strong> 1 an<\/li>\n<li><strong>Service apr\u00e8s-vente : <\/strong> Pi\u00e8ces de rechange gratuites<\/li>\n<li><strong>Capacit\u00e9 de solution de projet : <\/strong> 3D model design, total solution for projects<\/li>\n<li><strong>Application : <\/strong> Bathroom, Hotel,commercial,household,school,home,or other public area<\/li>\n<li><strong>Style de conception : <\/strong> Moderne<\/li>\n<li><strong>Lieu d&#039;origine : <\/strong> Guangdong, Chine<\/li>\n<li><strong>Nom de marque : <\/strong> SVAVO<\/li>\n<li><strong>Num\u00e9ro de mod\u00e8le : <\/strong> PL-151069, PL-151069<\/li>\n<li><strong>Mat\u00e9riel : <\/strong> Plastique<\/li>\n<li><strong>Nom du produit : <\/strong> SVAVO Modern Tissue Hand Paper &amp; Dual Toilet Paper Dispenser<\/li>\n<li><strong>Paper type : <\/strong> Double Jumbo Roll paper<\/li>\n<li><strong>Taille : <\/strong> L554*W145*H304mm<\/li>\n<li><strong>OEM\/ODM : <\/strong> Soutien<\/li>\n<li><strong>Emballage : <\/strong> 8 Pcs\/ctn<\/li>\n<li><strong>Installation : <\/strong> Wall Mounted<\/li>\n<li><strong>Couleur : <\/strong> White\/White&amp;Grey\/Black\/Transparent<\/li>\n<li><strong>Warranty: : <\/strong> 1 YEAR<\/li>\n<\/ul>","protected":false},"excerpt":{"rendered":"<p>Garantie : 1 an Service apr\u00e8s-vente : Pi\u00e8ces de rechange gratuites Capacit\u00e9 de solution de projet : Conception de mod\u00e8le 3D, solution totale pour<\/p>","protected":false},"featured_media":172798,"comment_status":"open","ping_status":"closed","template":"","meta":[],"product_brand":[],"product_cat":[30927,30940],"product_tag":[],"class_list":{"0":"post-172799","1":"product","2":"type-product","3":"status-publish","4":"has-post-thumbnail","6":"product_cat-bath","7":"product_cat-hotel-shower-dispensers-liquid","9":"first","10":"instock","11":"taxable","12":"shipping-taxable","13":"purchasable","14":"product-type-variable"},"_links":{"self":[{"href":"https:\/\/nexgendecors.com\/fr\/wp-json\/wp\/v2\/product\/172799","targetHints":{"allow":["GET"]}}],"collection":[{"href":"https:\/\/nexgendecors.com\/fr\/wp-json\/wp\/v2\/product"}],"about":[{"href":"https:\/\/nexgendecors.com\/fr\/wp-json\/wp\/v2\/types\/product"}],"replies":[{"embeddable":true,"href":"https:\/\/nexgendecors.com\/fr\/wp-json\/wp\/v2\/comments?post=172799"}],"version-history":[{"count":0,"href":"https:\/\/nexgendecors.com\/fr\/wp-json\/wp\/v2\/product\/172799\/revisions"}],"wp:featuredmedia":[{"embeddable":true,"href":"https:\/\/nexgendecors.com\/fr\/wp-json\/wp\/v2\/media\/172798"}],"wp:attachment":[{"href":"https:\/\/nexgendecors.com\/fr\/wp-json\/wp\/v2\/media?parent=172799"}],"wp:term":[{"taxonomy":"product_brand","embeddable":true,"href":"https:\/\/nexgendecors.com\/fr\/wp-json\/wp\/v2\/product_brand?post=172799"},{"taxonomy":"product_cat","embeddable":true,"href":"https:\/\/nexgendecors.com\/fr\/wp-json\/wp\/v2\/product_cat?post=172799"},{"taxonomy":"product_tag","embeddable":true,"href":"https:\/\/nexgendecors.com\/fr\/wp-json\/wp\/v2\/product_tag?post=172799"}],"curies":[{"name":"wp","href":"https:\/\/api.w.org\/{rel}","templated":true}]}}