{"id":172858,"date":"2025-02-25T06:09:22","date_gmt":"2025-02-25T06:09:22","guid":{"rendered":"https:\/\/nexgendecors.com\/en\/product\/bathroom-public-power-dryer-washroom-wall-mounted-small-automatic-hand-dryer\/"},"modified":"2025-04-06T10:20:21","modified_gmt":"2025-04-06T10:20:21","slug":"bathroom-public-power-dryer-washroom-wall-mounted-small-automatic-hand-dryer","status":"publish","type":"product","link":"https:\/\/nexgendecors.com\/fr\/product\/bathroom-public-power-dryer-washroom-wall-mounted-small-automatic-hand-dryer\/","title":{"rendered":"Bathroom Public Power Dryer Washroom Wall Mounted Small Automatic Hand Dryer"},"content":{"rendered":"<ul>\n<li><strong>service apr\u00e8s-vente assur\u00e9 : <\/strong> Free spare parts, Onsite Installation, Field maintenance and repair service<\/li>\n<li><strong>garantie : <\/strong> 1 an<\/li>\n<li><strong>langue de fonctionnement : <\/strong> Anglais<\/li>\n<li><strong>application : <\/strong> H\u00f4tel, Commercial, M\u00e9nage<\/li>\n<li><strong>source d&#039;\u00e9nergie : <\/strong> \u00c9lectrique<\/li>\n<li><strong>contr\u00f4l\u00e9 par l&#039;application : <\/strong> NON<\/li>\n<li><strong>moule priv\u00e9 : <\/strong> Oui<\/li>\n<li><strong>logo\/motif : <\/strong> Silk screen printing, Laser Printing<\/li>\n<li><strong>packaging types : <\/strong> Corrugated Box<\/li>\n<li><strong>sensor : <\/strong> Oui<\/li>\n<li><strong>puissance w : <\/strong> 1000<\/li>\n<li><strong>nom de marque : <\/strong> SVAVO<\/li>\n<li><strong>num\u00e9ro de mod\u00e8le : <\/strong> JY-580<\/li>\n<li><strong>lieu d&#039;origine : <\/strong> Guangdong<\/li>\n<li><strong>Installation : <\/strong> Wall Mounted<\/li>\n<li><strong>Mat\u00e9riel : <\/strong> Plastic, ABS<\/li>\n<li><strong>fonctionnalit\u00e9 : <\/strong> Automatic<\/li>\n<li><strong>Nom du produit : <\/strong> Automatic Washroom Hand Dryer<\/li>\n<li><strong>Model : <\/strong> JY-580<\/li>\n<li><strong>Unit size : <\/strong> L146*W108*H237MM<\/li>\n<li><strong>Pouvoir : <\/strong> 1000W<\/li>\n<li><strong>Utiliser : <\/strong> Hotel, Household,Airport,Shopping Mall<\/li>\n<li><strong>Install : <\/strong> Wall mounted<\/li>\n<li><strong>Couleur : <\/strong> Blanc<\/li>\n<li><strong>Working Current : <\/strong> Hot Air 4.5A \/Cold Air 2.0A<\/li>\n<li><strong>Working Voltage : <\/strong> AC220-240V<\/li>\n<\/ul>","protected":false},"excerpt":{"rendered":"<p>service apr\u00e8s-vente fourni : Pi\u00e8ces de rechange gratuites, installation sur site, maintenance sur le terrain et service de r\u00e9paration Garantie : 1 an de langue d'utilisation<\/p>","protected":false},"featured_media":172857,"comment_status":"open","ping_status":"closed","template":"","meta":[],"product_brand":[],"product_cat":[30927,30940],"product_tag":[],"class_list":{"0":"post-172858","1":"product","2":"type-product","3":"status-publish","4":"has-post-thumbnail","6":"product_cat-bath","7":"product_cat-hotel-shower-dispensers-liquid","9":"first","10":"instock","11":"taxable","12":"shipping-taxable","13":"purchasable","14":"product-type-variable"},"_links":{"self":[{"href":"https:\/\/nexgendecors.com\/fr\/wp-json\/wp\/v2\/product\/172858","targetHints":{"allow":["GET"]}}],"collection":[{"href":"https:\/\/nexgendecors.com\/fr\/wp-json\/wp\/v2\/product"}],"about":[{"href":"https:\/\/nexgendecors.com\/fr\/wp-json\/wp\/v2\/types\/product"}],"replies":[{"embeddable":true,"href":"https:\/\/nexgendecors.com\/fr\/wp-json\/wp\/v2\/comments?post=172858"}],"version-history":[{"count":0,"href":"https:\/\/nexgendecors.com\/fr\/wp-json\/wp\/v2\/product\/172858\/revisions"}],"wp:featuredmedia":[{"embeddable":true,"href":"https:\/\/nexgendecors.com\/fr\/wp-json\/wp\/v2\/media\/172857"}],"wp:attachment":[{"href":"https:\/\/nexgendecors.com\/fr\/wp-json\/wp\/v2\/media?parent=172858"}],"wp:term":[{"taxonomy":"product_brand","embeddable":true,"href":"https:\/\/nexgendecors.com\/fr\/wp-json\/wp\/v2\/product_brand?post=172858"},{"taxonomy":"product_cat","embeddable":true,"href":"https:\/\/nexgendecors.com\/fr\/wp-json\/wp\/v2\/product_cat?post=172858"},{"taxonomy":"product_tag","embeddable":true,"href":"https:\/\/nexgendecors.com\/fr\/wp-json\/wp\/v2\/product_tag?post=172858"}],"curies":[{"name":"wp","href":"https:\/\/api.w.org\/{rel}","templated":true}]}}