{"id":17286,"date":"2025-01-13T14:22:55","date_gmt":"2025-01-13T14:22:55","guid":{"rendered":"https:\/\/nexgendecors.com\/product\/yanasuo-transparent-bathtub-household-colored-resin-crystal-bathtub-hotel-homestay-independent-integrated-double-bathtub\/"},"modified":"2025-04-06T07:40:19","modified_gmt":"2025-04-06T07:40:19","slug":"yanasuo-transparent-bathtub-household-colored-resin-crystal-bathtub-hotel-homestay-independent-integrated-double-bathtub","status":"publish","type":"product","link":"https:\/\/nexgendecors.com\/fr\/product\/yanasuo-transparent-bathtub-household-colored-resin-crystal-bathtub-hotel-homestay-independent-integrated-double-bathtub\/","title":{"rendered":"Baignoire double en cristal Yanasuo \u2013 \u00c9l\u00e9gante r\u00e9sine transparente"},"content":{"rendered":"<ul>\n<li>\n<strong>marque<\/strong>:YANASO\/Yanaso (mat\u00e9riau principal de la d\u00e9coration de la maison)<\/li>\n<li>\n<strong>mod\u00e8le<\/strong>:YNS-8628T<\/li>\n<li>\n<strong>forme<\/strong>:D\u00e9tach\u00e9<\/li>\n<li>\n<strong>Origine<\/strong>:Chine continentale<\/li>\n<li>\n<strong>province<\/strong>:Province du Guangdong<\/li>\n<li>\n<strong>ville<\/strong>:Jiangmen<\/li>\n<li>\n<strong>Est-ce qu&#039;il contient un robinet ?<\/strong>:Non inclus<\/li>\n<li>\n<strong>longueur<\/strong>:1,3m 1,4m 1,5m 1,6m 1,7m 1,8m<\/li>\n<li>\n<strong>Mat\u00e9riel<\/strong>:R\u00e9sine transparente<\/li>\n<li>\n<strong>Y a-t-il des mains courantes ?<\/strong>:Non<\/li>\n<li>\n<strong>Service en ville<\/strong>:Livraison porte-\u00e0-porte logistique intra-urbaine<\/li>\n<li>\n<strong>trier par couleur<\/strong>:A-thick [oval] gray-black + drainage accessories A-thick [oval] starry blue + drainage accessories A-thick [oval] wine red + drainage accessories A-thick [oval] reddish brown + drainage accessories A-thick [oval] forest green + drainage accessories A-thick [oval] crystal red + drainage accessories A-thick [oval] tea green + drainage accessories A-thick [oval] orange + drainage accessories A-thick [oval] violet + drainage accessories A-thick [oval] lemon yellow + drainage accessories A-thick [oval] transparent + drainage accessories A- Thin [oval] gray-black + drainage accessories A-thin [oval] starry blue + drainage accessories A-thin [oval] wine red + drainage accessories A-thin [oval] reddish brown + drainage accessories A-thin [oval] forest green + drainage accessories A-thin [oval] crystal red + drainage accessories A-thin [oval] orange + drainage accessories A-thin [oval] violet + drainage accessories A-thin [oval] lemon yellow + drainage accessories A-thin [oval] tea green + drainage accessories A-thin [oval] transparent + drainage accessories B-thick [ Goose egg shape] Gray black + drainage accessories B-thick [goose egg shape] Starry blue + drainage accessories B-thick [goose egg shape] Burgundy + drainage accessories B-thick [goose egg shape] Reddish brown + drainage accessories B-thick [goose egg shape] Forest green + drainage accessories B-thick [goose egg shape] Crystal red + drainage accessories B-thick [goose egg shape] Tea green + drainage accessories B-thick [goose egg shape] Orange red + drainage accessories B-thick [goose egg shape] Violet + drainage accessories B-thick [goose egg shape] Lemon yellow + drainage accessories B-thick [goose egg shape] Transparent + drainage accessories B-thin [goose egg shape ?Gray-black + drainage accessories B-thin [egg shape] starry blue + drainage accessories B-thin [egg shape] wine red + drainage accessories B-thin [egg shape] reddish brown + drainage accessories B-thin [egg shape] forest green + drainage accessories B-thin [egg shape] crystal red + drainage accessories B-thin [egg shape] tea green + drainage accessories B-thin [egg shape] orange red + drainage accessories B-thin [egg shape] violet + drainage accessories B-thin [egg shape] lemon yellow + drainage accessories B-thin [egg shape] transparent + drainage accessories color customization-colour<\/li>\n<\/ul>\n<p><img><\/p>","protected":false},"excerpt":{"rendered":"<p>Marque : YANASO\/Yanaso (mat\u00e9riau principal de d\u00e9coration int\u00e9rieure) Mod\u00e8le : YNS-8628T Forme : D\u00e9tach\u00e9e Origine : Chine continentale Province : Province du Guangdong Ville : Jiangmen Contient-il un robinet ? : Non inclus Longueur : 1,3 m 1,4 m<\/p>","protected":false},"featured_media":18897,"comment_status":"open","ping_status":"closed","template":"","meta":[],"product_brand":[],"product_cat":[30971,869],"product_tag":[30973],"class_list":{"0":"post-17286","1":"product","2":"type-product","3":"status-publish","4":"has-post-thumbnail","6":"product_cat-hp","7":"product_cat-wholesale-bathtub","8":"product_tag-tub","10":"first","11":"instock","12":"taxable","13":"shipping-taxable","14":"purchasable","15":"product-type-variable"},"_links":{"self":[{"href":"https:\/\/nexgendecors.com\/fr\/wp-json\/wp\/v2\/product\/17286","targetHints":{"allow":["GET"]}}],"collection":[{"href":"https:\/\/nexgendecors.com\/fr\/wp-json\/wp\/v2\/product"}],"about":[{"href":"https:\/\/nexgendecors.com\/fr\/wp-json\/wp\/v2\/types\/product"}],"replies":[{"embeddable":true,"href":"https:\/\/nexgendecors.com\/fr\/wp-json\/wp\/v2\/comments?post=17286"}],"version-history":[{"count":0,"href":"https:\/\/nexgendecors.com\/fr\/wp-json\/wp\/v2\/product\/17286\/revisions"}],"wp:featuredmedia":[{"embeddable":true,"href":"https:\/\/nexgendecors.com\/fr\/wp-json\/wp\/v2\/media\/18897"}],"wp:attachment":[{"href":"https:\/\/nexgendecors.com\/fr\/wp-json\/wp\/v2\/media?parent=17286"}],"wp:term":[{"taxonomy":"product_brand","embeddable":true,"href":"https:\/\/nexgendecors.com\/fr\/wp-json\/wp\/v2\/product_brand?post=17286"},{"taxonomy":"product_cat","embeddable":true,"href":"https:\/\/nexgendecors.com\/fr\/wp-json\/wp\/v2\/product_cat?post=17286"},{"taxonomy":"product_tag","embeddable":true,"href":"https:\/\/nexgendecors.com\/fr\/wp-json\/wp\/v2\/product_tag?post=17286"}],"curies":[{"name":"wp","href":"https:\/\/api.w.org\/{rel}","templated":true}]}}