{"id":173026,"date":"2025-02-25T06:33:08","date_gmt":"2025-02-25T06:33:08","guid":{"rendered":"https:\/\/nexgendecors.com\/en\/product\/manufacturers-quality-500-pack-cocktail-napkins-paper-3-ply-white-beverage-napkins-restaurant-event-bar-wedding-party-napkins\/"},"modified":"2025-04-12T13:43:58","modified_gmt":"2025-04-12T13:43:58","slug":"manufacturers-quality-500-pack-cocktail-napkins-paper-3-ply-white-beverage-napkins-restaurant-event-bar-wedding-party-napkins","status":"publish","type":"product","link":"https:\/\/nexgendecors.com\/fr\/product\/manufacturers-quality-500-pack-cocktail-napkins-paper-3-ply-white-beverage-napkins-restaurant-event-bar-wedding-party-napkins\/","title":{"rendered":"Lot de 500 serviettes \u00e0 cocktail en papier 3 plis de qualit\u00e9 fabricant pour restaurant, \u00e9v\u00e9nement, bar, mariage"},"content":{"rendered":"<ul>\n<li><strong>taper : <\/strong> Paper Napkins &amp; Serviettes<\/li>\n<li><strong>Couche : <\/strong> 2 Ply<\/li>\n<li><strong>mat\u00e9riel : <\/strong> Virgin Wood Pulp<\/li>\n<li><strong>fonctionnalit\u00e9 : <\/strong> Blanc<\/li>\n<li><strong>application : <\/strong> Coffee Napkins<\/li>\n<li><strong>style : <\/strong> Bag<\/li>\n<li><strong>lieu d&#039;origine : <\/strong> Guangdong, Chine<\/li>\n<li><strong>nom de marque : <\/strong> oem<\/li>\n<li><strong>num\u00e9ro de mod\u00e8le : <\/strong> oem<\/li>\n<li><strong>Nom : <\/strong> cocktail napkins<\/li>\n<li><strong>Couleur : <\/strong> Wihte\/brown\/Custom<\/li>\n<li><strong>Mat\u00e9riel : <\/strong> white beverage napkins restaurant event bar wedding party napkins<\/li>\n<li><strong>Fold : <\/strong> 1\/2 Fold\/1\/4 Fold<\/li>\n<li><strong>Impression : <\/strong> 1-6 Color Logo Printing<\/li>\n<li><strong>Quantit\u00e9 minimale de commande : <\/strong> 10000packs<\/li>\n<li><strong>Basic Weight : <\/strong> 2ply 16gsm \/2ply 13.5gsm 1PLY 16- 20gsm option<\/li>\n<li><strong>Sheet  Size : <\/strong> 25*25\/33*33\/33*40\/40*40 CM<\/li>\n<li><strong>Packing design : <\/strong> Customized accepted<\/li>\n<li><strong>Ply : <\/strong> 1\/2\/3\/4 Ply<\/li>\n<\/ul>","protected":false},"excerpt":{"rendered":"<p>type : Serviettes en papier et serviettes Couche : 2 plis Mat\u00e9riau : P\u00e2te de bois vierge Caract\u00e9ristique : Blanc Application :<\/p>","protected":false},"featured_media":173025,"comment_status":"open","ping_status":"closed","template":"","meta":[],"product_brand":[],"product_cat":[30927,30938],"product_tag":[],"class_list":{"0":"post-173026","1":"product","2":"type-product","3":"status-publish","4":"has-post-thumbnail","6":"product_cat-bath","7":"product_cat-paper-products","9":"first","10":"instock","11":"taxable","12":"shipping-taxable","13":"purchasable","14":"product-type-variable"},"_links":{"self":[{"href":"https:\/\/nexgendecors.com\/fr\/wp-json\/wp\/v2\/product\/173026","targetHints":{"allow":["GET"]}}],"collection":[{"href":"https:\/\/nexgendecors.com\/fr\/wp-json\/wp\/v2\/product"}],"about":[{"href":"https:\/\/nexgendecors.com\/fr\/wp-json\/wp\/v2\/types\/product"}],"replies":[{"embeddable":true,"href":"https:\/\/nexgendecors.com\/fr\/wp-json\/wp\/v2\/comments?post=173026"}],"version-history":[{"count":0,"href":"https:\/\/nexgendecors.com\/fr\/wp-json\/wp\/v2\/product\/173026\/revisions"}],"wp:featuredmedia":[{"embeddable":true,"href":"https:\/\/nexgendecors.com\/fr\/wp-json\/wp\/v2\/media\/173025"}],"wp:attachment":[{"href":"https:\/\/nexgendecors.com\/fr\/wp-json\/wp\/v2\/media?parent=173026"}],"wp:term":[{"taxonomy":"product_brand","embeddable":true,"href":"https:\/\/nexgendecors.com\/fr\/wp-json\/wp\/v2\/product_brand?post=173026"},{"taxonomy":"product_cat","embeddable":true,"href":"https:\/\/nexgendecors.com\/fr\/wp-json\/wp\/v2\/product_cat?post=173026"},{"taxonomy":"product_tag","embeddable":true,"href":"https:\/\/nexgendecors.com\/fr\/wp-json\/wp\/v2\/product_tag?post=173026"}],"curies":[{"name":"wp","href":"https:\/\/api.w.org\/{rel}","templated":true}]}}