{"id":173139,"date":"2025-02-25T06:36:46","date_gmt":"2025-02-25T06:36:46","guid":{"rendered":"https:\/\/nexgendecors.com\/en\/product\/factory-price-toilet-tissue-paper-roll-toilet-paper-tissue-toilet-tissue-paper-manufacturers-for-rebrand-bamboo-white\/"},"modified":"2025-04-06T10:23:39","modified_gmt":"2025-04-06T10:23:39","slug":"factory-price-toilet-tissue-paper-roll-toilet-paper-tissue-toilet-tissue-paper-manufacturers-for-rebrand-bamboo-white","status":"publish","type":"product","link":"https:\/\/nexgendecors.com\/fr\/product\/factory-price-toilet-tissue-paper-roll-toilet-paper-tissue-toilet-tissue-paper-manufacturers-for-rebrand-bamboo-white\/","title":{"rendered":"Rouleau de papier hygi\u00e9nique \u00e0 prix d'usine Papier hygi\u00e9nique en rouleau Papier hygi\u00e9nique Papier hygi\u00e9nique Fabricants de papier hygi\u00e9nique pour Rebrand Bamboo White"},"content":{"rendered":"<ul>\n<li><strong>mat\u00e9riel : <\/strong> Virgin Wood Pulp\/recycled pulp<\/li>\n<li><strong>taille : <\/strong> Standard Size Roll Or Customized<\/li>\n<li><strong>lieu d&#039;origine : <\/strong> Shandong, Chine<\/li>\n<li><strong>nom de marque : <\/strong> OEM<\/li>\n<li><strong>num\u00e9ro de mod\u00e8le : <\/strong> Dissolvable paper water dissolving<\/li>\n<li><strong>taper : <\/strong> Papier toilette<\/li>\n<li><strong>Nom du produit : <\/strong> Super soft toilet tissue paper with the cheapest budget<\/li>\n<li><strong>Sheet Size : <\/strong> 10*10cm or customized<\/li>\n<li><strong>GSM : <\/strong> 13.5-20gsm<\/li>\n<li><strong>Sheets : <\/strong> 200-500 sheets or as your request<\/li>\n<li><strong>Couleur : <\/strong> White or customized<\/li>\n<li><strong>Emballage : <\/strong> individual paper wrapped\/master polybag<\/li>\n<li><strong>Gaufrage : <\/strong> Dot \/ Flower or customized<\/li>\n<li><strong>Certification : <\/strong> CE ISO9001 ISO14001<\/li>\n<li><strong>Ply : <\/strong> OEM,1 \/ 2 \/ 3\/4 ply<\/li>\n<li><strong>Cartons : <\/strong> 96rolls\/box<\/li>\n<li><strong>C\u0153ur : <\/strong> C\u0153ur<\/li>\n<\/ul>","protected":false},"excerpt":{"rendered":"<p>mat\u00e9riau : p\u00e2te de bois vierge\/p\u00e2te recycl\u00e9e taille : rouleau de taille standard ou sur mesure lieu d'origine : Shandong, Chine marque<\/p>","protected":false},"featured_media":173138,"comment_status":"open","ping_status":"closed","template":"","meta":[],"product_brand":[],"product_cat":[30927,30938],"product_tag":[],"class_list":{"0":"post-173139","1":"product","2":"type-product","3":"status-publish","4":"has-post-thumbnail","6":"product_cat-bath","7":"product_cat-paper-products","9":"first","10":"instock","11":"taxable","12":"shipping-taxable","13":"purchasable","14":"product-type-variable"},"_links":{"self":[{"href":"https:\/\/nexgendecors.com\/fr\/wp-json\/wp\/v2\/product\/173139","targetHints":{"allow":["GET"]}}],"collection":[{"href":"https:\/\/nexgendecors.com\/fr\/wp-json\/wp\/v2\/product"}],"about":[{"href":"https:\/\/nexgendecors.com\/fr\/wp-json\/wp\/v2\/types\/product"}],"replies":[{"embeddable":true,"href":"https:\/\/nexgendecors.com\/fr\/wp-json\/wp\/v2\/comments?post=173139"}],"version-history":[{"count":0,"href":"https:\/\/nexgendecors.com\/fr\/wp-json\/wp\/v2\/product\/173139\/revisions"}],"wp:featuredmedia":[{"embeddable":true,"href":"https:\/\/nexgendecors.com\/fr\/wp-json\/wp\/v2\/media\/173138"}],"wp:attachment":[{"href":"https:\/\/nexgendecors.com\/fr\/wp-json\/wp\/v2\/media?parent=173139"}],"wp:term":[{"taxonomy":"product_brand","embeddable":true,"href":"https:\/\/nexgendecors.com\/fr\/wp-json\/wp\/v2\/product_brand?post=173139"},{"taxonomy":"product_cat","embeddable":true,"href":"https:\/\/nexgendecors.com\/fr\/wp-json\/wp\/v2\/product_cat?post=173139"},{"taxonomy":"product_tag","embeddable":true,"href":"https:\/\/nexgendecors.com\/fr\/wp-json\/wp\/v2\/product_tag?post=173139"}],"curies":[{"name":"wp","href":"https:\/\/api.w.org\/{rel}","templated":true}]}}