{"id":173188,"date":"2025-02-25T06:58:13","date_gmt":"2025-02-25T06:58:13","guid":{"rendered":"https:\/\/nexgendecors.com\/en\/product\/machine-washable-all-season-white-down-alternative-quilted-comforter-duvet-insert-or-comforter-quilt-for-queen-size\/"},"modified":"2025-04-10T15:25:14","modified_gmt":"2025-04-10T15:25:14","slug":"machine-washable-all-season-white-down-alternative-quilted-comforter-duvet-insert-or-comforter-quilt-for-queen-size","status":"publish","type":"product","link":"https:\/\/nexgendecors.com\/fr\/product\/machine-washable-all-season-white-down-alternative-quilted-comforter-duvet-insert-or-comforter-quilt-for-queen-size\/","title":{"rendered":"Couette matelass\u00e9e en duvet blanc toutes saisons lavable en machine pour lit queen size"},"content":{"rendered":"<ul>\n<li><strong>saison : <\/strong> Toutes saisons<\/li>\n<li><strong>mat\u00e9riel : <\/strong> Plush Microfiber<\/li>\n<li><strong>mat\u00e9riau de remplissage : <\/strong> Down alternative<\/li>\n<li><strong>mod\u00e8le : <\/strong> Box design<\/li>\n<li><strong>techniques : <\/strong> Stitching<\/li>\n<li><strong>utiliser : <\/strong> Maison, H\u00f4tel, H\u00f4pital<\/li>\n<li><strong>lieu d&#039;origine : <\/strong> Jiangsu, Chine<\/li>\n<li><strong>nom de marque : <\/strong> Carol<\/li>\n<li><strong>num\u00e9ro de mod\u00e8le : <\/strong> 111<\/li>\n<li><strong>fonctionnalit\u00e9 : <\/strong> Sustainable, portable, folded<\/li>\n<li><strong>Nom du produit : <\/strong> Quilted Comforter Duvet Insert or Comforter quilt for Queen Size<\/li>\n<li><strong>D\u00e9lai de livraison : <\/strong> 7-15 days after receiving your deposit<\/li>\n<li><strong>Fonctionnalit\u00e9 : <\/strong> Confortable,soft,warm ,smooth,Reusable,eco-friendly<\/li>\n<li><strong>Cover fabric : <\/strong> plush microfiber<\/li>\n<li><strong>Quantit\u00e9 minimale de commande : <\/strong> 20pcs<\/li>\n<li><strong>Payment : <\/strong> T\/T, L\/C, Paypal, etc<\/li>\n<li><strong>Filling material : <\/strong> Down-Alternative<\/li>\n<li><strong>Couleur : <\/strong> White Color<\/li>\n<li><strong>Conception : <\/strong> Box design stitching<\/li>\n<li><strong>Utilisation : <\/strong> Home Hotel Hospital Motel<\/li>\n<\/ul>","protected":false},"excerpt":{"rendered":"<p>saison : toutes saisons mat\u00e9riau : peluche microfibre mat\u00e9riau de remplissage : duvet motif alternatif : bo\u00eete techniques de conception : couture utilisation<\/p>","protected":false},"featured_media":173193,"comment_status":"open","ping_status":"closed","template":"","meta":[],"product_brand":[],"product_cat":[30926,30951,30952,30953],"product_tag":[],"class_list":{"0":"post-173188","1":"product","2":"type-product","3":"status-publish","4":"has-post-thumbnail","6":"product_cat-bedding","7":"product_cat-hotel-bedding","8":"product_cat-hotel-blanket-cover","9":"product_cat-hotel-sheet-linen","11":"first","12":"instock","13":"taxable","14":"shipping-taxable","15":"purchasable","16":"product-type-variable"},"_links":{"self":[{"href":"https:\/\/nexgendecors.com\/fr\/wp-json\/wp\/v2\/product\/173188","targetHints":{"allow":["GET"]}}],"collection":[{"href":"https:\/\/nexgendecors.com\/fr\/wp-json\/wp\/v2\/product"}],"about":[{"href":"https:\/\/nexgendecors.com\/fr\/wp-json\/wp\/v2\/types\/product"}],"replies":[{"embeddable":true,"href":"https:\/\/nexgendecors.com\/fr\/wp-json\/wp\/v2\/comments?post=173188"}],"version-history":[{"count":0,"href":"https:\/\/nexgendecors.com\/fr\/wp-json\/wp\/v2\/product\/173188\/revisions"}],"wp:featuredmedia":[{"embeddable":true,"href":"https:\/\/nexgendecors.com\/fr\/wp-json\/wp\/v2\/media\/173193"}],"wp:attachment":[{"href":"https:\/\/nexgendecors.com\/fr\/wp-json\/wp\/v2\/media?parent=173188"}],"wp:term":[{"taxonomy":"product_brand","embeddable":true,"href":"https:\/\/nexgendecors.com\/fr\/wp-json\/wp\/v2\/product_brand?post=173188"},{"taxonomy":"product_cat","embeddable":true,"href":"https:\/\/nexgendecors.com\/fr\/wp-json\/wp\/v2\/product_cat?post=173188"},{"taxonomy":"product_tag","embeddable":true,"href":"https:\/\/nexgendecors.com\/fr\/wp-json\/wp\/v2\/product_tag?post=173188"}],"curies":[{"name":"wp","href":"https:\/\/api.w.org\/{rel}","templated":true}]}}