{"id":173209,"date":"2025-02-25T07:04:58","date_gmt":"2025-02-25T07:04:58","guid":{"rendered":"https:\/\/nexgendecors.com\/en\/product\/factory-price-waterproof-hypoallergenic-bed-bug-zipper-pillow-protector-vinyl-pillowcases-zippered-pillow-covers-2\/"},"modified":"2025-04-06T10:24:13","modified_gmt":"2025-04-06T10:24:13","slug":"factory-price-waterproof-hypoallergenic-bed-bug-zipper-pillow-protector-vinyl-pillowcases-zippered-pillow-covers-2","status":"publish","type":"product","link":"https:\/\/nexgendecors.com\/fr\/product\/factory-price-waterproof-hypoallergenic-bed-bug-zipper-pillow-protector-vinyl-pillowcases-zippered-pillow-covers-2\/","title":{"rendered":"Housse de protection d&#039;oreiller en vinyle imperm\u00e9able et hypoallerg\u00e9nique avec fermeture \u00e9clair, anti-punaises de lit, prix d&#039;usine"},"content":{"rendered":"","protected":false},"excerpt":{"rendered":"","protected":false},"featured_media":173208,"comment_status":"open","ping_status":"closed","template":"","meta":[],"product_brand":[],"product_cat":[30926,30951,30954],"product_tag":[],"class_list":{"0":"post-173209","1":"product","2":"type-product","3":"status-publish","4":"has-post-thumbnail","6":"product_cat-bedding","7":"product_cat-hotel-bedding","8":"product_cat-hotel-pillows-and-covers","10":"first","11":"instock","12":"taxable","13":"shipping-taxable","14":"purchasable","15":"product-type-variable"},"_links":{"self":[{"href":"https:\/\/nexgendecors.com\/fr\/wp-json\/wp\/v2\/product\/173209","targetHints":{"allow":["GET"]}}],"collection":[{"href":"https:\/\/nexgendecors.com\/fr\/wp-json\/wp\/v2\/product"}],"about":[{"href":"https:\/\/nexgendecors.com\/fr\/wp-json\/wp\/v2\/types\/product"}],"replies":[{"embeddable":true,"href":"https:\/\/nexgendecors.com\/fr\/wp-json\/wp\/v2\/comments?post=173209"}],"version-history":[{"count":0,"href":"https:\/\/nexgendecors.com\/fr\/wp-json\/wp\/v2\/product\/173209\/revisions"}],"wp:featuredmedia":[{"embeddable":true,"href":"https:\/\/nexgendecors.com\/fr\/wp-json\/wp\/v2\/media\/173208"}],"wp:attachment":[{"href":"https:\/\/nexgendecors.com\/fr\/wp-json\/wp\/v2\/media?parent=173209"}],"wp:term":[{"taxonomy":"product_brand","embeddable":true,"href":"https:\/\/nexgendecors.com\/fr\/wp-json\/wp\/v2\/product_brand?post=173209"},{"taxonomy":"product_cat","embeddable":true,"href":"https:\/\/nexgendecors.com\/fr\/wp-json\/wp\/v2\/product_cat?post=173209"},{"taxonomy":"product_tag","embeddable":true,"href":"https:\/\/nexgendecors.com\/fr\/wp-json\/wp\/v2\/product_tag?post=173209"}],"curies":[{"name":"wp","href":"https:\/\/api.w.org\/{rel}","templated":true}]}}