{"id":173258,"date":"2025-02-25T07:21:28","date_gmt":"2025-02-25T07:21:28","guid":{"rendered":"https:\/\/nexgendecors.com\/en\/product\/morden-style-hotel-microfiber-quilted-waterproof-mattress-protector-soft-mattress-cover\/"},"modified":"2025-04-06T10:24:36","modified_gmt":"2025-04-06T10:24:36","slug":"morden-style-hotel-microfiber-quilted-waterproof-mattress-protector-soft-mattress-cover","status":"publish","type":"product","link":"https:\/\/nexgendecors.com\/fr\/product\/morden-style-hotel-microfiber-quilted-waterproof-mattress-protector-soft-mattress-cover\/","title":{"rendered":"Morden Style Hotel Prot\u00e8ge-matelas en microfibre matelass\u00e9e imperm\u00e9able \u00e0 l'eau, housse de matelas souple"},"content":{"rendered":"<ul>\n<li><strong>lieu d&#039;origine : <\/strong> Chine<\/li>\n<li><strong>mat\u00e9riel : <\/strong> Coton 100%<\/li>\n<li><strong>fonctionnalit\u00e9 : <\/strong> \u00c9tanche<\/li>\n<li><strong>techniques : <\/strong> tiss\u00e9<\/li>\n<li><strong>mod\u00e8le : <\/strong> Celebrities<\/li>\n<li><strong>application : <\/strong> H\u00f4tel<\/li>\n<li><strong>est_personnalis\u00e9 : <\/strong> Oui<\/li>\n<li><strong>nombre de tissus : <\/strong> 40<\/li>\n<li><strong>formulaire : <\/strong> Folding Mat<\/li>\n<li><strong>nombre de fils : <\/strong> 200TC<\/li>\n<li><strong>saison : <\/strong> Toutes saisons<\/li>\n<li><strong>Style : <\/strong> Plaine<\/li>\n<li><strong>Mod\u00e8le : <\/strong> Teint uni<\/li>\n<li><strong>Tranche d&#039;\u00e2ge : <\/strong> Adultes<\/li>\n<li><strong>Company type : <\/strong> Fabricant<\/li>\n<li><strong>Couleur : <\/strong> Blanc<\/li>\n<li><strong>Fonction : <\/strong> mattress topper, mattress pad<\/li>\n<li><strong>Tissu : <\/strong> 100% cotton  or 100% polyester<\/li>\n<li><strong>Remplissage : <\/strong> duck down, duck feather<\/li>\n<li><strong>Emballage : <\/strong> PVC Zipper Bag<\/li>\n<li><strong>Logo : <\/strong> Customized Accepted<\/li>\n<\/ul>","protected":false},"excerpt":{"rendered":"<p>lieu d'origine : Chine mati\u00e8re : 100% Coton caract\u00e9ristique : Imperm\u00e9able technique : tiss\u00e9 motif : C\u00e9l\u00e9brit\u00e9s application :<\/p>","protected":false},"featured_media":173257,"comment_status":"open","ping_status":"closed","template":"","meta":[],"product_brand":[],"product_cat":[30926,30951,30957,30956],"product_tag":[],"class_list":{"0":"post-173258","1":"product","2":"type-product","3":"status-publish","4":"has-post-thumbnail","6":"product_cat-bedding","7":"product_cat-hotel-bedding","8":"product_cat-hotel-mattress-set","9":"product_cat-mattress-cover","11":"first","12":"instock","13":"taxable","14":"shipping-taxable","15":"purchasable","16":"product-type-variable"},"_links":{"self":[{"href":"https:\/\/nexgendecors.com\/fr\/wp-json\/wp\/v2\/product\/173258","targetHints":{"allow":["GET"]}}],"collection":[{"href":"https:\/\/nexgendecors.com\/fr\/wp-json\/wp\/v2\/product"}],"about":[{"href":"https:\/\/nexgendecors.com\/fr\/wp-json\/wp\/v2\/types\/product"}],"replies":[{"embeddable":true,"href":"https:\/\/nexgendecors.com\/fr\/wp-json\/wp\/v2\/comments?post=173258"}],"version-history":[{"count":0,"href":"https:\/\/nexgendecors.com\/fr\/wp-json\/wp\/v2\/product\/173258\/revisions"}],"wp:featuredmedia":[{"embeddable":true,"href":"https:\/\/nexgendecors.com\/fr\/wp-json\/wp\/v2\/media\/173257"}],"wp:attachment":[{"href":"https:\/\/nexgendecors.com\/fr\/wp-json\/wp\/v2\/media?parent=173258"}],"wp:term":[{"taxonomy":"product_brand","embeddable":true,"href":"https:\/\/nexgendecors.com\/fr\/wp-json\/wp\/v2\/product_brand?post=173258"},{"taxonomy":"product_cat","embeddable":true,"href":"https:\/\/nexgendecors.com\/fr\/wp-json\/wp\/v2\/product_cat?post=173258"},{"taxonomy":"product_tag","embeddable":true,"href":"https:\/\/nexgendecors.com\/fr\/wp-json\/wp\/v2\/product_tag?post=173258"}],"curies":[{"name":"wp","href":"https:\/\/api.w.org\/{rel}","templated":true}]}}