{"id":173285,"date":"2025-02-25T07:23:44","date_gmt":"2025-02-25T07:23:44","guid":{"rendered":"https:\/\/nexgendecors.com\/en\/product\/comfortable-mattress-queen-king-bedroom-spring-mattress-queen-size-soft-mattress\/"},"modified":"2025-04-12T16:18:48","modified_gmt":"2025-04-12T16:18:48","slug":"comfortable-mattress-queen-king-bedroom-spring-mattress-queen-size-soft-mattress","status":"publish","type":"product","link":"https:\/\/nexgendecors.com\/fr\/product\/comfortable-mattress-queen-king-bedroom-spring-mattress-queen-size-soft-mattress\/","title":{"rendered":"Matelas confortable Queen King pour chambre \u00e0 coucher, matelas \u00e0 ressorts Queen Size, matelas moelleux"},"content":{"rendered":"<ul>\n<li><strong>lieu d&#039;origine : <\/strong> Jiangsu, Chine<\/li>\n<li><strong>nom de marque : <\/strong> Carol<\/li>\n<li><strong>num\u00e9ro de mod\u00e8le : <\/strong> Mattress  Topper<\/li>\n<li><strong>mat\u00e9riel : <\/strong> Coton 100%<\/li>\n<li><strong>fonctionnalit\u00e9 : <\/strong> Air-permeable, Anti Dust Mite, Anti-Bacteria, Anti-Pull, Waterproof<\/li>\n<li><strong>techniques : <\/strong> tiss\u00e9<\/li>\n<li><strong>mod\u00e8le : <\/strong> Celebrities<\/li>\n<li><strong>application : <\/strong> Home, Hospital, Hotel<\/li>\n<li><strong>est_personnalis\u00e9 : <\/strong> Oui<\/li>\n<li><strong>nombre de tissus : <\/strong> 40<\/li>\n<li><strong>formulaire : <\/strong> Folding Mat<\/li>\n<li><strong>nombre de fils : <\/strong> 200TC<\/li>\n<li><strong>Style : <\/strong> Plaine<\/li>\n<li><strong>Mod\u00e8le : <\/strong> Teint uni<\/li>\n<li><strong>Tranche d&#039;\u00e2ge : <\/strong> Adultes<\/li>\n<li><strong>Company type : <\/strong> Fabricant<\/li>\n<li><strong>Certification : <\/strong> ISO9001, ISO14001, OHSAS18001<\/li>\n<li><strong>Couleur : <\/strong> Blanc<\/li>\n<li><strong>Fonction : <\/strong> mattress topper, mattress pad<\/li>\n<li><strong>Remplissage : <\/strong> duck down, duck feather<\/li>\n<li><strong>Emballage : <\/strong> PVC Zipper Bag<\/li>\n<li><strong>Logo : <\/strong> Disponible<\/li>\n<\/ul>","protected":false},"excerpt":{"rendered":"<p>lieu d'origine : Jiangsu, Chine marque : Carol num\u00e9ro de mod\u00e8le : Surmatelas mati\u00e8re : 100% Coton caract\u00e9ristique<\/p>","protected":false},"featured_media":173284,"comment_status":"open","ping_status":"closed","template":"","meta":[],"product_brand":[],"product_cat":[30926,30951,30957],"product_tag":[],"class_list":{"0":"post-173285","1":"product","2":"type-product","3":"status-publish","4":"has-post-thumbnail","6":"product_cat-bedding","7":"product_cat-hotel-bedding","8":"product_cat-hotel-mattress-set","10":"first","11":"instock","12":"taxable","13":"shipping-taxable","14":"purchasable","15":"product-type-variable"},"_links":{"self":[{"href":"https:\/\/nexgendecors.com\/fr\/wp-json\/wp\/v2\/product\/173285","targetHints":{"allow":["GET"]}}],"collection":[{"href":"https:\/\/nexgendecors.com\/fr\/wp-json\/wp\/v2\/product"}],"about":[{"href":"https:\/\/nexgendecors.com\/fr\/wp-json\/wp\/v2\/types\/product"}],"replies":[{"embeddable":true,"href":"https:\/\/nexgendecors.com\/fr\/wp-json\/wp\/v2\/comments?post=173285"}],"version-history":[{"count":0,"href":"https:\/\/nexgendecors.com\/fr\/wp-json\/wp\/v2\/product\/173285\/revisions"}],"wp:featuredmedia":[{"embeddable":true,"href":"https:\/\/nexgendecors.com\/fr\/wp-json\/wp\/v2\/media\/173284"}],"wp:attachment":[{"href":"https:\/\/nexgendecors.com\/fr\/wp-json\/wp\/v2\/media?parent=173285"}],"wp:term":[{"taxonomy":"product_brand","embeddable":true,"href":"https:\/\/nexgendecors.com\/fr\/wp-json\/wp\/v2\/product_brand?post=173285"},{"taxonomy":"product_cat","embeddable":true,"href":"https:\/\/nexgendecors.com\/fr\/wp-json\/wp\/v2\/product_cat?post=173285"},{"taxonomy":"product_tag","embeddable":true,"href":"https:\/\/nexgendecors.com\/fr\/wp-json\/wp\/v2\/product_tag?post=173285"}],"curies":[{"name":"wp","href":"https:\/\/api.w.org\/{rel}","templated":true}]}}