{"id":173337,"date":"2025-02-25T07:26:06","date_gmt":"2025-02-25T07:26:06","guid":{"rendered":"https:\/\/nexgendecors.com\/en\/product\/breathable-washable-soft-cotton-mattress-protector-bed-coverprotectors-quilted-fitted-mattress-pad\/"},"modified":"2025-04-06T10:25:07","modified_gmt":"2025-04-06T10:25:07","slug":"breathable-washable-soft-cotton-mattress-protector-bed-coverprotectors-quilted-fitted-mattress-pad","status":"publish","type":"product","link":"https:\/\/nexgendecors.com\/fr\/product\/breathable-washable-soft-cotton-mattress-protector-bed-coverprotectors-quilted-fitted-mattress-pad\/","title":{"rendered":"Prot\u00e8ge-matelas respirant lavable en coton doux Couverture de lit&amp;protecteurs Matelas matelass\u00e9 matelass\u00e9"},"content":{"rendered":"<ul>\n<li><strong>lieu d&#039;origine : <\/strong> Jiangsu, Chine<\/li>\n<li><strong>nom de marque : <\/strong> kelin<\/li>\n<li><strong>mat\u00e9riel : <\/strong> Coton 100%<\/li>\n<li><strong>fonctionnalit\u00e9 : <\/strong> Anti-static, Anti Dust Mite<\/li>\n<li><strong>techniques : <\/strong> tiss\u00e9<\/li>\n<li><strong>mod\u00e8le : <\/strong> Solide<\/li>\n<li><strong>application : <\/strong> H\u00f4tel, Maison, H\u00f4pital<\/li>\n<li><strong>est_personnalis\u00e9 : <\/strong> Oui<\/li>\n<li><strong>nombre de tissus : <\/strong> 60<\/li>\n<li><strong>formulaire : <\/strong> Folding Mat<\/li>\n<li><strong>nombre de fils : <\/strong> 200TC<\/li>\n<li><strong>saison : <\/strong> Toutes saisons<\/li>\n<li><strong>Nom du produit : <\/strong> Mattress Topper<\/li>\n<li><strong>Style : <\/strong> Plaine<\/li>\n<li><strong>Mod\u00e8le : <\/strong> Teint uni<\/li>\n<li><strong>Tranche d&#039;\u00e2ge : <\/strong> Adultes<\/li>\n<li><strong>Company Type : <\/strong> Fabricant<\/li>\n<li><strong>Couleur : <\/strong> Blanc<\/li>\n<li><strong>Emballage : <\/strong> vacuum pack<\/li>\n<li><strong>Remplissage : <\/strong> 100% cotton Fiber<\/li>\n<li><strong>Conception : <\/strong> Custom Made Color<\/li>\n<li><strong>Feeling : <\/strong> Skin-care<\/li>\n<\/ul>","protected":false},"excerpt":{"rendered":"<p>lieu d'origine : Jiangsu, Chine marque : kelin mati\u00e8re : 100% Coton caract\u00e9ristiques : antistatique, anti-acariens<\/p>","protected":false},"featured_media":173336,"comment_status":"open","ping_status":"closed","template":"","meta":[],"product_brand":[],"product_cat":[30926,30951,30957,30956],"product_tag":[],"class_list":{"0":"post-173337","1":"product","2":"type-product","3":"status-publish","4":"has-post-thumbnail","6":"product_cat-bedding","7":"product_cat-hotel-bedding","8":"product_cat-hotel-mattress-set","9":"product_cat-mattress-cover","11":"first","12":"instock","13":"taxable","14":"shipping-taxable","15":"purchasable","16":"product-type-variable"},"_links":{"self":[{"href":"https:\/\/nexgendecors.com\/fr\/wp-json\/wp\/v2\/product\/173337","targetHints":{"allow":["GET"]}}],"collection":[{"href":"https:\/\/nexgendecors.com\/fr\/wp-json\/wp\/v2\/product"}],"about":[{"href":"https:\/\/nexgendecors.com\/fr\/wp-json\/wp\/v2\/types\/product"}],"replies":[{"embeddable":true,"href":"https:\/\/nexgendecors.com\/fr\/wp-json\/wp\/v2\/comments?post=173337"}],"version-history":[{"count":0,"href":"https:\/\/nexgendecors.com\/fr\/wp-json\/wp\/v2\/product\/173337\/revisions"}],"wp:featuredmedia":[{"embeddable":true,"href":"https:\/\/nexgendecors.com\/fr\/wp-json\/wp\/v2\/media\/173336"}],"wp:attachment":[{"href":"https:\/\/nexgendecors.com\/fr\/wp-json\/wp\/v2\/media?parent=173337"}],"wp:term":[{"taxonomy":"product_brand","embeddable":true,"href":"https:\/\/nexgendecors.com\/fr\/wp-json\/wp\/v2\/product_brand?post=173337"},{"taxonomy":"product_cat","embeddable":true,"href":"https:\/\/nexgendecors.com\/fr\/wp-json\/wp\/v2\/product_cat?post=173337"},{"taxonomy":"product_tag","embeddable":true,"href":"https:\/\/nexgendecors.com\/fr\/wp-json\/wp\/v2\/product_tag?post=173337"}],"curies":[{"name":"wp","href":"https:\/\/api.w.org\/{rel}","templated":true}]}}