{"id":173354,"date":"2025-02-25T07:35:08","date_gmt":"2025-02-25T07:35:08","guid":{"rendered":"https:\/\/nexgendecors.com\/en\/product\/hot-sale-4pcs-thick-flannel-fleece-velvet-duvet-cover-soft-solid-color-queen-king-size-winter-bedding-set-for-home\/"},"modified":"2025-04-06T10:25:25","modified_gmt":"2025-04-06T10:25:25","slug":"offre-speciale-4-pieces-epaisse-flanelle-polaire-velours-housse-de-couette-douce-couleur-unie-reine-roi-taille-hiver-ensemble-de-literie-pour-la-maison","status":"publish","type":"product","link":"https:\/\/nexgendecors.com\/fr\/product\/offre-speciale-4-pieces-epaisse-flanelle-polaire-velours-housse-de-couette-douce-couleur-unie-reine-roi-taille-hiver-ensemble-de-literie-pour-la-maison\/","title":{"rendered":"Offre sp\u00e9ciale 4 pi\u00e8ces housse de couette en velours polaire flanelle \u00e9paisse douce couleur unie Queen King Size ensemble de literie d&#039;hiver pour la maison"},"content":{"rendered":"<ul>\n<li><strong>type de motif : <\/strong> Solide<\/li>\n<li><strong>est_personnalis\u00e9 : <\/strong> Oui<\/li>\n<li><strong>Type de literie de mariage : <\/strong> Kit de mariage quatre pi\u00e8ces<\/li>\n<li><strong>densit\u00e9 du tissu : <\/strong> 133&#215;72<\/li>\n<li><strong>nombre de tissus : <\/strong> 60<\/li>\n<li><strong>degr\u00e9 de solidit\u00e9 des couleurs : <\/strong> Normes nationales<\/li>\n<li><strong>nombre de fils : <\/strong> 400TC<\/li>\n<li><strong>Grade : <\/strong> Qualit\u00e9<\/li>\n<li><strong>Taille de l&#039;application : <\/strong> 1,0 m 3,3 pieds, 2,5 m 8 pieds, 1,2 m 4 pieds, 2,0 m 6,6 pieds, 1,5 m 5 pieds, 1,8 m 6 pieds<\/li>\n<li><strong>saison : <\/strong> Automne<\/li>\n<li><strong>taper : <\/strong> Ensembles de draps, taies d&#039;oreiller et housses de couette<\/li>\n<li><strong>utiliser : <\/strong> Accueil<\/li>\n<li><strong>mat\u00e9riel : <\/strong> Fibre de polyester 100%<\/li>\n<li><strong>remplissage : <\/strong> Polyester<\/li>\n<li><strong>mod\u00e8le : <\/strong> Imprim\u00e9<\/li>\n<li><strong>style : <\/strong> Moderne<\/li>\n<li><strong>Quantit\u00e9 : <\/strong> 4 pi\u00e8ces<\/li>\n<li><strong>techniques : <\/strong> tricot\u00e9<\/li>\n<li><strong>fonctionnalit\u00e9 : <\/strong> Non jetable<\/li>\n<li><strong>lieu d&#039;origine : <\/strong> Zhejiang, Chine<\/li>\n<li><strong>nom de marque : <\/strong> Shande<\/li>\n<li><strong>num\u00e9ro de mod\u00e8le : <\/strong> B-01<\/li>\n<li><strong>Nom du produit : <\/strong> Parure de lit en velours<\/li>\n<li><strong>Mat\u00e9riel : <\/strong> Fibre de polyester 100%, microfibre<\/li>\n<li><strong>Taille : <\/strong> personnalis\u00e9<\/li>\n<li><strong>couleur : <\/strong> de nombreuses couleurs peuvent \u00eatre disponibles<\/li>\n<li><strong>Avantage : <\/strong> doux<\/li>\n<li><strong>\u00e9chantillon : <\/strong> disponible<\/li>\n<\/ul>","protected":false},"excerpt":{"rendered":"<p>type de motif : Uni est_personnalis\u00e9 : Oui Type de literie de mariage : Ensemble de mariage quatre pi\u00e8ces densit\u00e9 du tissu : 133 \u00d7 72 nombre de tissus<\/p>","protected":false},"featured_media":173353,"comment_status":"open","ping_status":"closed","template":"","meta":[],"product_brand":[],"product_cat":[30926,30816,30951,30953],"product_tag":[],"class_list":{"0":"post-173354","1":"product","2":"type-product","3":"status-publish","4":"has-post-thumbnail","6":"product_cat-bedding","7":"product_cat-blankets","8":"product_cat-hotel-bedding","9":"product_cat-hotel-sheet-linen","11":"first","12":"instock","13":"taxable","14":"shipping-taxable","15":"purchasable","16":"product-type-variable"},"_links":{"self":[{"href":"https:\/\/nexgendecors.com\/fr\/wp-json\/wp\/v2\/product\/173354","targetHints":{"allow":["GET"]}}],"collection":[{"href":"https:\/\/nexgendecors.com\/fr\/wp-json\/wp\/v2\/product"}],"about":[{"href":"https:\/\/nexgendecors.com\/fr\/wp-json\/wp\/v2\/types\/product"}],"replies":[{"embeddable":true,"href":"https:\/\/nexgendecors.com\/fr\/wp-json\/wp\/v2\/comments?post=173354"}],"version-history":[{"count":0,"href":"https:\/\/nexgendecors.com\/fr\/wp-json\/wp\/v2\/product\/173354\/revisions"}],"wp:featuredmedia":[{"embeddable":true,"href":"https:\/\/nexgendecors.com\/fr\/wp-json\/wp\/v2\/media\/173353"}],"wp:attachment":[{"href":"https:\/\/nexgendecors.com\/fr\/wp-json\/wp\/v2\/media?parent=173354"}],"wp:term":[{"taxonomy":"product_brand","embeddable":true,"href":"https:\/\/nexgendecors.com\/fr\/wp-json\/wp\/v2\/product_brand?post=173354"},{"taxonomy":"product_cat","embeddable":true,"href":"https:\/\/nexgendecors.com\/fr\/wp-json\/wp\/v2\/product_cat?post=173354"},{"taxonomy":"product_tag","embeddable":true,"href":"https:\/\/nexgendecors.com\/fr\/wp-json\/wp\/v2\/product_tag?post=173354"}],"curies":[{"name":"wp","href":"https:\/\/api.w.org\/{rel}","templated":true}]}}