{"id":173463,"date":"2025-02-25T07:36:08","date_gmt":"2025-02-25T07:36:08","guid":{"rendered":"https:\/\/nexgendecors.com\/en\/product\/new-design-quilted-water-proof-hypoallergenic-bed-bug-mattress-cover-anti-dust-be-mattress-protector\/"},"modified":"2025-02-25T07:36:21","modified_gmt":"2025-02-25T07:36:21","slug":"new-design-quilted-water-proof-hypoallergenic-bed-bug-mattress-cover-anti-dust-be-mattress-protector","status":"publish","type":"product","link":"https:\/\/nexgendecors.com\/fr\/product\/new-design-quilted-water-proof-hypoallergenic-bed-bug-mattress-cover-anti-dust-be-mattress-protector\/","title":{"rendered":"Nouveau Design Housse de matelas matelass\u00e9e imperm\u00e9able et hypoallerg\u00e9nique contre les punaises de lit Anti-poussi\u00e8re Prot\u00e8ge-matelas"},"content":{"rendered":"<ul>\n<li><strong>taper : <\/strong> Tapis de lit<\/li>\n<li><strong>nombre de tissus : <\/strong> 40<\/li>\n<li><strong>formulaire : <\/strong> Tapis de Mahjong<\/li>\n<li><strong>hauteur : <\/strong> 15 \u00e0 17 pouces<\/li>\n<li><strong>nombre de fils : <\/strong> 300tc<\/li>\n<li><strong>Produit : <\/strong> Coussin de protection de lit<\/li>\n<li><strong>Grade : <\/strong> Cat\u00e9gorie A<\/li>\n<li><strong>saison : <\/strong> Tous les jours<\/li>\n<li><strong>mat\u00e9riel : <\/strong> 35% bambou, 60% polyester<\/li>\n<li><strong>style : <\/strong> jacquard<\/li>\n<li><strong>mod\u00e8le : <\/strong> Matelass\u00e9<\/li>\n<li><strong>techniques : <\/strong> tricot\u00e9<\/li>\n<li><strong>tranche d&#039;\u00e2ge : <\/strong> Adultes<\/li>\n<li><strong>fonctionnalit\u00e9 : <\/strong> Imperm\u00e9able, jetable, anti-traction, anti-acariens, perm\u00e9able \u00e0 l&#039;air, antibact\u00e9rien, ignifuge<\/li>\n<li><strong>application : <\/strong> Maison, H\u00f4tel, H\u00f4pital<\/li>\n<li><strong>lieu d&#039;origine : <\/strong> Zhejiang, Chine<\/li>\n<li><strong>nom de marque : <\/strong> Shande<\/li>\n<li><strong>num\u00e9ro de mod\u00e8le : <\/strong> B-01<\/li>\n<li><strong>Nom du produit : <\/strong> Prot\u00e8ge-matelas en bambou<\/li>\n<li><strong>Mat\u00e9riel : <\/strong> 35% bambou, 60% polyester<\/li>\n<li><strong>Quantit\u00e9 minimale de commande : <\/strong> 100 ensembles<\/li>\n<li><strong>Taille : <\/strong> personnalis\u00e9<\/li>\n<li><strong>couleur : <\/strong> de nombreuses couleurs peuvent \u00eatre disponibles<\/li>\n<li><strong>Avantage : <\/strong> Doux et confortable<\/li>\n<li><strong>\u00e9chantillon : <\/strong> disponible<\/li>\n<\/ul>","protected":false},"excerpt":{"rendered":"<p>type : Tapis de lit nombre de tissus : 40 forme : Mahjong Hauteur du tapis : 15 \u00e0 17 pouces Nombre de fils<\/p>","protected":false},"featured_media":173462,"comment_status":"open","ping_status":"closed","template":"","meta":[],"product_brand":[],"product_cat":[30926,30951,30956],"product_tag":[],"class_list":{"0":"post-173463","1":"product","2":"type-product","3":"status-publish","4":"has-post-thumbnail","6":"product_cat-bedding","7":"product_cat-hotel-bedding","8":"product_cat-mattress-cover","10":"first","11":"instock","12":"taxable","13":"shipping-taxable","14":"purchasable","15":"product-type-variable"},"_links":{"self":[{"href":"https:\/\/nexgendecors.com\/fr\/wp-json\/wp\/v2\/product\/173463","targetHints":{"allow":["GET"]}}],"collection":[{"href":"https:\/\/nexgendecors.com\/fr\/wp-json\/wp\/v2\/product"}],"about":[{"href":"https:\/\/nexgendecors.com\/fr\/wp-json\/wp\/v2\/types\/product"}],"replies":[{"embeddable":true,"href":"https:\/\/nexgendecors.com\/fr\/wp-json\/wp\/v2\/comments?post=173463"}],"version-history":[{"count":0,"href":"https:\/\/nexgendecors.com\/fr\/wp-json\/wp\/v2\/product\/173463\/revisions"}],"wp:featuredmedia":[{"embeddable":true,"href":"https:\/\/nexgendecors.com\/fr\/wp-json\/wp\/v2\/media\/173462"}],"wp:attachment":[{"href":"https:\/\/nexgendecors.com\/fr\/wp-json\/wp\/v2\/media?parent=173463"}],"wp:term":[{"taxonomy":"product_brand","embeddable":true,"href":"https:\/\/nexgendecors.com\/fr\/wp-json\/wp\/v2\/product_brand?post=173463"},{"taxonomy":"product_cat","embeddable":true,"href":"https:\/\/nexgendecors.com\/fr\/wp-json\/wp\/v2\/product_cat?post=173463"},{"taxonomy":"product_tag","embeddable":true,"href":"https:\/\/nexgendecors.com\/fr\/wp-json\/wp\/v2\/product_tag?post=173463"}],"curies":[{"name":"wp","href":"https:\/\/api.w.org\/{rel}","templated":true}]}}