{"id":173545,"date":"2025-02-25T07:55:33","date_gmt":"2025-02-25T07:55:33","guid":{"rendered":"https:\/\/nexgendecors.com\/en\/product\/luxury-cream-soft-pillowcase-duvet-cover-sets-high-quality-100-microfiber-bed-sheet-bedding-sets-for-hotel-home\/"},"modified":"2025-04-06T10:26:05","modified_gmt":"2025-04-06T10:26:05","slug":"luxury-cream-soft-pillowcase-duvet-cover-sets-high-quality-100-microfiber-bed-sheet-bedding-sets-for-hotel-home","status":"publish","type":"product","link":"https:\/\/nexgendecors.com\/fr\/product\/luxury-cream-soft-pillowcase-duvet-cover-sets-high-quality-100-microfiber-bed-sheet-bedding-sets-for-hotel-home\/","title":{"rendered":"Parure de lit luxueuse avec housse de couette et taie d&#039;oreiller douce et cr\u00e8me, en microfibre 100% de haute qualit\u00e9, pour h\u00f4tel et maison"},"content":{"rendered":"<ul>\n<li><strong>lieu d&#039;origine : <\/strong> Zhejiang, Chine<\/li>\n<li><strong>nom de marque : <\/strong> Shande<\/li>\n<li><strong>num\u00e9ro de mod\u00e8le : <\/strong> B-01<\/li>\n<li><strong>mat\u00e9riel : <\/strong> Microfiber Fabric<\/li>\n<li><strong>fonctionnalit\u00e9 : <\/strong> Air-permeable<\/li>\n<li><strong>techniques : <\/strong> tricot\u00e9<\/li>\n<li><strong>style : <\/strong> Moderne<\/li>\n<li><strong>quantit\u00e9 : <\/strong> 3 pi\u00e8ces<\/li>\n<li><strong>mod\u00e8le : <\/strong> Solide<\/li>\n<li><strong>application : <\/strong> Home, Hotel<\/li>\n<li><strong>est_personnalis\u00e9 : <\/strong> Oui<\/li>\n<li><strong>densit\u00e9 du tissu : <\/strong> 128&#215;68<\/li>\n<li><strong>nombre de tissus : <\/strong> 40<\/li>\n<li><strong>degr\u00e9 de solidit\u00e9 des couleurs : <\/strong> Normes nationales<\/li>\n<li><strong>nombre de fils : <\/strong> 300tc<\/li>\n<li><strong>poids : <\/strong> 1.5-2 Kg<\/li>\n<li><strong>Nom du produit : <\/strong> 3PCS Microfiber Duvet Set<\/li>\n<li><strong>Mots cl\u00e9s : <\/strong> ensemble de literie<\/li>\n<li><strong>Couleur : <\/strong> Personnalis\u00e9<\/li>\n<li><strong>Logo : <\/strong> Personnalis\u00e9<\/li>\n<li><strong>Fonctionnalit\u00e9 : <\/strong> eco-friendly<\/li>\n<li><strong>OEM : <\/strong> OEM Avaliable<\/li>\n<li><strong>Emballage : <\/strong> Custom Packing<\/li>\n<li><strong>Logistics Pattern : <\/strong> Express, Sea, Land, Air<\/li>\n<li><strong>PAIEMENT : <\/strong> Banque TT.Paypal.Western Union Trade Assurance<\/li>\n<\/ul>","protected":false},"excerpt":{"rendered":"<p>Lieu d&#039;origine : Zhejiang, Chine Nom de marque : Shande Num\u00e9ro de mod\u00e8le : B-01 Mat\u00e9riau : Tissu en microfibre Caract\u00e9ristiques :<\/p>","protected":false},"featured_media":173544,"comment_status":"open","ping_status":"closed","template":"","meta":[],"product_brand":[],"product_cat":[30926,30951,30952,30953],"product_tag":[],"class_list":{"0":"post-173545","1":"product","2":"type-product","3":"status-publish","4":"has-post-thumbnail","6":"product_cat-bedding","7":"product_cat-hotel-bedding","8":"product_cat-hotel-blanket-cover","9":"product_cat-hotel-sheet-linen","11":"first","12":"instock","13":"taxable","14":"shipping-taxable","15":"purchasable","16":"product-type-variable"},"_links":{"self":[{"href":"https:\/\/nexgendecors.com\/fr\/wp-json\/wp\/v2\/product\/173545","targetHints":{"allow":["GET"]}}],"collection":[{"href":"https:\/\/nexgendecors.com\/fr\/wp-json\/wp\/v2\/product"}],"about":[{"href":"https:\/\/nexgendecors.com\/fr\/wp-json\/wp\/v2\/types\/product"}],"replies":[{"embeddable":true,"href":"https:\/\/nexgendecors.com\/fr\/wp-json\/wp\/v2\/comments?post=173545"}],"version-history":[{"count":0,"href":"https:\/\/nexgendecors.com\/fr\/wp-json\/wp\/v2\/product\/173545\/revisions"}],"wp:featuredmedia":[{"embeddable":true,"href":"https:\/\/nexgendecors.com\/fr\/wp-json\/wp\/v2\/media\/173544"}],"wp:attachment":[{"href":"https:\/\/nexgendecors.com\/fr\/wp-json\/wp\/v2\/media?parent=173545"}],"wp:term":[{"taxonomy":"product_brand","embeddable":true,"href":"https:\/\/nexgendecors.com\/fr\/wp-json\/wp\/v2\/product_brand?post=173545"},{"taxonomy":"product_cat","embeddable":true,"href":"https:\/\/nexgendecors.com\/fr\/wp-json\/wp\/v2\/product_cat?post=173545"},{"taxonomy":"product_tag","embeddable":true,"href":"https:\/\/nexgendecors.com\/fr\/wp-json\/wp\/v2\/product_tag?post=173545"}],"curies":[{"name":"wp","href":"https:\/\/api.w.org\/{rel}","templated":true}]}}