{"id":173694,"date":"2025-02-25T07:57:49","date_gmt":"2025-02-25T07:57:49","guid":{"rendered":"https:\/\/nexgendecors.com\/en\/product\/hotel-luxury-organic-bamboo-pillowcase-envelope-closure-bamboo-pillow-case-pillow-protector-cover-for-bed-pillow\/"},"modified":"2025-04-06T10:26:40","modified_gmt":"2025-04-06T10:26:40","slug":"hotel-luxury-organic-bamboo-pillowcase-envelope-closure-bamboo-pillow-case-pillow-protector-cover-for-bed-pillow","status":"publish","type":"product","link":"https:\/\/nexgendecors.com\/fr\/product\/hotel-luxury-organic-bamboo-pillowcase-envelope-closure-bamboo-pillow-case-pillow-protector-cover-for-bed-pillow\/","title":{"rendered":"Taie d&#039;oreiller en bambou biologique de luxe pour h\u00f4tel, fermeture \u00e0 enveloppe, housse de protection pour oreiller de lit"},"content":{"rendered":"<ul>\n<li><strong>lieu d&#039;origine : <\/strong> Zhejiang, Chine<\/li>\n<li><strong>nom de marque : <\/strong> SHANDE<\/li>\n<li><strong>num\u00e9ro de mod\u00e8le : <\/strong> ZT-01<\/li>\n<li><strong>fonctionnalit\u00e9 : <\/strong> Antistatique, anti-acariens, musical, r\u00e9sistant aux taches<\/li>\n<li><strong>techniques : <\/strong> tiss\u00e9<\/li>\n<li><strong>mod\u00e8le : <\/strong> Solide<\/li>\n<li><strong>utiliser : <\/strong> H\u00f4tel, Maison, H\u00f4pital<\/li>\n<li><strong>est_personnalis\u00e9 : <\/strong> Oui<\/li>\n<li><strong>degr\u00e9 de solidit\u00e9 des couleurs : <\/strong> Normes nationales<\/li>\n<li><strong>mat\u00e9riel : <\/strong> BAMBOO<\/li>\n<li><strong>Nom du produit : <\/strong> Bamboo pillowcase<\/li>\n<li><strong>Mat\u00e9riel : <\/strong> Bamboo<\/li>\n<li><strong>Logo : <\/strong> Custom Logo Accepted<\/li>\n<li><strong>Taille : <\/strong> Custom Size<\/li>\n<li><strong>Couleur : <\/strong> Multicolore<\/li>\n<li><strong>Utilisation : <\/strong> Accueil<\/li>\n<\/ul>","protected":false},"excerpt":{"rendered":"<p>lieu d'origine : Zhejiang, Chine marque : SHANDE num\u00e9ro de mod\u00e8le : ZT-01 caract\u00e9ristiques : antistatique, anti-acariens,<\/p>","protected":false},"featured_media":173693,"comment_status":"open","ping_status":"closed","template":"","meta":[],"product_brand":[],"product_cat":[30926,30951,30954],"product_tag":[],"class_list":{"0":"post-173694","1":"product","2":"type-product","3":"status-publish","4":"has-post-thumbnail","6":"product_cat-bedding","7":"product_cat-hotel-bedding","8":"product_cat-hotel-pillows-and-covers","10":"first","11":"instock","12":"taxable","13":"shipping-taxable","14":"purchasable","15":"product-type-variable"},"_links":{"self":[{"href":"https:\/\/nexgendecors.com\/fr\/wp-json\/wp\/v2\/product\/173694","targetHints":{"allow":["GET"]}}],"collection":[{"href":"https:\/\/nexgendecors.com\/fr\/wp-json\/wp\/v2\/product"}],"about":[{"href":"https:\/\/nexgendecors.com\/fr\/wp-json\/wp\/v2\/types\/product"}],"replies":[{"embeddable":true,"href":"https:\/\/nexgendecors.com\/fr\/wp-json\/wp\/v2\/comments?post=173694"}],"version-history":[{"count":0,"href":"https:\/\/nexgendecors.com\/fr\/wp-json\/wp\/v2\/product\/173694\/revisions"}],"wp:featuredmedia":[{"embeddable":true,"href":"https:\/\/nexgendecors.com\/fr\/wp-json\/wp\/v2\/media\/173693"}],"wp:attachment":[{"href":"https:\/\/nexgendecors.com\/fr\/wp-json\/wp\/v2\/media?parent=173694"}],"wp:term":[{"taxonomy":"product_brand","embeddable":true,"href":"https:\/\/nexgendecors.com\/fr\/wp-json\/wp\/v2\/product_brand?post=173694"},{"taxonomy":"product_cat","embeddable":true,"href":"https:\/\/nexgendecors.com\/fr\/wp-json\/wp\/v2\/product_cat?post=173694"},{"taxonomy":"product_tag","embeddable":true,"href":"https:\/\/nexgendecors.com\/fr\/wp-json\/wp\/v2\/product_tag?post=173694"}],"curies":[{"name":"wp","href":"https:\/\/api.w.org\/{rel}","templated":true}]}}