{"id":173824,"date":"2025-02-25T08:00:20","date_gmt":"2025-02-25T08:00:20","guid":{"rendered":"https:\/\/nexgendecors.com\/en\/product\/luxury-silk-satin-hotel-bedding-sets-queen-size-6-piece-pillow-case-set-bed-sheet-duvet-cover-bedding-set\/"},"modified":"2025-02-25T08:02:02","modified_gmt":"2025-02-25T08:02:02","slug":"luxury-silk-satin-hotel-bedding-sets-queen-size-6-piece-pillow-case-set-bed-sheet-duvet-cover-bedding-set","status":"publish","type":"product","link":"https:\/\/nexgendecors.com\/fr\/product\/luxury-silk-satin-hotel-bedding-sets-queen-size-6-piece-pillow-case-set-bed-sheet-duvet-cover-bedding-set\/","title":{"rendered":"Parure de lit de luxe en satin de soie pour h\u00f4tel, taille Queen, 6 pi\u00e8ces, avec taie d&#039;oreiller, drap, housse de couette et taie d&#039;oreiller"},"content":{"rendered":"<ul>\n<li><strong>lieu d&#039;origine : <\/strong> Zhejiang, Chine<\/li>\n<li><strong>nom de marque : <\/strong> SHANDE<\/li>\n<li><strong>num\u00e9ro de mod\u00e8le : <\/strong> SD-57<\/li>\n<li><strong>mat\u00e9riel : <\/strong> Silk \/ Linen<\/li>\n<li><strong>fonctionnalit\u00e9 : <\/strong> Anti-static<\/li>\n<li><strong>techniques : <\/strong> tiss\u00e9<\/li>\n<li><strong>style : <\/strong> Europe<\/li>\n<li><strong>quantit\u00e9 : <\/strong> 6 PCS<\/li>\n<li><strong>Remplissage : <\/strong> NON<\/li>\n<li><strong>mod\u00e8le : <\/strong> Solide<\/li>\n<li><strong>application : <\/strong> Hotel, Home, Wedding<\/li>\n<li><strong>est_personnalis\u00e9 : <\/strong> Oui<\/li>\n<li><strong>densit\u00e9 du tissu : <\/strong> 128&#215;70<\/li>\n<li><strong>nombre de tissus : <\/strong> 20<\/li>\n<li><strong>degr\u00e9 de solidit\u00e9 des couleurs : <\/strong> Normes nationales<\/li>\n<li><strong>poids : <\/strong> 1-1.5 Kg<\/li>\n<li><strong>Nom du produit : <\/strong> Silk satin duvet cover set<\/li>\n<li><strong>Mat\u00e9riel : <\/strong> polyester sati<\/li>\n<li><strong>Taille : <\/strong> personnalis\u00e9<\/li>\n<li><strong>couleur : <\/strong> de nombreuses couleurs peuvent \u00eatre disponibles<\/li>\n<li><strong>Avantage : <\/strong> Silky Smooth<\/li>\n<li><strong>\u00e9chantillon : <\/strong> disponible<\/li>\n<\/ul>","protected":false},"excerpt":{"rendered":"<p>lieu d&#039;origine : Zhejiang, Chine nom de marque : SHANDE num\u00e9ro de mod\u00e8le : SD-57 mat\u00e9riau : Soie \/ Lin caract\u00e9ristique<\/p>","protected":false},"featured_media":173822,"comment_status":"open","ping_status":"closed","template":"","meta":[],"product_brand":[],"product_cat":[30926,30951,30952,30953],"product_tag":[],"class_list":{"0":"post-173824","1":"product","2":"type-product","3":"status-publish","4":"has-post-thumbnail","6":"product_cat-bedding","7":"product_cat-hotel-bedding","8":"product_cat-hotel-blanket-cover","9":"product_cat-hotel-sheet-linen","11":"first","12":"instock","13":"taxable","14":"shipping-taxable","15":"purchasable","16":"product-type-variable"},"_links":{"self":[{"href":"https:\/\/nexgendecors.com\/fr\/wp-json\/wp\/v2\/product\/173824","targetHints":{"allow":["GET"]}}],"collection":[{"href":"https:\/\/nexgendecors.com\/fr\/wp-json\/wp\/v2\/product"}],"about":[{"href":"https:\/\/nexgendecors.com\/fr\/wp-json\/wp\/v2\/types\/product"}],"replies":[{"embeddable":true,"href":"https:\/\/nexgendecors.com\/fr\/wp-json\/wp\/v2\/comments?post=173824"}],"version-history":[{"count":0,"href":"https:\/\/nexgendecors.com\/fr\/wp-json\/wp\/v2\/product\/173824\/revisions"}],"wp:featuredmedia":[{"embeddable":true,"href":"https:\/\/nexgendecors.com\/fr\/wp-json\/wp\/v2\/media\/173822"}],"wp:attachment":[{"href":"https:\/\/nexgendecors.com\/fr\/wp-json\/wp\/v2\/media?parent=173824"}],"wp:term":[{"taxonomy":"product_brand","embeddable":true,"href":"https:\/\/nexgendecors.com\/fr\/wp-json\/wp\/v2\/product_brand?post=173824"},{"taxonomy":"product_cat","embeddable":true,"href":"https:\/\/nexgendecors.com\/fr\/wp-json\/wp\/v2\/product_cat?post=173824"},{"taxonomy":"product_tag","embeddable":true,"href":"https:\/\/nexgendecors.com\/fr\/wp-json\/wp\/v2\/product_tag?post=173824"}],"curies":[{"name":"wp","href":"https:\/\/api.w.org\/{rel}","templated":true}]}}