{"id":17387,"date":"2025-01-13T14:22:58","date_gmt":"2025-01-13T14:22:58","guid":{"rendered":"https:\/\/nexgendecors.com\/product\/yanasuo-pmma-artificial-stone-bathtub-home-independent-integrated-bathtub-double-net-celebrity-hotel-oval-bathtub\/"},"modified":"2025-04-06T07:40:25","modified_gmt":"2025-04-06T07:40:25","slug":"yanasuo-pmma-artificial-stone-bathtub-home-independent-integrated-bathtub-double-net-celebrity-hotel-oval-bathtub","status":"publish","type":"product","link":"https:\/\/nexgendecors.com\/fr\/product\/yanasuo-pmma-artificial-stone-bathtub-home-independent-integrated-bathtub-double-net-celebrity-hotel-oval-bathtub\/","title":{"rendered":"Baignoire ovale int\u00e9gr\u00e9e de luxe Yanasuo en PMMA"},"content":{"rendered":"<ul>\n<li>\n<strong>marque<\/strong>:YANASO\/Yanaso (mat\u00e9riau principal de la d\u00e9coration de la maison)<\/li>\n<li>\n<strong>mod\u00e8le<\/strong>:YNS-8628 thin edge<\/li>\n<li>\n<strong>forme<\/strong>:D\u00e9tach\u00e9<\/li>\n<li>\n<strong>Origine<\/strong>:Chine continentale<\/li>\n<li>\n<strong>province<\/strong>:Province du Guangdong<\/li>\n<li>\n<strong>ville<\/strong>:Jiangmen<\/li>\n<li>\n<strong>Est-ce qu&#039;il contient un robinet ?<\/strong>:Non inclus<\/li>\n<li>\n<strong>longueur<\/strong>:1,3m 1,4m 1,5m 1,6m 1,7m 1,8m<\/li>\n<li>\n<strong>Mat\u00e9riel<\/strong>:Mat\u00e9riau polym\u00e8re PMMA<\/li>\n<li>\n<strong>Y a-t-il des mains courantes ?<\/strong>:Non<\/li>\n<li>\n<strong>capacit\u00e9<\/strong>:100L<\/li>\n<li>\n<strong>Service en ville<\/strong>:Livraison porte-\u00e0-porte logistique intra-urbaine<\/li>\n<li>\n<strong>trier par couleur<\/strong>:Standard artificial stone [thin edge] matte white + drainage accessories standard artificial stone [thin edge] glossy white + drainage accessories standard artificial stone [thin edge] black outside and white inside + drainage accessories standard artificial stone [thin edge] pink + drainage accessories standard artificial stone [thin edge] milk coffee color + drainage accessories standard artificial stone [thin edge] twilight purple + drainage accessories standard artificial stone [thin edge] light gray green + drainage accessories standard artificial stone [thin edge] Klein blue + drainage accessories standard artificial stone [thin edge] funny blue + drainage accessories standard artificial stone [thin edge] gray + drainage accessories standard artificial stone [thin edge] black + drainage accessories standard artificial stone [thin edge] matte white + drainage accessories standard artificial stone [thick edge] glossy white + drainage accessories standard artificial stone [thick edge] black outside and white inside + drainage accessories standard artificial stone [thick edge] pink + drainage Accessories standard artificial stone [thick edge] milk coffee color + drainage accessories standard artificial stone [thick edge] red + drainage accessories standard artificial stone [thick edge] orange + drainage accessories standard artificial stone [thick edge] dark green + drainage accessories standard artificial stone [thick edge] twilight purple + drainage accessories standard artificial stone [thick edge] light gray green + drainage accessories standard artificial stone [thick edge] Klein blue + drainage accessories standard artificial stone [thick edge] funny blue + drainage accessories standard artificial stone [thick edge] gray + drainage accessories standard artificial stone [thick edge] black + drainage accessories PMMA artificial stone &#8211; [thin edge] matte white + drainage accessories PMMA artificial stone &#8211; [thick edge] glossy white + drainage accessories color customization<\/li>\n<li>\n<strong><\/strong>:<\/li>\n<\/ul>\n<p><img><\/p>","protected":false},"excerpt":{"rendered":"<p>Marque : YANASO\/Yanaso (mat\u00e9riau principal de d\u00e9coration int\u00e9rieure) Mod\u00e8le : YNS-8628 Forme du bord fin : D\u00e9tach\u00e9 Origine : Chine continentale Province : Province du Guangdong Ville : Jiangmen Contient-il un robinet ? : Non inclus<\/p>","protected":false},"featured_media":18945,"comment_status":"open","ping_status":"closed","template":"","meta":[],"product_brand":[],"product_cat":[30971,869],"product_tag":[],"class_list":{"0":"post-17387","1":"product","2":"type-product","3":"status-publish","4":"has-post-thumbnail","6":"product_cat-hp","7":"product_cat-wholesale-bathtub","9":"first","10":"instock","11":"taxable","12":"shipping-taxable","13":"purchasable","14":"product-type-variable"},"_links":{"self":[{"href":"https:\/\/nexgendecors.com\/fr\/wp-json\/wp\/v2\/product\/17387","targetHints":{"allow":["GET"]}}],"collection":[{"href":"https:\/\/nexgendecors.com\/fr\/wp-json\/wp\/v2\/product"}],"about":[{"href":"https:\/\/nexgendecors.com\/fr\/wp-json\/wp\/v2\/types\/product"}],"replies":[{"embeddable":true,"href":"https:\/\/nexgendecors.com\/fr\/wp-json\/wp\/v2\/comments?post=17387"}],"version-history":[{"count":0,"href":"https:\/\/nexgendecors.com\/fr\/wp-json\/wp\/v2\/product\/17387\/revisions"}],"wp:featuredmedia":[{"embeddable":true,"href":"https:\/\/nexgendecors.com\/fr\/wp-json\/wp\/v2\/media\/18945"}],"wp:attachment":[{"href":"https:\/\/nexgendecors.com\/fr\/wp-json\/wp\/v2\/media?parent=17387"}],"wp:term":[{"taxonomy":"product_brand","embeddable":true,"href":"https:\/\/nexgendecors.com\/fr\/wp-json\/wp\/v2\/product_brand?post=17387"},{"taxonomy":"product_cat","embeddable":true,"href":"https:\/\/nexgendecors.com\/fr\/wp-json\/wp\/v2\/product_cat?post=17387"},{"taxonomy":"product_tag","embeddable":true,"href":"https:\/\/nexgendecors.com\/fr\/wp-json\/wp\/v2\/product_tag?post=17387"}],"curies":[{"name":"wp","href":"https:\/\/api.w.org\/{rel}","templated":true}]}}